{"id":31883,"date":"2019-11-11T16:36:42","date_gmt":"2019-11-11T14:36:42","guid":{"rendered":"https:\/\/m50.lv\/piegade-atgriesana\/"},"modified":"2023-12-25T12:29:46","modified_gmt":"2023-12-25T10:29:46","slug":"piegade-atgriesana","status":"publish","type":"page","link":"https:\/\/m50.lv\/lv\/piegade-atgriesana\/","title":{"rendered":"Pieg\u0101de un atgrie\u0161ana"},"content":{"rendered":"\t\t<div data-elementor-type=\"wp-page\" data-elementor-id=\"31883\" class=\"elementor elementor-31883 elementor-20227\" data-elementor-post-type=\"page\">\n\t\t\t\t<div class=\"elementor-element elementor-element-4009e07 e-flex e-con-boxed e-con e-parent\" data-id=\"4009e07\" data-element_type=\"container\" data-e-type=\"container\">\n\t\t\t\t\t<div class=\"e-con-inner\">\n\t\t<div class=\"elementor-element elementor-element-93e437a e-con-full e-flex e-con e-child\" data-id=\"93e437a\" data-element_type=\"container\" data-e-type=\"container\">\n\t\t\t\t<div class=\"elementor-element elementor-element-7df5872 elementor-widget elementor-widget-heading\" data-id=\"7df5872\" data-element_type=\"widget\" data-e-type=\"widget\" data-widget_type=\"heading.default\">\n\t\t\t\t\t<h2 class=\"elementor-heading-title elementor-size-default\">Pieg\u0101de un atgrie\u0161ana<\/h2>\t\t\t\t<\/div>\n\t\t\t\t<div class=\"elementor-element elementor-element-ee6e1b0 elementor-widget elementor-widget-text-editor\" data-id=\"ee6e1b0\" data-element_type=\"widget\" data-e-type=\"widget\" data-widget_type=\"text-editor.default\">\n\t\t\t\t\t\t\t\t\t<h4><strong>Bezmaksas sa\u0146em\u0161ana m\u016bsu veikal\u0101<\/strong><\/h4>\n<p>Pirc\u0113ji R\u012bg\u0101 var sa\u0146emt preces m\u016bsu veikal\u0101 M50, Miera iel\u0101 17, R\u012bg\u0101.<\/p>\n<h4> <\/h4>\n<h4><strong>Omniva un DPD pakom\u0101ti<\/strong><\/h4>\n<p>Klientiem tikai <span style=\"text-decoration: underline;\">Baltijas valst\u012b<\/span>s (Latvija, Igaunija, Lietuva) J\u016bs varat izv\u0113l\u0113ties sa\u0146emt pas\u016bt\u012bjumu Omniva vai DPD pakom\u0101tos. Pas\u016bt\u012bjumi tiek izs\u016bt\u012bti 1 darba dienas laik\u0101 un pieg\u0101de aiz\u0146em 1-4 darba dienas. Pieg\u0101des cena var b\u016bt liel\u0101ka trausliem priek\u0161metiem, piem\u0113ram keramikai.<\/p>\n<p>Omniva pakom\u0101tu saraksts &#8211; <a href=\"https:\/\/www.omniva.lv\/privats\/adreses\" target=\"_blank\" rel=\"noopener noreferrer\">www.omniva.lv\/privats\/adreses<\/a><\/p>\n<h4> <\/h4>\n<h4><strong>Starptautiski s\u016bt\u012bjumi <\/strong><\/h4>\n<p>M\u0113s s\u016btam uz visu pasauli ar <em>Latvijas Pasta<\/em> stapniec\u012bbu, pieg\u0101des maksa tiek apr\u0113\u0137in\u0101ta adres\u0101ta valstij noform\u0113jot pirkumu. Ja j\u016bsu valsts nav pieejama, sazinieties ar mums un m\u0113s preciz\u0113sim pieg\u0101des izmaksas. You may have to pay local import duties upon receipt of your order outside EU.<\/p>\n<p><strong>Estimated delivery times:<\/strong><\/p>\n<p>Latvia: 2-6 business days.<br \/>Europe: 7-21 business days.<br \/>Rest of the world: 7-30 business days.<\/p>\n<h4><strong>Free Shipping<\/strong><\/h4>\n<p>We offer free shipping on orders over \u20ac250 internationally.<\/p>\n<h4><strong>Please Note<\/strong><\/h4>\n<p>We work to ensure a pleasant shopping experience and safe shipping service to our customers. Due to external force majeure factors deliveries can be delayed. However we will inform about estimated delivery time and keep in touch about any possible changes.<\/p>\n<p>The delivery times mentioned here are only estimates, and depends on the shipping location. Delivery times are counted from they day your order has been processed. We cannot guarantee delivery within the estimate time, and we are not responsible for any delays. We aim to process your order within present day if possible or the next working day, but during busy times order processing might take longer. Working days do not include the weekends (Sat and Sun) or any national holidays.<\/p>\n<p>We can arrange an express delivery of 4-6 working days at an additional cost.<\/p>\n<p>If you have questions about shipping, please contact us at info@m50.lv<\/p>\n<h4><strong>Returns<\/strong><\/h4>\n<p>If for any reason you would like to return an item, this can be done by returning the unused item in original condition to us within 30 days of the original sale. All returned items must be unworn in their original condition and packaging, with all tags attached.<\/p>\n<p>M50 return adress is:<\/p>\n<p>Miera iela 17 \/ M50 Store<br \/>Riga<br \/>LV1001<br \/>Latvia<\/p>\n<p>All prices are in EURO incl. VAT. If paying with a non-EU credit or debit card, please check with your card issuer for conversion rates and any charges they may levy on foreign currency transactions.<\/p>\n\t\t\t\t\t\t\t\t<\/div>\n\t\t\t\t<\/div>\n\t\t\t\t\t<\/div>\n\t\t\t\t<\/div>\n\t\t\t\t<\/div>\n\t\t","protected":false},"excerpt":{"rendered":"<p>Pieg\u0101de un atgrie\u0161ana Bezmaksas sa\u0146em\u0161ana m\u016bsu veikal\u0101 Pirc\u0113ji R\u012bg\u0101 var sa\u0146emt preces m\u016bsu veikal\u0101 M50, Miera iel\u0101 17, R\u012bg\u0101. Omniva un DPD pakom\u0101ti Klientiem tikai Baltijas valst\u012bs (Latvija, Igaunija, Lietuva) J\u016bs varat izv\u0113l\u0113ties sa\u0146emt pas\u016bt\u012bjumu Omniva vai DPD pakom\u0101tos. Pas\u016bt\u012bjumi tiek izs\u016bt\u012bti 1 darba dienas laik\u0101 un pieg\u0101de aiz\u0146em 1-4 darba dienas. Pieg\u0101des cena var [&hellip;]<\/p>\n","protected":false},"author":2,"featured_media":0,"parent":0,"menu_order":0,"comment_status":"closed","ping_status":"closed","template":"","meta":{"_jet_sm_ready_style":"","_jet_sm_style":"","_jet_sm_controls_values":"","_jet_sm_fonts_collection":"","_jet_sm_fonts_links":"","footnotes":""},"class_list":["post-31883","page","type-page","status-publish","hentry"],"_links":{"self":[{"href":"https:\/\/m50.lv\/lv\/wp-json\/wp\/v2\/pages\/31883","targetHints":{"allow":["GET"]}}],"collection":[{"href":"https:\/\/m50.lv\/lv\/wp-json\/wp\/v2\/pages"}],"about":[{"href":"https:\/\/m50.lv\/lv\/wp-json\/wp\/v2\/types\/page"}],"author":[{"embeddable":true,"href":"https:\/\/m50.lv\/lv\/wp-json\/wp\/v2\/users\/2"}],"replies":[{"embeddable":true,"href":"https:\/\/m50.lv\/lv\/wp-json\/wp\/v2\/comments?post=31883"}],"version-history":[{"count":0,"href":"https:\/\/m50.lv\/lv\/wp-json\/wp\/v2\/pages\/31883\/revisions"}],"wp:attachment":[{"href":"https:\/\/m50.lv\/lv\/wp-json\/wp\/v2\/media?parent=31883"}],"curies":[{"name":"wp","href":"https:\/\/api.w.org\/{rel}","templated":true}]}}