{"id":69889,"date":"2016-08-23T04:15:21","date_gmt":"2016-08-23T04:15:21","guid":{"rendered":"https:\/\/m50.lv\/stasts\/"},"modified":"2023-01-24T22:23:26","modified_gmt":"2023-01-24T19:23:26","slug":"about-us","status":"publish","type":"page","link":"https:\/\/m50.lv\/lv\/about-us\/","title":{"rendered":"Par mums"},"content":{"rendered":"\t\t<div data-elementor-type=\"wp-page\" data-elementor-id=\"69889\" class=\"elementor elementor-69889 elementor-2486\" data-elementor-post-type=\"page\">\n\t\t\t\t<div class=\"elementor-element elementor-element-6f63919 e-flex e-con-boxed e-con e-parent\" data-id=\"6f63919\" data-element_type=\"container\" data-e-type=\"container\">\n\t\t\t\t\t<div class=\"e-con-inner\">\n\t\t<div class=\"elementor-element elementor-element-e36e9d8 e-con-full e-flex e-con e-child\" data-id=\"e36e9d8\" data-element_type=\"container\" data-e-type=\"container\">\n\t\t\t\t<div class=\"elementor-element elementor-element-43d440e elementor-widget elementor-widget-heading\" data-id=\"43d440e\" data-element_type=\"widget\" data-e-type=\"widget\" data-widget_type=\"heading.default\">\n\t\t\t\t\t<h2 class=\"elementor-heading-title elementor-size-default\">Par mums<\/h2>\t\t\t\t<\/div>\n\t\t\t\t<div class=\"elementor-element elementor-element-7e52e22 elementor-widget elementor-widget-image\" data-id=\"7e52e22\" data-element_type=\"widget\" data-e-type=\"widget\" data-widget_type=\"image.default\">\n\t\t\t\t\t\t\t\t\t\t\t\t\t\t\t<img decoding=\"async\" src=\"https:\/\/m50.lv\/wp-content\/uploads\/2022\/03\/m50-veikals-riga-1536x1024.jpg\" title=\"m50-veikals-riga\" alt=\"M50\" loading=\"lazy\" \/>\t\t\t\t\t\t\t\t\t\t\t\t\t\t\t<\/div>\n\t\t\t\t<div class=\"elementor-element elementor-element-d3518e7 elementor-widget elementor-widget-text-editor\" data-id=\"d3518e7\" data-element_type=\"widget\" data-e-type=\"widget\" data-widget_type=\"text-editor.default\">\n\t\t\t\t\t\t\t\t\t<p><span style=\"font-weight: 400;\">M50 ir latvie\u0161u modes un dizaina veikals, kas jau 10 gadus ver durvis saviem apmekl\u0113t\u0101jiem uz rado\u0161\u0101 noska\u0146\u0101 dzirksto\u0161\u0101s Miera ielas. <\/span><\/p>\n\t\t\t\t\t\t\t\t<\/div>\n\t\t\t\t<div class=\"elementor-element elementor-element-2c26300 elementor-widget elementor-widget-text-editor\" data-id=\"2c26300\" data-element_type=\"widget\" data-e-type=\"widget\" data-widget_type=\"text-editor.default\">\n\t\t\t\t\t\t\t\t\t<p><span style=\"font-weight: 400;\">Iemantojis savu nosaukumu no veikala s\u0101kotn\u0113j\u0101s adreses, ar\u012b p\u0101rce\u013coties uz pla\u0161\u0101k\u0101m telp\u0101m Miera iel\u0101 17, tas ir saglab\u0101jis savu v\u0101rdu, kas gadu gait\u0101 jau nostiprin\u0101jies par atz\u012btu z\u012bmolu un kvalit\u0101tes mar\u0137\u0113jumu. M50 veikala pied\u0101v\u0101jum\u0101 atrodami vair\u0101k k\u0101 100 Latvijas dizaineru un m\u0101kslinieku ap\u0123\u0113rbi, rotas, dizaina priek\u0161meti, keramika, gr\u0101matas un interesantas d\u0101vanas. <\/span><\/p>\n\t\t\t\t\t\t\t\t<\/div>\n\t\t\t\t<div class=\"elementor-element elementor-element-5cf86a0 elementor-widget elementor-widget-text-editor\" data-id=\"5cf86a0\" data-element_type=\"widget\" data-e-type=\"widget\" data-widget_type=\"text-editor.default\">\n\t\t\t\t\t\t\t\t\t<p><span style=\"font-weight: 400;\">Da\u013cu no pla\u0161\u0101 veikala kl\u0101sta ir iesp\u0113jams apskat\u012bt un ieg\u0101d\u0101ties ar\u012b \u0161eit \u2013 e-veikal\u0101 M50.lv, kur regul\u0101ri tiek pied\u0101v\u0101ti jauni t-kreklu un d\u017eemperu dizaini, da\u017e\u0101du m\u0101kslinieku darin\u0101jumi, un ar\u012b pasaul\u0113 atz\u012btu z\u012bmolu lietus jakas un \u016bdens pudeles. <\/span><\/p>\n\t\t\t\t\t\t\t\t<\/div>\n\t\t\t\t<div class=\"elementor-element elementor-element-1d3d0ea elementor-widget elementor-widget-text-editor\" data-id=\"1d3d0ea\" data-element_type=\"widget\" data-e-type=\"widget\" data-widget_type=\"text-editor.default\">\n\t\t\t\t\t\t\t\t\t<p><span style=\"font-weight: 400;\">P\u0113d\u0113jos gados esam strauji papla\u0161in\u0101ju\u0161i e-veikala kl\u0101stu, piesl\u0113gu\u0161i \u0113rtus nor\u0113\u0137inu veidus, un nodro\u0161in\u0101m iesp\u0113ju sa\u0146emt s\u016bt\u012bjumus vis\u0101 pasaul\u0113! <\/span><\/p>\n\t\t\t\t\t\t\t\t<\/div>\n\t\t\t\t<\/div>\n\t\t\t\t\t<\/div>\n\t\t\t\t<\/div>\n\t\t\t\t<\/div>\n\t\t","protected":false},"excerpt":{"rendered":"<p>Par mums M50 ir latvie\u0161u modes un dizaina veikals, kas jau 10 gadus ver durvis saviem apmekl\u0113t\u0101jiem uz rado\u0161\u0101 noska\u0146\u0101 dzirksto\u0161\u0101s Miera ielas. Iemantojis savu nosaukumu no veikala s\u0101kotn\u0113j\u0101s adreses, ar\u012b p\u0101rce\u013coties uz pla\u0161\u0101k\u0101m telp\u0101m Miera iel\u0101 17, tas ir saglab\u0101jis savu v\u0101rdu, kas gadu gait\u0101 jau nostiprin\u0101jies par atz\u012btu z\u012bmolu un kvalit\u0101tes mar\u0137\u0113jumu. M50 [&hellip;]<\/p>\n","protected":false},"author":1,"featured_media":0,"parent":0,"menu_order":0,"comment_status":"closed","ping_status":"closed","template":"elementor_header_footer","meta":{"_jet_sm_ready_style":"","_jet_sm_style":"","_jet_sm_controls_values":"","_jet_sm_fonts_collection":"","_jet_sm_fonts_links":"","footnotes":""},"class_list":["post-69889","page","type-page","status-publish","hentry"],"_links":{"self":[{"href":"https:\/\/m50.lv\/lv\/wp-json\/wp\/v2\/pages\/69889","targetHints":{"allow":["GET"]}}],"collection":[{"href":"https:\/\/m50.lv\/lv\/wp-json\/wp\/v2\/pages"}],"about":[{"href":"https:\/\/m50.lv\/lv\/wp-json\/wp\/v2\/types\/page"}],"author":[{"embeddable":true,"href":"https:\/\/m50.lv\/lv\/wp-json\/wp\/v2\/users\/1"}],"replies":[{"embeddable":true,"href":"https:\/\/m50.lv\/lv\/wp-json\/wp\/v2\/comments?post=69889"}],"version-history":[{"count":0,"href":"https:\/\/m50.lv\/lv\/wp-json\/wp\/v2\/pages\/69889\/revisions"}],"wp:attachment":[{"href":"https:\/\/m50.lv\/lv\/wp-json\/wp\/v2\/media?parent=69889"}],"curies":[{"name":"wp","href":"https:\/\/api.w.org\/{rel}","templated":true}]}}