{"id":103976,"date":"2021-04-14T08:57:16","date_gmt":"2021-04-14T06:57:16","guid":{"rendered":"https:\/\/m50.lv\/shop\/ieva-kampe-krumholca-plakats-spatifila\/"},"modified":"2021-12-18T17:03:58","modified_gmt":"2021-12-18T14:03:58","slug":"ieva-kampe-krumholca-plakats-spatifila","status":"publish","type":"product","link":"https:\/\/m50.lv\/lv\/product\/ieva-kampe-krumholca-plakats-spatifila\/","title":{"rendered":"Ieva Kampe-Krumholca Plak\u0101ts &#8220;Spatifila&#8221;"},"content":{"rendered":"<p style=\"text-align: left;\">Bot\u0101niskais plak\u0101ts, darin\u0101ts no latvie\u0161u m\u0101kslinieces Ievas Kampes-Krumholcas ori\u0123in\u0101ldarba \u2013 akvare\u013cu gleznas. Katrs plak\u0101ts tiek druk\u0101ts uz sk\u0101bi nesaturo\u0161a akvare\u013cu pap\u012bra ar vieglu audekla tekst\u016bru. Virs katra auga ir nor\u0101d\u012bts t\u0101 nosaukums lat\u012b\u0146u valod\u0101. R\u0101mis nav iek\u013cauts komplekt\u0101.<\/p>\n<p style=\"text-align: left;\">\u0160\u012b plak\u0101tu s\u0113rija s\u0101k\u0101s k\u0101 neliels projekts manas meitas istabas dekor\u0113\u0161anai, ta\u010du t\u0101 ir k\u013cuvusi par augsti nov\u0113rt\u0113tu elementu ikviena augu m\u012b\u013cot\u0101ja interjer\u0101. Katrs no \u0161\u012bs plak\u0101tu s\u0113rijas augiem ir no manas person\u012bg\u0101s augu kolekcijas vai d\u0101rza. Jaun\u0101kie plak\u0101ti daudzina zieme\u013cu dabu \u2013 \u0161ie neredzamie ce\u013cmalu augi var b\u016bt tikpat c\u0113li k\u0101 tropiskie istabas augi. Tos tikai vajag ieraudz\u012bt!<\/p>\n","protected":false},"excerpt":{"rendered":"<p style=\"text-align: center;\">Roku darbs;<br \/>\nMateri\u0101ls: Bezsk\u0101bes akvare\u013cu pap\u012brs, xerox druka;<br \/>\nAugtums: 42cm;<br \/>\nPlatums: 29,5cm;<br \/>\nPap\u012bra biezums 200g<\/p>\n","protected":false},"featured_media":103922,"template":"","meta":{"_jet_sm_ready_style":"","_jet_sm_style":"","_jet_sm_controls_values":"","_jet_sm_fonts_collection":"","_jet_sm_fonts_links":""},"pwb-brand":[1258],"product_cat":[193,780,108],"product_tag":[1396],"class_list":{"0":"post-103976","1":"product","2":"type-product","3":"status-publish","4":"has-post-thumbnail","6":"pwb-brand-ieva-kampe-krumholca-lv","7":"product_cat-davanas","8":"product_cat-dizains","9":"product_cat-maksla","10":"product_tag-zem20-lv","12":"first","13":"instock","14":"taxable","15":"shipping-taxable","16":"purchasable","17":"product-type-simple"},"raw_content":{"name":"Ieva Kampe-Krumholca Plak\u0101ts \"Spatifila\"","description":"<p style=\"text-align: left;\">Bot\u0101niskais plak\u0101ts, darin\u0101ts no latvie\u0161u m\u0101kslinieces Ievas Kampes-Krumholcas ori\u0123in\u0101ldarba \u2013 akvare\u013cu gleznas. Katrs plak\u0101ts tiek druk\u0101ts uz sk\u0101bi nesaturo\u0161a akvare\u013cu pap\u012bra ar vieglu audekla tekst\u016bru. Virs katra auga ir nor\u0101d\u012bts t\u0101 nosaukums lat\u012b\u0146u valod\u0101. R\u0101mis nav iek\u013cauts komplekt\u0101.<\/p>\r\n<p style=\"text-align: left;\">\u0160\u012b plak\u0101tu s\u0113rija s\u0101k\u0101s k\u0101 neliels projekts manas meitas istabas dekor\u0113\u0161anai, ta\u010du t\u0101 ir k\u013cuvusi par augsti nov\u0113rt\u0113tu elementu ikviena augu m\u012b\u013cot\u0101ja interjer\u0101. Katrs no \u0161\u012bs plak\u0101tu s\u0113rijas augiem ir no manas person\u012bg\u0101s augu kolekcijas vai d\u0101rza. Jaun\u0101kie plak\u0101ti daudzina zieme\u013cu dabu \u2013 \u0161ie neredzamie ce\u013cmalu augi var b\u016bt tikpat c\u0113li k\u0101 tropiskie istabas augi. Tos tikai vajag ieraudz\u012bt!<\/p>","short_description":"<p style=\"text-align: center;\">Roku darbs;\r\nMateri\u0101ls: Bezsk\u0101bes akvare\u013cu pap\u012brs, xerox druka;\r\nAugtums: 42cm;\r\nPlatums: 29,5cm;\r\nPap\u012bra biezums 200g<\/p>","status":"publish","sku":"IKK-spathiphyllum","original":103947},"wpml":{"translation_type":1,"has_translations":true,"original":103947,"duplicates":[],"translations":{"lv":103976,"en":103947}},"brands":[{"id":1258,"name":"Ieva Kampe-Krumholca","slug":"ieva-kampe-krumholca-lv"}],"_links":{"self":[{"href":"https:\/\/m50.lv\/lv\/wp-json\/wp\/v2\/product\/103976","targetHints":{"allow":["GET"]}}],"collection":[{"href":"https:\/\/m50.lv\/lv\/wp-json\/wp\/v2\/product"}],"about":[{"href":"https:\/\/m50.lv\/lv\/wp-json\/wp\/v2\/types\/product"}],"version-history":[{"count":0,"href":"https:\/\/m50.lv\/lv\/wp-json\/wp\/v2\/product\/103976\/revisions"}],"wp:featuredmedia":[{"embeddable":true,"href":"https:\/\/m50.lv\/lv\/wp-json\/wp\/v2\/media\/103922"}],"wp:attachment":[{"href":"https:\/\/m50.lv\/lv\/wp-json\/wp\/v2\/media?parent=103976"}],"wp:term":[{"taxonomy":"pwb-brand","embeddable":true,"href":"https:\/\/m50.lv\/lv\/wp-json\/wp\/v2\/pwb-brand?post=103976"},{"taxonomy":"product_cat","embeddable":true,"href":"https:\/\/m50.lv\/lv\/wp-json\/wp\/v2\/product_cat?post=103976"},{"taxonomy":"product_tag","embeddable":true,"href":"https:\/\/m50.lv\/lv\/wp-json\/wp\/v2\/product_tag?post=103976"}],"curies":[{"name":"wp","href":"https:\/\/api.w.org\/{rel}","templated":true}]}}