{"id":108723,"date":"2021-05-27T18:51:26","date_gmt":"2021-05-27T15:51:26","guid":{"rendered":"https:\/\/m50.lv\/shop\/24bottles-clima-pudele-arctic-white-500ml\/"},"modified":"2021-11-29T00:00:35","modified_gmt":"2021-11-28T21:00:35","slug":"24bottles-clima-pudele-arctic-white-500ml","status":"publish","type":"product","link":"https:\/\/m50.lv\/lv\/product\/24bottles-clima-pudele-arctic-white-500ml\/","title":{"rendered":"24Bottles Clima Pudele Arctic White 500ml"},"content":{"rendered":"<p style=\"text-align: left;\">24 Bottles Clima pudeles 500ml specifik\u0101cija:<\/p>\n<ul>\n<li style=\"text-align: left;\">diametrs: 7,3 cm, atv\u0113rums: 3,3cm, augstums 21 cm,<\/li>\n<li style=\"text-align: left;\">svars 274g<\/li>\n<li style=\"text-align: left;\">Nesatur BPA, ftal\u0101tus, toks\u012bnus<\/li>\n<li style=\"text-align: left;\">Piem\u0113rota sk\u0101biem un g\u0101z\u0113tiem dz\u0113rieniem<\/li>\n<li style=\"text-align: left;\">Uztur \u0161\u0137idrumu karstu 12 stundas, bet aukstu \u2013 24 stundas<\/li>\n<li style=\"text-align: left;\">Nesaglab\u0101 un neizdala arom\u0101tu<\/li>\n<li style=\"text-align: left;\">BPA nesaturo\u0161s v\u0101ci\u0146\u0161 ar \u0161\u0137idrumu necaurlaid\u012bgu silikona apdari<\/li>\n<li style=\"text-align: left;\">Atverama ar vienu griezienu<\/li>\n<li style=\"text-align: left;\">Plats atv\u0113rums ledus iepild\u012b\u0161anai un vieglai t\u012br\u012b\u0161anai<\/li>\n<li style=\"text-align: left;\">Nenosv\u012bst, nerada kondens\u0101tu<\/li>\n<li style=\"text-align: left;\">Atbilst lidostu dro\u0161\u012bbas nosac\u012bjumiem<\/li>\n<li style=\"text-align: left;\">Ieteicams mazg\u0101t ar rok\u0101m.<\/li>\n<\/ul>\n","protected":false},"excerpt":{"rendered":"<p style=\"text-align: center;\">Grubu\u013caina \u0101r\u0113j\u0101 apdare, \u012bpa\u0161i iztur\u012bga un \u0113rti satverama.<\/p>\n<p style=\"text-align: center;\">Clima tipa ner\u016bs\u0113jo\u0161\u0101 t\u0113rauda termoss ir ar dubulto sieni\u0146u, dz\u0113riena temperat\u016bras uztur\u0113\u0161anai.<\/p>\n","protected":false},"featured_media":108632,"template":"","meta":{"_jet_sm_ready_style":"","_jet_sm_style":"","_jet_sm_controls_values":"","_jet_sm_fonts_collection":"","_jet_sm_fonts_links":""},"pwb-brand":[1251],"product_cat":[202,708,193,105,103,238],"product_tag":[],"class_list":{"0":"post-108723","1":"product","2":"type-product","3":"status-publish","4":"has-post-thumbnail","6":"pwb-brand-24bottles-lv","7":"product_cat-24bottles-lv","8":"product_cat-clima","9":"product_cat-davanas","10":"product_cat-sievietem","11":"product_cat-viriesiem","12":"product_cat-zerowaste-lv","14":"first","15":"outofstock","16":"taxable","17":"shipping-taxable","18":"purchasable","19":"product-type-simple"},"raw_content":{"name":"24Bottles Clima Pudele Arctic White 500ml","description":"<p style=\"text-align: left;\">24 Bottles Clima pudeles 500ml specifik\u0101cija:<\/p>\r\n\r\n<ul>\r\n \t<li style=\"text-align: left;\">diametrs: 7,3 cm, atv\u0113rums: 3,3cm, augstums 21 cm,<\/li>\r\n \t<li style=\"text-align: left;\">svars 274g<\/li>\r\n \t<li style=\"text-align: left;\">Nesatur BPA, ftal\u0101tus, toks\u012bnus<\/li>\r\n \t<li style=\"text-align: left;\">Piem\u0113rota sk\u0101biem un g\u0101z\u0113tiem dz\u0113rieniem<\/li>\r\n \t<li style=\"text-align: left;\">Uztur \u0161\u0137idrumu karstu 12 stundas, bet aukstu \u2013 24 stundas<\/li>\r\n \t<li style=\"text-align: left;\">Nesaglab\u0101 un neizdala arom\u0101tu<\/li>\r\n \t<li style=\"text-align: left;\">BPA nesaturo\u0161s v\u0101ci\u0146\u0161 ar \u0161\u0137idrumu necaurlaid\u012bgu silikona apdari<\/li>\r\n \t<li style=\"text-align: left;\">Atverama ar vienu griezienu<\/li>\r\n \t<li style=\"text-align: left;\">Plats atv\u0113rums ledus iepild\u012b\u0161anai un vieglai t\u012br\u012b\u0161anai<\/li>\r\n \t<li style=\"text-align: left;\">Nenosv\u012bst, nerada kondens\u0101tu<\/li>\r\n \t<li style=\"text-align: left;\">Atbilst lidostu dro\u0161\u012bbas nosac\u012bjumiem<\/li>\r\n \t<li style=\"text-align: left;\">Ieteicams mazg\u0101t ar rok\u0101m.<\/li>\r\n<\/ul>","short_description":"<p style=\"text-align: center;\">Grubu\u013caina \u0101r\u0113j\u0101 apdare, \u012bpa\u0161i iztur\u012bga un \u0113rti satverama.<\/p>\r\n<p style=\"text-align: center;\">Clima tipa ner\u016bs\u0113jo\u0161\u0101 t\u0113rauda termoss ir ar dubulto sieni\u0146u, dz\u0113riena temperat\u016bras uztur\u0113\u0161anai.<\/p>","status":"publish","sku":"clima-500-white","original":108707},"wpml":{"translation_type":1,"has_translations":true,"original":108707,"duplicates":[],"translations":{"lv":108723,"en":108707}},"brands":[{"id":1251,"name":"24Bottles","slug":"24bottles-lv"}],"_links":{"self":[{"href":"https:\/\/m50.lv\/lv\/wp-json\/wp\/v2\/product\/108723","targetHints":{"allow":["GET"]}}],"collection":[{"href":"https:\/\/m50.lv\/lv\/wp-json\/wp\/v2\/product"}],"about":[{"href":"https:\/\/m50.lv\/lv\/wp-json\/wp\/v2\/types\/product"}],"version-history":[{"count":0,"href":"https:\/\/m50.lv\/lv\/wp-json\/wp\/v2\/product\/108723\/revisions"}],"wp:featuredmedia":[{"embeddable":true,"href":"https:\/\/m50.lv\/lv\/wp-json\/wp\/v2\/media\/108632"}],"wp:attachment":[{"href":"https:\/\/m50.lv\/lv\/wp-json\/wp\/v2\/media?parent=108723"}],"wp:term":[{"taxonomy":"pwb-brand","embeddable":true,"href":"https:\/\/m50.lv\/lv\/wp-json\/wp\/v2\/pwb-brand?post=108723"},{"taxonomy":"product_cat","embeddable":true,"href":"https:\/\/m50.lv\/lv\/wp-json\/wp\/v2\/product_cat?post=108723"},{"taxonomy":"product_tag","embeddable":true,"href":"https:\/\/m50.lv\/lv\/wp-json\/wp\/v2\/product_tag?post=108723"}],"curies":[{"name":"wp","href":"https:\/\/api.w.org\/{rel}","templated":true}]}}