{"id":110057,"date":"2021-06-11T10:56:57","date_gmt":"2021-06-11T08:56:57","guid":{"rendered":"https:\/\/m50.lv\/shop\/m50-baikersorti-tumsi-zili\/"},"modified":"2025-09-29T01:48:57","modified_gmt":"2025-09-28T23:48:57","slug":"m50-baikersorti-tumsi-zili","status":"publish","type":"product","link":"https:\/\/m50.lv\/lv\/product\/m50-baikersorti-tumsi-zili\/","title":{"rendered":"M50 BAIKER\u0161orti Tum\u0161i zili"},"content":{"rendered":"<p style=\"text-align: left;\">Organisk\u0101s kokvilnas \/ elast\u0101na auduma \u0161orti ar augstu vidukli. Augumam perfekti piegulo\u0161i, ar t\u0101da pa\u0161a auduma 4cm platu jostas da\u013cu.<\/p>\n<p style=\"text-align: left;\">Maigi un pat\u012bkami &#8211; sast\u0101vs 96% organisk\u0101 kokvilna, 4% elast\u0101ns. Kombin\u0113 ar T kreklu vai velc zem plando\u0161\u0101s kleiti\u0146as, ar \u017eaket\u012bti vai h\u016bdiju &#8211; \u0161ajos \u0161orti\u0146os izskat\u012bsies p\u0101rliecino\u0161i un efekt\u012bgi!<\/p>\n","protected":false},"excerpt":{"rendered":"<p style=\"text-align: center;\">Sezonas aktualit\u0101te \u0113rt\u012bbai un stilam.<\/p>\n","protected":false},"featured_media":110040,"template":"","meta":{"_jet_sm_ready_style":"","_jet_sm_style":"","_jet_sm_controls_values":"","_jet_sm_fonts_collection":"","_jet_sm_fonts_links":""},"pwb-brand":[1249],"product_cat":[102,1370,664,193,733,105],"product_tag":[1474,1445],"class_list":{"0":"post-110057","1":"product","2":"type-product","3":"status-publish","4":"has-post-thumbnail","6":"pwb-brand-m50-lv","7":"product_cat-apgerbs","8":"product_cat-baikersorti","9":"product_cat-bikses","10":"product_cat-davanas","11":"product_cat-m50","12":"product_cat-sievietem","13":"product_tag-gifts-under-20e","14":"product_tag-vasaras-atlaide","16":"first","17":"instock","18":"taxable","19":"shipping-taxable","20":"purchasable","21":"product-type-variable"},"raw_content":{"name":"M50 BAIKER\u0161orti Tum\u0161i zili","description":"<p style=\"text-align: left;\">Organisk\u0101s kokvilnas \/ elast\u0101na auduma \u0161orti ar augstu vidukli. Augumam perfekti piegulo\u0161i, ar t\u0101da pa\u0161a auduma 4cm platu jostas da\u013cu.<\/p>\r\n<p style=\"text-align: left;\">Maigi un pat\u012bkami - sast\u0101vs 96% organisk\u0101 kokvilna, 4% elast\u0101ns. Kombin\u0113 ar T kreklu vai velc zem plando\u0161\u0101s kleiti\u0146as, ar \u017eaket\u012bti vai h\u016bdiju - \u0161ajos \u0161orti\u0146os izskat\u012bsies p\u0101rliecino\u0161i un efekt\u012bgi!<\/p>","short_description":"<p style=\"text-align: center;\">Sezonas aktualit\u0101te \u0113rt\u012bbai un stilam.<\/p>","status":"publish","sku":"C635-7C3695","original":110046},"wpml":{"translation_type":1,"has_translations":true,"original":110046,"duplicates":[],"translations":{"lv":110057,"en":110046}},"brands":[{"id":1249,"name":"M50","slug":"m50-lv"}],"_links":{"self":[{"href":"https:\/\/m50.lv\/lv\/wp-json\/wp\/v2\/product\/110057","targetHints":{"allow":["GET"]}}],"collection":[{"href":"https:\/\/m50.lv\/lv\/wp-json\/wp\/v2\/product"}],"about":[{"href":"https:\/\/m50.lv\/lv\/wp-json\/wp\/v2\/types\/product"}],"version-history":[{"count":0,"href":"https:\/\/m50.lv\/lv\/wp-json\/wp\/v2\/product\/110057\/revisions"}],"wp:featuredmedia":[{"embeddable":true,"href":"https:\/\/m50.lv\/lv\/wp-json\/wp\/v2\/media\/110040"}],"wp:attachment":[{"href":"https:\/\/m50.lv\/lv\/wp-json\/wp\/v2\/media?parent=110057"}],"wp:term":[{"taxonomy":"pwb-brand","embeddable":true,"href":"https:\/\/m50.lv\/lv\/wp-json\/wp\/v2\/pwb-brand?post=110057"},{"taxonomy":"product_cat","embeddable":true,"href":"https:\/\/m50.lv\/lv\/wp-json\/wp\/v2\/product_cat?post=110057"},{"taxonomy":"product_tag","embeddable":true,"href":"https:\/\/m50.lv\/lv\/wp-json\/wp\/v2\/product_tag?post=110057"}],"curies":[{"name":"wp","href":"https:\/\/api.w.org\/{rel}","templated":true}]}}