{"id":110391,"date":"2021-06-21T21:49:56","date_gmt":"2021-06-21T19:49:56","guid":{"rendered":"https:\/\/m50.lv\/shop\/schastia-zdorovia-piespraude-officer\/"},"modified":"2024-06-01T21:26:47","modified_gmt":"2024-06-01T19:26:47","slug":"schastia-zdorovia-piespraude-officer","status":"publish","type":"product","link":"https:\/\/m50.lv\/lv\/product\/schastia-zdorovia-piespraude-officer\/","title":{"rendered":"Schastia Zdorovia Piespraude &#8220;Officer&#8221;"},"content":{"rendered":"<p style=\"text-align: left;\" data-mce-style=\"text-align: left;\">Izm\u0113rs: 2 cm x 2 cm. <br \/>Tauri\u0146veida uzliekam\u0101 aizdare. <br \/>Ra\u017eots Ukrain\u0101<\/p>\n","protected":false},"excerpt":{"rendered":"<p style=\"text-align: center;\" data-mce-style=\"text-align: center;\">Ar emalju kl\u0101ta met\u0101la piespaude, ni\u0137el\u0113ts misi\u0146\u0161.<\/p>\n","protected":false},"featured_media":110362,"template":"","meta":{"_jet_sm_ready_style":"","_jet_sm_style":"","_jet_sm_controls_values":"","_jet_sm_fonts_collection":"","_jet_sm_fonts_links":""},"pwb-brand":[1256],"product_cat":[101,193,204],"product_tag":[1474],"class_list":{"0":"post-110391","1":"product","2":"type-product","3":"status-publish","4":"has-post-thumbnail","6":"pwb-brand-schastia-zdorovia-lv","7":"product_cat-aksesuari","8":"product_cat-davanas","9":"product_cat-piespraudes","10":"product_tag-gifts-under-20e","12":"first","13":"outofstock","14":"taxable","15":"shipping-taxable","16":"purchasable","17":"product-type-simple"},"raw_content":{"name":"Schastia Zdorovia Piespraude \"Officer\"","description":"<p style=\"text-align: left;\" data-mce-style=\"text-align: left;\">Izm\u0113rs: 2 cm x 2 cm. <br>Tauri\u0146veida uzliekam\u0101 aizdare. <br>Ra\u017eots Ukrain\u0101<\/p>","short_description":"<p style=\"text-align: center;\" data-mce-style=\"text-align: center;\">Ar emalju kl\u0101ta met\u0101la piespaude, ni\u0137el\u0113ts misi\u0146\u0161.<\/p>","status":"publish","sku":"UNICOR-2000000025155","original":110380},"wpml":{"translation_type":1,"has_translations":true,"original":110380,"duplicates":[],"translations":{"lv":110391,"en":110380}},"brands":[{"id":1256,"name":"Schastia Zdorovia","slug":"schastia-zdorovia-lv"}],"_links":{"self":[{"href":"https:\/\/m50.lv\/lv\/wp-json\/wp\/v2\/product\/110391","targetHints":{"allow":["GET"]}}],"collection":[{"href":"https:\/\/m50.lv\/lv\/wp-json\/wp\/v2\/product"}],"about":[{"href":"https:\/\/m50.lv\/lv\/wp-json\/wp\/v2\/types\/product"}],"version-history":[{"count":0,"href":"https:\/\/m50.lv\/lv\/wp-json\/wp\/v2\/product\/110391\/revisions"}],"wp:featuredmedia":[{"embeddable":true,"href":"https:\/\/m50.lv\/lv\/wp-json\/wp\/v2\/media\/110362"}],"wp:attachment":[{"href":"https:\/\/m50.lv\/lv\/wp-json\/wp\/v2\/media?parent=110391"}],"wp:term":[{"taxonomy":"pwb-brand","embeddable":true,"href":"https:\/\/m50.lv\/lv\/wp-json\/wp\/v2\/pwb-brand?post=110391"},{"taxonomy":"product_cat","embeddable":true,"href":"https:\/\/m50.lv\/lv\/wp-json\/wp\/v2\/product_cat?post=110391"},{"taxonomy":"product_tag","embeddable":true,"href":"https:\/\/m50.lv\/lv\/wp-json\/wp\/v2\/product_tag?post=110391"}],"curies":[{"name":"wp","href":"https:\/\/api.w.org\/{rel}","templated":true}]}}