{"id":110691,"date":"2021-07-06T07:49:10","date_gmt":"2021-07-06T05:49:10","guid":{"rendered":"https:\/\/m50.lv\/shop\/schastia-zdorovia-svitrains-dzemperis-ar-pili-tumsi-zils\/"},"modified":"2022-01-24T21:25:58","modified_gmt":"2022-01-24T18:25:58","slug":"schastia-zdorovia-svitrains-dzemperis-ar-pili-tumsi-zils","status":"publish","type":"product","link":"https:\/\/m50.lv\/lv\/product\/schastia-zdorovia-svitrains-dzemperis-ar-pili-tumsi-zils\/","title":{"rendered":"Schastia Zdorovia sv\u012btrains d\u017eemperis ar P\u012bli | Tum\u0161i zils"},"content":{"rendered":"<p style=\"text-align: left;\">Vid\u0113ja biezuma m\u012bksta kokvilna, p\u012bl\u012bte iz\u0161\u016bta &#8211; 4,5cm plata.<\/p>\n<p style=\"text-align: left;\">Meitene ir 170 cm gara, mugur\u0101 XS d\u017eemper\u012btis.<\/p>\n<p style=\"text-align: left;\">Puisis ir 185 cm gar\u0161 un uzvilcis M izm\u0113ru.<\/p>\n<p style=\"text-align: left;\">Ra\u017eots Ukrain\u0101. Var mazg\u0101t ve\u013casma\u0161\u012bn\u0101, ieteicams, izgrie\u017eot iek\u0161pusi uz \u0101ru, 30C<\/p>\n","protected":false},"excerpt":{"rendered":"<p style=\"text-align: center;\">M\u012bkstas kokvilnas br\u012bva piegriezuma unisex fasona d\u017emperis ar slaveno rupjo p\u012bl\u012bti.<\/p>\n","protected":false},"featured_media":170919,"template":"","meta":{"_jet_sm_ready_style":"","_jet_sm_style":"","_jet_sm_controls_values":"","_jet_sm_fonts_collection":"","_jet_sm_fonts_links":""},"pwb-brand":[1256],"product_cat":[102,199,201,105,103],"product_tag":[1474],"class_list":{"0":"post-110691","1":"product","2":"type-product","3":"status-publish","4":"has-post-thumbnail","6":"pwb-brand-schastia-zdorovia-lv","7":"product_cat-apgerbs","8":"product_cat-dzemperi","9":"product_cat-dzemperi-lv","10":"product_cat-sievietem","11":"product_cat-viriesiem","12":"product_tag-gifts-under-20e","14":"first","15":"instock","16":"taxable","17":"shipping-taxable","18":"purchasable","19":"product-type-variable"},"raw_content":{"name":"Schastia Zdorovia sv\u012btrains d\u017eemperis ar P\u012bli | Tum\u0161i zils","description":"<p style=\"text-align: left;\">Vid\u0113ja biezuma m\u012bksta kokvilna, p\u012bl\u012bte iz\u0161\u016bta - 4,5cm plata.<\/p>\r\n<p style=\"text-align: left;\">Meitene ir 170 cm gara, mugur\u0101 XS d\u017eemper\u012btis.<\/p>\r\n<p style=\"text-align: left;\">Puisis ir 185 cm gar\u0161 un uzvilcis M izm\u0113ru.<\/p>\r\n<p style=\"text-align: left;\">Ra\u017eots Ukrain\u0101. Var mazg\u0101t ve\u013casma\u0161\u012bn\u0101, ieteicams, izgrie\u017eot iek\u0161pusi uz \u0101ru, 30C<\/p>","short_description":"<p style=\"text-align: center;\">M\u012bkstas kokvilnas br\u012bva piegriezuma unisex fasona d\u017emperis ar slaveno rupjo p\u012bl\u012bti.<\/p>","status":"publish","sku":"Schastia-Zdorovia-Duck-longsleeve-blue","original":110680},"wpml":{"translation_type":1,"has_translations":true,"original":110680,"duplicates":[],"translations":{"lv":110691,"en":110680}},"brands":[{"id":1256,"name":"Schastia Zdorovia","slug":"schastia-zdorovia-lv"}],"_links":{"self":[{"href":"https:\/\/m50.lv\/lv\/wp-json\/wp\/v2\/product\/110691","targetHints":{"allow":["GET"]}}],"collection":[{"href":"https:\/\/m50.lv\/lv\/wp-json\/wp\/v2\/product"}],"about":[{"href":"https:\/\/m50.lv\/lv\/wp-json\/wp\/v2\/types\/product"}],"version-history":[{"count":0,"href":"https:\/\/m50.lv\/lv\/wp-json\/wp\/v2\/product\/110691\/revisions"}],"wp:featuredmedia":[{"embeddable":true,"href":"https:\/\/m50.lv\/lv\/wp-json\/wp\/v2\/media\/170919"}],"wp:attachment":[{"href":"https:\/\/m50.lv\/lv\/wp-json\/wp\/v2\/media?parent=110691"}],"wp:term":[{"taxonomy":"pwb-brand","embeddable":true,"href":"https:\/\/m50.lv\/lv\/wp-json\/wp\/v2\/pwb-brand?post=110691"},{"taxonomy":"product_cat","embeddable":true,"href":"https:\/\/m50.lv\/lv\/wp-json\/wp\/v2\/product_cat?post=110691"},{"taxonomy":"product_tag","embeddable":true,"href":"https:\/\/m50.lv\/lv\/wp-json\/wp\/v2\/product_tag?post=110691"}],"curies":[{"name":"wp","href":"https:\/\/api.w.org\/{rel}","templated":true}]}}