{"id":110791,"date":"2021-07-07T09:36:01","date_gmt":"2021-07-07T06:36:01","guid":{"rendered":"https:\/\/m50.lv\/shop\/24bottles-clima-pudele-500ml-eclipse\/"},"modified":"2021-12-11T18:12:45","modified_gmt":"2021-12-11T15:12:45","slug":"24bottles-clima-pudele-500ml-eclipse","status":"publish","type":"product","link":"https:\/\/m50.lv\/lv\/product\/24bottles-clima-pudele-500ml-eclipse\/","title":{"rendered":"24Bottles Clima Pudele 500ml ECLIPSE"},"content":{"rendered":"<p style=\"text-align: left;\">\n24 Bottles Clima pudeles 500ml specifik\u0101cija:<\/p>\n<p style=\"text-align: left;\">\u2022 diametrs: 7,3 cm, atv\u0113rums: 3,3cm, augstums 21 cm,<br \/>\n\u2022 svars 274g<br \/>\n\u2022 Nesatur BPA, ftal\u0101tus, toks\u012bnus<br \/>\n\u2022 Piem\u0113rota sk\u0101biem un g\u0101z\u0113tiem dz\u0113rieniem<br \/>\n\u2022 Uztur \u0161\u0137idrumu karstu 12 stundas, bet aukstu \u2013 24 stundas<br \/>\n\u2022 Nesaglab\u0101 un neizdala arom\u0101tu<br \/>\n\u2022 BPA nesaturo\u0161s v\u0101ci\u0146\u0161 ar \u0161\u0137idrumu necaurlaid\u012bgu silikona apdari<br \/>\n\u2022 Atverama ar vienu griezienu<br \/>\n\u2022 Plats atv\u0113rums ledus iepild\u012b\u0161anai un vieglai t\u012br\u012b\u0161anai<br \/>\n\u2022 Nenosv\u012bst, nerada kondens\u0101tu<br \/>\n\u2022 Atbilst lidostu dro\u0161\u012bbas nosac\u012bjumiem<br \/>\n\u2022 Ieteicams mazg\u0101t ar rok\u0101m.<\/p>\n","protected":false},"excerpt":{"rendered":"<p style=\"text-align: center;\">Grubu\u013caina \u0101r\u0113j\u0101 apdare, \u012bpa\u0161i iztur\u012bga un \u0113rti satverama. Clima tipa ner\u016bs\u0113jo\u0161\u0101 t\u0113rauda termoss ar dubulto sieni\u0146u, dz\u0113riena temperat\u016bras uztur\u0113\u0161anai.<\/p>\n","protected":false},"featured_media":110780,"template":"","meta":{"_jet_sm_ready_style":"","_jet_sm_style":"","_jet_sm_controls_values":"","_jet_sm_fonts_collection":"","_jet_sm_fonts_links":""},"pwb-brand":[1251],"product_cat":[202,708,193,238],"product_tag":[],"class_list":{"0":"post-110791","1":"product","2":"type-product","3":"status-publish","4":"has-post-thumbnail","6":"pwb-brand-24bottles-lv","7":"product_cat-24bottles-lv","8":"product_cat-clima","9":"product_cat-davanas","10":"product_cat-zerowaste-lv","12":"first","13":"outofstock","14":"taxable","15":"shipping-taxable","16":"purchasable","17":"product-type-simple"},"raw_content":{"name":"24Bottles Clima Pudele 500ml ECLIPSE","description":"<p style=\"text-align: left;\">\r\n24 Bottles Clima pudeles 500ml specifik\u0101cija:<\/p>\r\n<p style=\"text-align: left;\">\u2022 diametrs: 7,3 cm, atv\u0113rums: 3,3cm, augstums 21 cm,\r\n\u2022 svars 274g\r\n\u2022 Nesatur BPA, ftal\u0101tus, toks\u012bnus\r\n\u2022 Piem\u0113rota sk\u0101biem un g\u0101z\u0113tiem dz\u0113rieniem\r\n\u2022 Uztur \u0161\u0137idrumu karstu 12 stundas, bet aukstu \u2013 24 stundas\r\n\u2022 Nesaglab\u0101 un neizdala arom\u0101tu\r\n\u2022 BPA nesaturo\u0161s v\u0101ci\u0146\u0161 ar \u0161\u0137idrumu necaurlaid\u012bgu silikona apdari\r\n\u2022 Atverama ar vienu griezienu\r\n\u2022 Plats atv\u0113rums ledus iepild\u012b\u0161anai un vieglai t\u012br\u012b\u0161anai\r\n\u2022 Nenosv\u012bst, nerada kondens\u0101tu\r\n\u2022 Atbilst lidostu dro\u0161\u012bbas nosac\u012bjumiem\r\n\u2022 Ieteicams mazg\u0101t ar rok\u0101m.<\/p>","short_description":"<p style=\"text-align: center;\">Grubu\u013caina \u0101r\u0113j\u0101 apdare, \u012bpa\u0161i iztur\u012bga un \u0113rti satverama. Clima tipa ner\u016bs\u0113jo\u0161\u0101 t\u0113rauda termoss ar dubulto sieni\u0146u, dz\u0113riena temperat\u016bras uztur\u0113\u0161anai.<\/p>","status":"publish","sku":"clima-500-eclipse","original":110778},"wpml":{"translation_type":1,"has_translations":true,"original":110778,"duplicates":[],"translations":{"lv":110791,"en":110778}},"brands":[{"id":1251,"name":"24Bottles","slug":"24bottles-lv"}],"_links":{"self":[{"href":"https:\/\/m50.lv\/lv\/wp-json\/wp\/v2\/product\/110791","targetHints":{"allow":["GET"]}}],"collection":[{"href":"https:\/\/m50.lv\/lv\/wp-json\/wp\/v2\/product"}],"about":[{"href":"https:\/\/m50.lv\/lv\/wp-json\/wp\/v2\/types\/product"}],"version-history":[{"count":0,"href":"https:\/\/m50.lv\/lv\/wp-json\/wp\/v2\/product\/110791\/revisions"}],"wp:featuredmedia":[{"embeddable":true,"href":"https:\/\/m50.lv\/lv\/wp-json\/wp\/v2\/media\/110780"}],"wp:attachment":[{"href":"https:\/\/m50.lv\/lv\/wp-json\/wp\/v2\/media?parent=110791"}],"wp:term":[{"taxonomy":"pwb-brand","embeddable":true,"href":"https:\/\/m50.lv\/lv\/wp-json\/wp\/v2\/pwb-brand?post=110791"},{"taxonomy":"product_cat","embeddable":true,"href":"https:\/\/m50.lv\/lv\/wp-json\/wp\/v2\/product_cat?post=110791"},{"taxonomy":"product_tag","embeddable":true,"href":"https:\/\/m50.lv\/lv\/wp-json\/wp\/v2\/product_tag?post=110791"}],"curies":[{"name":"wp","href":"https:\/\/api.w.org\/{rel}","templated":true}]}}