{"id":110874,"date":"2021-07-07T09:01:03","date_gmt":"2021-07-07T07:01:03","guid":{"rendered":"https:\/\/m50.lv\/shop\/m50-kleita-dieviete-melni-svitraina-meza-zala\/"},"modified":"2021-09-12T00:07:44","modified_gmt":"2021-09-11T21:07:44","slug":"m50-kleita-dieviete-melni-svitraina-meza-zala","status":"publish","type":"product","link":"https:\/\/m50.lv\/lv\/product\/m50-kleita-dieviete-melni-svitraina-meza-zala\/","title":{"rendered":"M50 Kleita Dieviete melni Sv\u012btraina \/ me\u017ea Za\u013ca"},"content":{"rendered":"<p style=\"text-align: left;\">Auduma sast\u0101vs: 95% viskoze, 5% elast\u0101ns.<\/p>\n<p style=\"text-align: left;\">Viegli kopjama, augumu kompliment\u0113jo\u0161a &#8211; tava m\u012b\u013c\u0101k\u0101 vasaras kleita! Plecu lent\u012btes regul\u0113jamas, sasienot. Plata josta, ko var siet da\u017e\u0101dos veidos, vai atst\u0101t br\u012bvi kr\u012bto\u0161u gar s\u0101niem.<\/p>\n<p style=\"text-align: left;\">Var mazg\u0101t ve\u013casma\u0161\u012bn\u0101, ieteicams 30C Rad\u012bta Latvij\u0101. Tikai M50.<\/p>\n","protected":false},"excerpt":{"rendered":"<p style=\"text-align: center;\">\u0112rta, sievi\u0161\u0137\u012bga divpus\u0113ja trikot\u0101\u017eas kleita ar \u0161\u0137\u0113lumiem abos s\u0101nos.<\/p>\n","protected":false},"featured_media":110808,"template":"","meta":{"_jet_sm_ready_style":"","_jet_sm_style":"","_jet_sm_controls_values":"","_jet_sm_fonts_collection":"","_jet_sm_fonts_links":""},"pwb-brand":[1249],"product_cat":[106,733,105],"product_tag":[1396],"class_list":{"0":"post-110874","1":"product","2":"type-product","3":"status-publish","4":"has-post-thumbnail","6":"pwb-brand-m50-lv","7":"product_cat-kleitas","8":"product_cat-m50","9":"product_cat-sievietem","10":"product_tag-zem20-lv","12":"first","13":"outofstock","14":"taxable","15":"shipping-taxable","16":"product-type-variable"},"raw_content":{"name":"M50 Kleita Dieviete melni Sv\u012btraina \/ me\u017ea Za\u013ca","description":"<p style=\"text-align: left;\">Auduma sast\u0101vs: 95% viskoze, 5% elast\u0101ns.<\/p>\r\n<p style=\"text-align: left;\">Viegli kopjama, augumu kompliment\u0113jo\u0161a - tava m\u012b\u013c\u0101k\u0101 vasaras kleita! Plecu lent\u012btes regul\u0113jamas, sasienot. Plata josta, ko var siet da\u017e\u0101dos veidos, vai atst\u0101t br\u012bvi kr\u012bto\u0161u gar s\u0101niem.<\/p>\r\n<p style=\"text-align: left;\">Var mazg\u0101t ve\u013casma\u0161\u012bn\u0101, ieteicams 30C Rad\u012bta Latvij\u0101. Tikai M50.<\/p>","short_description":"<p style=\"text-align: center;\">\u0112rta, sievi\u0161\u0137\u012bga divpus\u0113ja trikot\u0101\u017eas kleita ar \u0161\u0137\u0113lumiem abos s\u0101nos.<\/p>","status":"publish","sku":"M50-Daess-Goddess-ForestGreen","original":110829},"wpml":{"translation_type":1,"has_translations":true,"original":110829,"duplicates":[],"translations":{"lv":110874,"en":110829}},"brands":[{"id":1249,"name":"M50","slug":"m50-lv"}],"_links":{"self":[{"href":"https:\/\/m50.lv\/lv\/wp-json\/wp\/v2\/product\/110874","targetHints":{"allow":["GET"]}}],"collection":[{"href":"https:\/\/m50.lv\/lv\/wp-json\/wp\/v2\/product"}],"about":[{"href":"https:\/\/m50.lv\/lv\/wp-json\/wp\/v2\/types\/product"}],"version-history":[{"count":0,"href":"https:\/\/m50.lv\/lv\/wp-json\/wp\/v2\/product\/110874\/revisions"}],"wp:featuredmedia":[{"embeddable":true,"href":"https:\/\/m50.lv\/lv\/wp-json\/wp\/v2\/media\/110808"}],"wp:attachment":[{"href":"https:\/\/m50.lv\/lv\/wp-json\/wp\/v2\/media?parent=110874"}],"wp:term":[{"taxonomy":"pwb-brand","embeddable":true,"href":"https:\/\/m50.lv\/lv\/wp-json\/wp\/v2\/pwb-brand?post=110874"},{"taxonomy":"product_cat","embeddable":true,"href":"https:\/\/m50.lv\/lv\/wp-json\/wp\/v2\/product_cat?post=110874"},{"taxonomy":"product_tag","embeddable":true,"href":"https:\/\/m50.lv\/lv\/wp-json\/wp\/v2\/product_tag?post=110874"}],"curies":[{"name":"wp","href":"https:\/\/api.w.org\/{rel}","templated":true}]}}