{"id":110877,"date":"2021-07-07T09:02:38","date_gmt":"2021-07-07T07:02:38","guid":{"rendered":"https:\/\/m50.lv\/shop\/m50-kleita-dieviete-svitraina-melna\/"},"modified":"2025-09-29T01:48:58","modified_gmt":"2025-09-28T23:48:58","slug":"m50-kleita-dieviete-svitraina-melna","status":"publish","type":"product","link":"https:\/\/m50.lv\/lv\/product\/m50-kleita-dieviete-svitraina-melna\/","title":{"rendered":"M50 Kleita Dieviete Sv\u012btraina \/ Melna"},"content":{"rendered":"<p style=\"text-align: left;\">Auduma sast\u0101vs: 95% viskoze, 5% elast\u0101ns.<\/p>\n<p style=\"text-align: left;\">Viegli kopjama, augumu kompliment\u0113jo\u0161a &#8211; tava m\u012b\u013c\u0101k\u0101 vasaras kleita! Plecu lent\u012btes regul\u0113jamas, sasienot. Plata josta, ko var siet da\u017e\u0101dos veidos, vai atst\u0101t br\u012bvi kr\u012bto\u0161u gar s\u0101niem.<\/p>\n<p style=\"text-align: left;\">Var mazg\u0101t ve\u013casma\u0161\u012bn\u0101, ieteicams 30C Rad\u012bta Latvij\u0101. Tikai M50.<\/p>\n","protected":false},"excerpt":{"rendered":"<p style=\"text-align: center;\">\u0112rta, sievi\u0161\u0137\u012bga divpus\u0113ja trikot\u0101\u017eas kleita ar \u0161\u0137\u0113lumiem abos s\u0101nos.<\/p>\n","protected":false},"featured_media":185348,"template":"","meta":{"_jet_sm_ready_style":"","_jet_sm_style":"","_jet_sm_controls_values":"","_jet_sm_fonts_collection":"","_jet_sm_fonts_links":""},"pwb-brand":[1249],"product_cat":[106,733,105],"product_tag":[926,1520],"class_list":{"0":"post-110877","1":"product","2":"type-product","3":"status-publish","4":"has-post-thumbnail","6":"pwb-brand-m50-lv","7":"product_cat-kleitas","8":"product_cat-m50","9":"product_cat-sievietem","10":"product_tag-m50-kleitas","11":"product_tag-stripains-apgerbs","13":"first","14":"instock","15":"taxable","16":"shipping-taxable","17":"purchasable","18":"product-type-variable"},"raw_content":{"name":"M50 Kleita Dieviete Sv\u012btraina \/ Melna","description":"<p style=\"text-align: left;\">Auduma sast\u0101vs: 95% viskoze, 5% elast\u0101ns.<\/p>\r\n<p style=\"text-align: left;\">Viegli kopjama, augumu kompliment\u0113jo\u0161a - tava m\u012b\u013c\u0101k\u0101 vasaras kleita! Plecu lent\u012btes regul\u0113jamas, sasienot. Plata josta, ko var siet da\u017e\u0101dos veidos, vai atst\u0101t br\u012bvi kr\u012bto\u0161u gar s\u0101niem.<\/p>\r\n<p style=\"text-align: left;\">Var mazg\u0101t ve\u013casma\u0161\u012bn\u0101, ieteicams 30C Rad\u012bta Latvij\u0101. Tikai M50.<\/p>","short_description":"<p style=\"text-align: center;\">\u0112rta, sievi\u0161\u0137\u012bga divpus\u0113ja trikot\u0101\u017eas kleita ar \u0161\u0137\u0113lumiem abos s\u0101nos.<\/p>","status":"publish","sku":"M50-Daess-Goddess-Black","original":110852},"wpml":{"translation_type":1,"has_translations":true,"original":110852,"duplicates":[],"translations":{"lv":110877,"en":110852}},"brands":[{"id":1249,"name":"M50","slug":"m50-lv"}],"_links":{"self":[{"href":"https:\/\/m50.lv\/lv\/wp-json\/wp\/v2\/product\/110877","targetHints":{"allow":["GET"]}}],"collection":[{"href":"https:\/\/m50.lv\/lv\/wp-json\/wp\/v2\/product"}],"about":[{"href":"https:\/\/m50.lv\/lv\/wp-json\/wp\/v2\/types\/product"}],"version-history":[{"count":0,"href":"https:\/\/m50.lv\/lv\/wp-json\/wp\/v2\/product\/110877\/revisions"}],"wp:featuredmedia":[{"embeddable":true,"href":"https:\/\/m50.lv\/lv\/wp-json\/wp\/v2\/media\/185348"}],"wp:attachment":[{"href":"https:\/\/m50.lv\/lv\/wp-json\/wp\/v2\/media?parent=110877"}],"wp:term":[{"taxonomy":"pwb-brand","embeddable":true,"href":"https:\/\/m50.lv\/lv\/wp-json\/wp\/v2\/pwb-brand?post=110877"},{"taxonomy":"product_cat","embeddable":true,"href":"https:\/\/m50.lv\/lv\/wp-json\/wp\/v2\/product_cat?post=110877"},{"taxonomy":"product_tag","embeddable":true,"href":"https:\/\/m50.lv\/lv\/wp-json\/wp\/v2\/product_tag?post=110877"}],"curies":[{"name":"wp","href":"https:\/\/api.w.org\/{rel}","templated":true}]}}