{"id":112296,"date":"2021-09-10T12:51:51","date_gmt":"2021-09-10T09:51:51","guid":{"rendered":"https:\/\/m50.lv\/shop\/24bottles-clima-infuser-pudele-500ml-philosophy\/"},"modified":"2022-02-01T00:00:57","modified_gmt":"2022-01-31T21:00:57","slug":"24bottles-clima-infuser-pudele-500ml-philosophy","status":"publish","type":"product","link":"https:\/\/m50.lv\/lv\/product\/24bottles-clima-infuser-pudele-500ml-philosophy\/","title":{"rendered":"24Bottles Clima Infuser Pudele 500ml Philosophy"},"content":{"rendered":"<p style=\"text-align: left;\">Komplekt\u0101cij\u0101 ir iek\u013cauts tradicion\u0101lais Infuser v\u0101ci\u0146\u0161 un sieti\u0146\u0161, kas ir teicami piem\u0113rots t\u0113jai, uzl\u0113jumiem, augu un ziedu t\u0113j\u0101m, br\u016bv\u0113jumiem un nov\u0101r\u012bjumiem. Neaizsv\u012bst un ir teicami piem\u0113rota, lai nodro\u0161in\u0101tu, ka padzeraties ik dienas.<\/p>\n<ul>\n<li style=\"text-align: left;\">Tradicion\u0101lais Infuser pude\u013cu v\u0101ci\u0146\u0161 ar sieti\u0146u<\/li>\n<li style=\"text-align: left;\">18\/8 p\u0101rtikai piem\u0113rots ner\u016bs\u0113jo\u0161ais t\u0113rauds<\/li>\n<li style=\"text-align: left;\">Saglab\u0101 \u0161\u0137idrumu karstu l\u012bdz 12 stund\u0101m, bet aukstu \u2013 l\u012bdz 24 stund\u0101m<\/li>\n<li style=\"text-align: left;\">Nesatur BPA, ftal\u0101tus un toks\u012bnus<\/li>\n<li style=\"text-align: left;\">Piem\u0113rota sk\u0101biem un g\u0101z\u0113tiem dz\u0113rieniem<\/li>\n<li style=\"text-align: left;\">Nesaglab\u0101 un neizdala nek\u0101du arom\u0101tu<\/li>\n<li style=\"text-align: left;\">Neaizsv\u012bst, neizdala kondens\u0101tue<\/li>\n<li style=\"text-align: left;\">Pla\u0161a atvere ledus iepild\u012b\u0161anai un vienk\u0101r\u0161ai t\u012br\u012b\u0161anai<\/li>\n<li style=\"text-align: left;\">Atbilst lidostu dro\u0161\u012bbas noteikumiem<\/li>\n<li style=\"text-align: left;\">Ieteicams mazg\u0101t ar rok\u0101m<\/li>\n<\/ul>\n","protected":false},"excerpt":{"rendered":"<p style=\"text-align: center;\">Infuser pudele ir no ner\u016bs\u0113jo\u0161\u0101 t\u0113rauda, t\u0101 ir lietojama atk\u0101rtoti un ir izol\u0113ta t\u0101, lai uztur\u0113tu j\u016bsu dz\u0113rienus aukstus l\u012bdz 24 stund\u0101m, bet karstus \u2013 l\u012bdz 12 stund\u0101m.<\/p>\n","protected":false},"featured_media":112248,"template":"","meta":{"_jet_sm_ready_style":"","_jet_sm_style":"","_jet_sm_controls_values":"","_jet_sm_fonts_collection":"","_jet_sm_fonts_links":""},"pwb-brand":[1251],"product_cat":[202,708,193,238],"product_tag":[],"class_list":{"0":"post-112296","1":"product","2":"type-product","3":"status-publish","4":"has-post-thumbnail","6":"pwb-brand-24bottles-lv","7":"product_cat-24bottles-lv","8":"product_cat-clima","9":"product_cat-davanas","10":"product_cat-zerowaste-lv","12":"first","13":"outofstock","14":"taxable","15":"shipping-taxable","16":"purchasable","17":"product-type-simple"},"raw_content":{"name":"24Bottles Clima Infuser Pudele 500ml Philosophy","description":"<p style=\"text-align: left;\">Komplekt\u0101cij\u0101 ir iek\u013cauts tradicion\u0101lais Infuser v\u0101ci\u0146\u0161 un sieti\u0146\u0161, kas ir teicami piem\u0113rots t\u0113jai, uzl\u0113jumiem, augu un ziedu t\u0113j\u0101m, br\u016bv\u0113jumiem un nov\u0101r\u012bjumiem. Neaizsv\u012bst un ir teicami piem\u0113rota, lai nodro\u0161in\u0101tu, ka padzeraties ik dienas.<\/p>\r\n\r\n<ul>\r\n \t<li style=\"text-align: left;\">Tradicion\u0101lais Infuser pude\u013cu v\u0101ci\u0146\u0161 ar sieti\u0146u<\/li>\r\n \t<li style=\"text-align: left;\">18\/8 p\u0101rtikai piem\u0113rots ner\u016bs\u0113jo\u0161ais t\u0113rauds<\/li>\r\n \t<li style=\"text-align: left;\">Saglab\u0101 \u0161\u0137idrumu karstu l\u012bdz 12 stund\u0101m, bet aukstu \u2013 l\u012bdz 24 stund\u0101m<\/li>\r\n \t<li style=\"text-align: left;\">Nesatur BPA, ftal\u0101tus un toks\u012bnus<\/li>\r\n \t<li style=\"text-align: left;\">Piem\u0113rota sk\u0101biem un g\u0101z\u0113tiem dz\u0113rieniem<\/li>\r\n \t<li style=\"text-align: left;\">Nesaglab\u0101 un neizdala nek\u0101du arom\u0101tu<\/li>\r\n \t<li style=\"text-align: left;\">Neaizsv\u012bst, neizdala kondens\u0101tue<\/li>\r\n \t<li style=\"text-align: left;\">Pla\u0161a atvere ledus iepild\u012b\u0161anai un vienk\u0101r\u0161ai t\u012br\u012b\u0161anai<\/li>\r\n \t<li style=\"text-align: left;\">Atbilst lidostu dro\u0161\u012bbas noteikumiem<\/li>\r\n \t<li style=\"text-align: left;\">Ieteicams mazg\u0101t ar rok\u0101m<\/li>\r\n<\/ul>","short_description":"<p style=\"text-align: center;\">Infuser pudele ir no ner\u016bs\u0113jo\u0161\u0101 t\u0113rauda, t\u0101 ir lietojama atk\u0101rtoti un ir izol\u0113ta t\u0101, lai uztur\u0113tu j\u016bsu dz\u0113rienus aukstus l\u012bdz 24 stund\u0101m, bet karstus \u2013 l\u012bdz 12 stund\u0101m.<\/p>","status":"publish","sku":"clima-500-philosophy","original":112284},"wpml":{"translation_type":1,"has_translations":true,"original":112284,"duplicates":[],"translations":{"lv":112296,"en":112284}},"brands":[{"id":1251,"name":"24Bottles","slug":"24bottles-lv"}],"_links":{"self":[{"href":"https:\/\/m50.lv\/lv\/wp-json\/wp\/v2\/product\/112296","targetHints":{"allow":["GET"]}}],"collection":[{"href":"https:\/\/m50.lv\/lv\/wp-json\/wp\/v2\/product"}],"about":[{"href":"https:\/\/m50.lv\/lv\/wp-json\/wp\/v2\/types\/product"}],"version-history":[{"count":0,"href":"https:\/\/m50.lv\/lv\/wp-json\/wp\/v2\/product\/112296\/revisions"}],"wp:featuredmedia":[{"embeddable":true,"href":"https:\/\/m50.lv\/lv\/wp-json\/wp\/v2\/media\/112248"}],"wp:attachment":[{"href":"https:\/\/m50.lv\/lv\/wp-json\/wp\/v2\/media?parent=112296"}],"wp:term":[{"taxonomy":"pwb-brand","embeddable":true,"href":"https:\/\/m50.lv\/lv\/wp-json\/wp\/v2\/pwb-brand?post=112296"},{"taxonomy":"product_cat","embeddable":true,"href":"https:\/\/m50.lv\/lv\/wp-json\/wp\/v2\/product_cat?post=112296"},{"taxonomy":"product_tag","embeddable":true,"href":"https:\/\/m50.lv\/lv\/wp-json\/wp\/v2\/product_tag?post=112296"}],"curies":[{"name":"wp","href":"https:\/\/api.w.org\/{rel}","templated":true}]}}