{"id":112302,"date":"2021-09-10T12:05:20","date_gmt":"2021-09-10T10:05:20","guid":{"rendered":"https:\/\/m50.lv\/shop\/24bottles-urban-udenspudele-500ml-noir\/"},"modified":"2021-09-10T13:05:20","modified_gmt":"2021-09-10T10:05:20","slug":"24bottles-urban-udenspudele-500ml-noir","status":"publish","type":"product","link":"https:\/\/m50.lv\/lv\/product\/24bottles-urban-udenspudele-500ml-noir\/","title":{"rendered":"24Bottles Urban \u016adenspudele 500ml Noir"},"content":{"rendered":"<p style=\"text-align: left;\">Maigi mat\u0113ta apdare 18\/8 p\u0101rtikas klases ner\u016bs\u0113jo\u0161ais t\u0113rauds<br \/>\n\u2022 Nesatur BPA, ftal\u0101tus, toks\u012bnus<br \/>\n\u2022 Nesaglab\u0101 un neizdala arom\u0101tu<br \/>\n\u2022 Atverama ar vienu griezienu, \u0161\u0137idrumu necaurlaid\u012bgs kor\u0137\u012btis<br \/>\n\u2022 Pla\u0161s atv\u0113rums ledus iepild\u012b\u0161anai un vienk\u0101r\u0161ai t\u012br\u012b\u0161anai<br \/>\n\u2022 Viena sieni\u0146a<br \/>\n\u2022 Atbilst lidostu dro\u0161\u012bbas nosac\u012bjumiem<br \/>\n\u2022 Ieteicams mazg\u0101t ar rok\u0101m<\/p>\n","protected":false},"excerpt":{"rendered":"<p style=\"text-align: center;\">Viegla, ner\u016bs\u0113jo\u0161\u0101 t\u0113rauda pudele \u2013 ide\u0101li piem\u0113rota, lai \u0113rti padzertos, uzpild\u012btu no jauna, un atkal dotos ce\u013c\u0101!<\/p>\n","protected":false},"featured_media":112275,"template":"","meta":{"_jet_sm_ready_style":"","_jet_sm_style":"","_jet_sm_controls_values":"","_jet_sm_fonts_collection":"","_jet_sm_fonts_links":""},"pwb-brand":[1251],"product_cat":[202,193,710,238],"product_tag":[1415,1396],"class_list":{"0":"post-112302","1":"product","2":"type-product","3":"status-publish","4":"has-post-thumbnail","6":"pwb-brand-24bottles-lv","7":"product_cat-24bottles-lv","8":"product_cat-davanas","9":"product_cat-urban","10":"product_cat-zerowaste-lv","11":"product_tag-atlaides","12":"product_tag-zem20-lv","14":"first","15":"outofstock","16":"sale","17":"taxable","18":"shipping-taxable","19":"purchasable","20":"product-type-simple"},"raw_content":{"name":"24Bottles Urban \u016adenspudele 500ml Noir","description":"<p style=\"text-align: left;\">Maigi mat\u0113ta apdare 18\/8 p\u0101rtikas klases ner\u016bs\u0113jo\u0161ais t\u0113rauds\r\n\u2022 Nesatur BPA, ftal\u0101tus, toks\u012bnus\r\n\u2022 Nesaglab\u0101 un neizdala arom\u0101tu\r\n\u2022 Atverama ar vienu griezienu, \u0161\u0137idrumu necaurlaid\u012bgs kor\u0137\u012btis\r\n\u2022 Pla\u0161s atv\u0113rums ledus iepild\u012b\u0161anai un vienk\u0101r\u0161ai t\u012br\u012b\u0161anai\r\n\u2022 Viena sieni\u0146a\r\n\u2022 Atbilst lidostu dro\u0161\u012bbas nosac\u012bjumiem\r\n\u2022 Ieteicams mazg\u0101t ar rok\u0101m<\/p>","short_description":"<p style=\"text-align: center;\">Viegla, ner\u016bs\u0113jo\u0161\u0101 t\u0113rauda pudele \u2013 ide\u0101li piem\u0113rota, lai \u0113rti padzertos, uzpild\u012btu no jauna, un atkal dotos ce\u013c\u0101!<\/p>","status":"publish","sku":"urban-500-noir","original":112292},"wpml":{"translation_type":1,"has_translations":true,"original":112292,"duplicates":[],"translations":{"lv":112302,"en":112292}},"brands":[{"id":1251,"name":"24Bottles","slug":"24bottles-lv"}],"_links":{"self":[{"href":"https:\/\/m50.lv\/lv\/wp-json\/wp\/v2\/product\/112302","targetHints":{"allow":["GET"]}}],"collection":[{"href":"https:\/\/m50.lv\/lv\/wp-json\/wp\/v2\/product"}],"about":[{"href":"https:\/\/m50.lv\/lv\/wp-json\/wp\/v2\/types\/product"}],"version-history":[{"count":0,"href":"https:\/\/m50.lv\/lv\/wp-json\/wp\/v2\/product\/112302\/revisions"}],"wp:featuredmedia":[{"embeddable":true,"href":"https:\/\/m50.lv\/lv\/wp-json\/wp\/v2\/media\/112275"}],"wp:attachment":[{"href":"https:\/\/m50.lv\/lv\/wp-json\/wp\/v2\/media?parent=112302"}],"wp:term":[{"taxonomy":"pwb-brand","embeddable":true,"href":"https:\/\/m50.lv\/lv\/wp-json\/wp\/v2\/pwb-brand?post=112302"},{"taxonomy":"product_cat","embeddable":true,"href":"https:\/\/m50.lv\/lv\/wp-json\/wp\/v2\/product_cat?post=112302"},{"taxonomy":"product_tag","embeddable":true,"href":"https:\/\/m50.lv\/lv\/wp-json\/wp\/v2\/product_tag?post=112302"}],"curies":[{"name":"wp","href":"https:\/\/api.w.org\/{rel}","templated":true}]}}