{"id":112365,"date":"2021-09-10T13:41:46","date_gmt":"2021-09-10T11:41:46","guid":{"rendered":"https:\/\/m50.lv\/shop\/schastia-zdorovia-piespraude-romantic\/"},"modified":"2021-09-10T14:54:32","modified_gmt":"2021-09-10T11:54:32","slug":"schastia-zdorovia-piespraude-romantic","status":"publish","type":"product","link":"https:\/\/m50.lv\/lv\/product\/schastia-zdorovia-piespraude-romantic\/","title":{"rendered":"Schastia Zdorovia Piespraude &#8220;Romantic&#8221;"},"content":{"rendered":"<p style=\"text-align: left;\">Izm\u0113rs: 3 cm x 1 cm.<br \/>\nTauri\u0146veida uzliekam\u0101 aizdare.<\/p>\n<p style=\"text-align: left;\">Ra\u017eots Ukrain\u0101.<\/p>\n","protected":false},"excerpt":{"rendered":"<p style=\"text-align: center;\">Ar emalju kl\u0101ta met\u0101la piespaude, ni\u0137el\u0113ts misi\u0146\u0161.<\/p>\n","protected":false},"featured_media":112346,"template":"","meta":{"_jet_sm_ready_style":"","_jet_sm_style":"","_jet_sm_controls_values":"","_jet_sm_fonts_collection":"","_jet_sm_fonts_links":""},"pwb-brand":[1256],"product_cat":[193,204],"product_tag":[1474],"class_list":{"0":"post-112365","1":"product","2":"type-product","3":"status-publish","4":"has-post-thumbnail","6":"pwb-brand-schastia-zdorovia-lv","7":"product_cat-davanas","8":"product_cat-piespraudes","9":"product_tag-gifts-under-20e","11":"first","12":"instock","13":"taxable","14":"shipping-taxable","15":"purchasable","16":"product-type-simple"},"raw_content":{"name":"Schastia Zdorovia Piespraude \"Romantic\"","description":"<p style=\"text-align: left;\">Izm\u0113rs: 3 cm x 1 cm.\r\nTauri\u0146veida uzliekam\u0101 aizdare.<\/p>\r\n<p style=\"text-align: left;\">Ra\u017eots Ukrain\u0101.<\/p>","short_description":"<p style=\"text-align: center;\">Ar emalju kl\u0101ta met\u0101la piespaude, ni\u0137el\u0113ts misi\u0146\u0161.<\/p>","status":"publish","sku":"zs-2000000005058","original":112359},"wpml":{"translation_type":1,"has_translations":true,"original":112359,"duplicates":[],"translations":{"lv":112365,"en":112359}},"brands":[{"id":1256,"name":"Schastia Zdorovia","slug":"schastia-zdorovia-lv"}],"_links":{"self":[{"href":"https:\/\/m50.lv\/lv\/wp-json\/wp\/v2\/product\/112365","targetHints":{"allow":["GET"]}}],"collection":[{"href":"https:\/\/m50.lv\/lv\/wp-json\/wp\/v2\/product"}],"about":[{"href":"https:\/\/m50.lv\/lv\/wp-json\/wp\/v2\/types\/product"}],"version-history":[{"count":0,"href":"https:\/\/m50.lv\/lv\/wp-json\/wp\/v2\/product\/112365\/revisions"}],"wp:featuredmedia":[{"embeddable":true,"href":"https:\/\/m50.lv\/lv\/wp-json\/wp\/v2\/media\/112346"}],"wp:attachment":[{"href":"https:\/\/m50.lv\/lv\/wp-json\/wp\/v2\/media?parent=112365"}],"wp:term":[{"taxonomy":"pwb-brand","embeddable":true,"href":"https:\/\/m50.lv\/lv\/wp-json\/wp\/v2\/pwb-brand?post=112365"},{"taxonomy":"product_cat","embeddable":true,"href":"https:\/\/m50.lv\/lv\/wp-json\/wp\/v2\/product_cat?post=112365"},{"taxonomy":"product_tag","embeddable":true,"href":"https:\/\/m50.lv\/lv\/wp-json\/wp\/v2\/product_tag?post=112365"}],"curies":[{"name":"wp","href":"https:\/\/api.w.org\/{rel}","templated":true}]}}