{"id":112366,"date":"2021-09-10T13:19:23","date_gmt":"2021-09-10T11:19:23","guid":{"rendered":"https:\/\/m50.lv\/shop\/schastia-zdorovia-zekes-junostj\/"},"modified":"2026-01-18T19:17:21","modified_gmt":"2026-01-18T17:17:21","slug":"schastia-zdorovia-zekes-junostj","status":"publish","type":"product","link":"https:\/\/m50.lv\/lv\/product\/schastia-zdorovia-zekes-junostj\/","title":{"rendered":"Schastia Zdorovia Ze\u0137es &#8220;Junostj&#8221;"},"content":{"rendered":"<p style=\"text-align: left;\" data-mce-style=\"text-align: left;\">97% kokvilna,<br \/>3% elast\u0101ns,<br \/>ze\u0137u k\u0101ti\u0146\u0161 rievoti elast\u012bgs, labi piegu\u013c k\u0101jai.<br \/>Pieejamie izm\u0113ri 35-39, 40-45<\/p>\n<p style=\"text-align: left;\" data-mce-style=\"text-align: left;\">Ra\u017eots Ukrain\u0101<\/p>\n","protected":false},"excerpt":{"rendered":"<p style=\"text-align: center;\" data-mce-style=\"text-align: center;\">Unisex kokvilnas ze\u0137es ar rievotu, elast\u012bgu k\u0101ti\u0146u.<\/p>\n","protected":false},"featured_media":112350,"template":"","meta":{"_jet_sm_ready_style":"","_jet_sm_style":"","_jet_sm_controls_values":"","_jet_sm_fonts_collection":"","_jet_sm_fonts_links":""},"pwb-brand":[1256],"product_cat":[101,193,105,103,567],"product_tag":[1438,1474],"class_list":{"0":"post-112366","1":"product","2":"type-product","3":"status-publish","4":"has-post-thumbnail","6":"pwb-brand-schastia-zdorovia-lv","7":"product_cat-aksesuari","8":"product_cat-davanas","9":"product_cat-sievietem","10":"product_cat-viriesiem","11":"product_cat-zekes","12":"product_tag-bestselleri-lv","13":"product_tag-gifts-under-20e","15":"first","16":"instock","17":"taxable","18":"shipping-taxable","19":"purchasable","20":"product-type-variable"},"raw_content":{"name":"Schastia Zdorovia Ze\u0137es \"Junostj\"","description":"<p style=\"text-align: left;\" data-mce-style=\"text-align: left;\">97% kokvilna,<br>3% elast\u0101ns,<br>ze\u0137u k\u0101ti\u0146\u0161 rievoti elast\u012bgs, labi piegu\u013c k\u0101jai.<br>Pieejamie izm\u0113ri 35-39, 40-45<\/p><p style=\"text-align: left;\" data-mce-style=\"text-align: left;\">Ra\u017eots Ukrain\u0101<\/p>","short_description":"<p style=\"text-align: center;\" data-mce-style=\"text-align: center;\">Unisex kokvilnas ze\u0137es ar rievotu, elast\u012bgu k\u0101ti\u0146u.<\/p>","status":"publish","sku":"Schastia-socks-junostj","original":112304},"wpml":{"translation_type":1,"has_translations":true,"original":112304,"duplicates":[],"translations":{"lv":112366,"en":112304}},"brands":[{"id":1256,"name":"Schastia Zdorovia","slug":"schastia-zdorovia-lv"}],"_links":{"self":[{"href":"https:\/\/m50.lv\/lv\/wp-json\/wp\/v2\/product\/112366","targetHints":{"allow":["GET"]}}],"collection":[{"href":"https:\/\/m50.lv\/lv\/wp-json\/wp\/v2\/product"}],"about":[{"href":"https:\/\/m50.lv\/lv\/wp-json\/wp\/v2\/types\/product"}],"version-history":[{"count":0,"href":"https:\/\/m50.lv\/lv\/wp-json\/wp\/v2\/product\/112366\/revisions"}],"wp:featuredmedia":[{"embeddable":true,"href":"https:\/\/m50.lv\/lv\/wp-json\/wp\/v2\/media\/112350"}],"wp:attachment":[{"href":"https:\/\/m50.lv\/lv\/wp-json\/wp\/v2\/media?parent=112366"}],"wp:term":[{"taxonomy":"pwb-brand","embeddable":true,"href":"https:\/\/m50.lv\/lv\/wp-json\/wp\/v2\/pwb-brand?post=112366"},{"taxonomy":"product_cat","embeddable":true,"href":"https:\/\/m50.lv\/lv\/wp-json\/wp\/v2\/product_cat?post=112366"},{"taxonomy":"product_tag","embeddable":true,"href":"https:\/\/m50.lv\/lv\/wp-json\/wp\/v2\/product_tag?post=112366"}],"curies":[{"name":"wp","href":"https:\/\/api.w.org\/{rel}","templated":true}]}}