{"id":112602,"date":"2021-09-15T15:45:27","date_gmt":"2021-09-15T13:45:27","guid":{"rendered":"https:\/\/m50.lv\/shop\/m50-legingi-vijolites\/"},"modified":"2026-02-23T14:43:25","modified_gmt":"2026-02-23T12:43:25","slug":"m50-legingi-vijolites","status":"publish","type":"product","link":"https:\/\/m50.lv\/lv\/product\/m50-legingi-vijolites\/","title":{"rendered":"M50 Legingi | VIJOL\u012aTES"},"content":{"rendered":"<p style=\"text-align: left;\">Skaista kr\u0101su gamma, saskan ar krekli\u0146iem no M50 Basic kolekcijas!<\/p>\n<p style=\"text-align: left;\">Dubulta josta, piegrieztne bez s\u0101nu v\u012bles.<br \/>\nMateri\u0101ls: 92% vikoze, 8% elast\u0101ns.<\/p>\n","protected":false},"excerpt":{"rendered":"<p style=\"text-align: center;\">Lieliski legingi ikdienai un sportam! Kombin\u0113 ar d\u017eemper\u012bti vai m\u012b\u013c\u0101ko kleitu! Pa\u0161as valk\u0101jam, un citiem Silti Iesak\u0101m!<\/p>\n","protected":false},"featured_media":112571,"template":"","meta":{"_jet_sm_ready_style":"","_jet_sm_style":"","_jet_sm_controls_values":"","_jet_sm_fonts_collection":"","_jet_sm_fonts_links":""},"pwb-brand":[1249],"product_cat":[102,736,733,1306,105],"product_tag":[1474,927,850],"class_list":{"0":"post-112602","1":"product","2":"type-product","3":"status-publish","4":"has-post-thumbnail","6":"pwb-brand-m50-lv","7":"product_cat-apgerbs","8":"product_cat-legingi","9":"product_cat-m50","10":"product_cat-second-skin-lv","11":"product_cat-sievietem","12":"product_tag-gifts-under-20e","13":"product_tag-m50-legingi","14":"product_tag-second-skin-lv","16":"first","17":"instock","18":"taxable","19":"shipping-taxable","20":"purchasable","21":"product-type-variable"},"raw_content":{"name":"M50 Legingi | VIJOL\u012aTES","description":"<p style=\"text-align: left;\">Skaista kr\u0101su gamma, saskan ar krekli\u0146iem no M50 Basic kolekcijas!<\/p>\r\n<p style=\"text-align: left;\">Dubulta josta, piegrieztne bez s\u0101nu v\u012bles.\r\nMateri\u0101ls: 92% vikoze, 8% elast\u0101ns.<\/p>","short_description":"<p style=\"text-align: center;\">Lieliski legingi ikdienai un sportam! Kombin\u0113 ar d\u017eemper\u012bti vai m\u012b\u013c\u0101ko kleitu! Pa\u0161as valk\u0101jam, un citiem Silti Iesak\u0101m!<\/p>","status":"publish","sku":"M50-legging-violet","original":112565},"wpml":{"translation_type":1,"has_translations":true,"original":112565,"duplicates":[],"translations":{"lv":112602,"en":112565}},"brands":[{"id":1249,"name":"M50","slug":"m50-lv"}],"_links":{"self":[{"href":"https:\/\/m50.lv\/lv\/wp-json\/wp\/v2\/product\/112602","targetHints":{"allow":["GET"]}}],"collection":[{"href":"https:\/\/m50.lv\/lv\/wp-json\/wp\/v2\/product"}],"about":[{"href":"https:\/\/m50.lv\/lv\/wp-json\/wp\/v2\/types\/product"}],"version-history":[{"count":0,"href":"https:\/\/m50.lv\/lv\/wp-json\/wp\/v2\/product\/112602\/revisions"}],"wp:featuredmedia":[{"embeddable":true,"href":"https:\/\/m50.lv\/lv\/wp-json\/wp\/v2\/media\/112571"}],"wp:attachment":[{"href":"https:\/\/m50.lv\/lv\/wp-json\/wp\/v2\/media?parent=112602"}],"wp:term":[{"taxonomy":"pwb-brand","embeddable":true,"href":"https:\/\/m50.lv\/lv\/wp-json\/wp\/v2\/pwb-brand?post=112602"},{"taxonomy":"product_cat","embeddable":true,"href":"https:\/\/m50.lv\/lv\/wp-json\/wp\/v2\/product_cat?post=112602"},{"taxonomy":"product_tag","embeddable":true,"href":"https:\/\/m50.lv\/lv\/wp-json\/wp\/v2\/product_tag?post=112602"}],"curies":[{"name":"wp","href":"https:\/\/api.w.org\/{rel}","templated":true}]}}