{"id":113115,"date":"2021-09-30T13:57:52","date_gmt":"2021-09-30T11:57:52","guid":{"rendered":"https:\/\/m50.lv\/shop\/m50-organiskas-kokvilnas-t-krekls-milums\/"},"modified":"2023-08-22T12:49:16","modified_gmt":"2023-08-22T10:49:16","slug":"m50-organiskas-kokvilnas-t-krekls-milums","status":"publish","type":"product","link":"https:\/\/m50.lv\/lv\/product\/m50-organiskas-kokvilnas-t-krekls-milums\/","title":{"rendered":"M50 Organisk\u0101s Kokvilnas T-krekls &#8220;M\u012a\u013bUMS&#8221;"},"content":{"rendered":"<p style=\"text-align: left;\">Kas Tev ir M\u012b\u013cums? K\u0101ds konkr\u0113ts cilv\u0113ks, vai attieksme pret dz\u012bvi? \u0160is T-krekls ra\u017eots no augstas kvalit\u0101tes 100% organiskas un PETA sertific\u0113tas kokvilnas. M\u012bksts un \u0113rts klasiska unisex mode\u013ca T krekls \u2013 to uzvelkot, ap\u0146ems maiga un pat\u012bkama saj\u016bta. Melns krekls, iz\u0161uvums balt\u0101 kr\u0101s\u0101. Rakst\u012bts b\u0113rna rokrakst\u0101.<\/p>\n<p style=\"text-align: left;\">Ieteicams mazg\u0101t 30C gr\u0101du temperat\u016br\u0101, izgrie\u017eot iek\u0161pusi uz \u0101ru. Auduma bl\u012bvums: 180 G\/M\u00b2<\/p>\n","protected":false},"excerpt":{"rendered":"<p style=\"text-align: center;\">Tas ir k\u0101 apsk\u0101viens, kas silda sirdi. M\u012b\u013cumu var saskat\u012bt k\u0101 otr\u0101 cilv\u0113k\u0101, t\u0101 mums visapk\u0101rt. M\u012b\u013cums izgl\u0101bs pasauli.<\/p>\n","protected":false},"featured_media":113030,"template":"","meta":{"_jet_sm_ready_style":"","_jet_sm_style":"","_jet_sm_controls_values":"","_jet_sm_fonts_collection":"","_jet_sm_fonts_links":""},"pwb-brand":[1249],"product_cat":[193,550,733,105,104,107,103],"product_tag":[1396],"class_list":{"0":"post-113115","1":"product","2":"type-product","3":"status-publish","4":"has-post-thumbnail","6":"pwb-brand-m50-lv","7":"product_cat-davanas","8":"product_cat-latviski","9":"product_cat-m50","10":"product_cat-sievietem","11":"product_cat-t-krekli","12":"product_cat-t-krekli-sievietem","13":"product_cat-viriesiem","14":"product_tag-zem20-lv","16":"first","17":"outofstock","18":"taxable","19":"shipping-taxable","20":"product-type-variable"},"raw_content":{"name":"M50 Organisk\u0101s Kokvilnas T-krekls \"M\u012a\u013bUMS\"","description":"<p style=\"text-align: left;\">Kas Tev ir M\u012b\u013cums? K\u0101ds konkr\u0113ts cilv\u0113ks, vai attieksme pret dz\u012bvi? \u0160is T-krekls ra\u017eots no augstas kvalit\u0101tes 100% organiskas un PETA sertific\u0113tas kokvilnas. M\u012bksts un \u0113rts klasiska unisex mode\u013ca T krekls \u2013 to uzvelkot, ap\u0146ems maiga un pat\u012bkama saj\u016bta. Melns krekls, iz\u0161uvums balt\u0101 kr\u0101s\u0101. Rakst\u012bts b\u0113rna rokrakst\u0101.<\/p>\r\n<p style=\"text-align: left;\">Ieteicams mazg\u0101t 30C gr\u0101du temperat\u016br\u0101, izgrie\u017eot iek\u0161pusi uz \u0101ru. Auduma bl\u012bvums: 180 G\/M\u00b2<\/p>","short_description":"<p style=\"text-align: center;\">Tas ir k\u0101 apsk\u0101viens, kas silda sirdi. M\u012b\u013cumu var saskat\u012bt k\u0101 otr\u0101 cilv\u0113k\u0101, t\u0101 mums visapk\u0101rt. M\u012b\u013cums izgl\u0101bs pasauli.<\/p>","status":"publish","sku":"M50Tshirt-MILUMS-Unisex-black","original":113057},"wpml":{"translation_type":1,"has_translations":true,"original":113057,"duplicates":[],"translations":{"lv":113115,"en":113057}},"brands":[{"id":1249,"name":"M50","slug":"m50-lv"}],"_links":{"self":[{"href":"https:\/\/m50.lv\/lv\/wp-json\/wp\/v2\/product\/113115","targetHints":{"allow":["GET"]}}],"collection":[{"href":"https:\/\/m50.lv\/lv\/wp-json\/wp\/v2\/product"}],"about":[{"href":"https:\/\/m50.lv\/lv\/wp-json\/wp\/v2\/types\/product"}],"version-history":[{"count":0,"href":"https:\/\/m50.lv\/lv\/wp-json\/wp\/v2\/product\/113115\/revisions"}],"wp:featuredmedia":[{"embeddable":true,"href":"https:\/\/m50.lv\/lv\/wp-json\/wp\/v2\/media\/113030"}],"wp:attachment":[{"href":"https:\/\/m50.lv\/lv\/wp-json\/wp\/v2\/media?parent=113115"}],"wp:term":[{"taxonomy":"pwb-brand","embeddable":true,"href":"https:\/\/m50.lv\/lv\/wp-json\/wp\/v2\/pwb-brand?post=113115"},{"taxonomy":"product_cat","embeddable":true,"href":"https:\/\/m50.lv\/lv\/wp-json\/wp\/v2\/product_cat?post=113115"},{"taxonomy":"product_tag","embeddable":true,"href":"https:\/\/m50.lv\/lv\/wp-json\/wp\/v2\/product_tag?post=113115"}],"curies":[{"name":"wp","href":"https:\/\/api.w.org\/{rel}","templated":true}]}}