{"id":113424,"date":"2021-10-04T19:24:30","date_gmt":"2021-10-04T17:24:30","guid":{"rendered":"https:\/\/m50.lv\/shop\/vaira-viksne-organiskas-kokvilnas-t-krekls-dzivot-skaisti-jojoba-2\/"},"modified":"2024-11-19T00:02:43","modified_gmt":"2024-11-18T22:02:43","slug":"vaira-viksne-organiskas-kokvilnas-t-krekls-dzivot-skaisti-balts","status":"publish","type":"product","link":"https:\/\/m50.lv\/lv\/product\/vaira-viksne-organiskas-kokvilnas-t-krekls-dzivot-skaisti-balts\/","title":{"rendered":"Vaira V\u012bksne ORGANISKAS KOKVILNAS T-KREKLS \u201cDZ\u012aVOT SKAISTI\u201d BALTS"},"content":{"rendered":"<p style=\"text-align: left;\">T-krekls ra\u017eots no augstas kvalit\u0101tes 100% organiskas un PETA sertific\u0113tas kokvilnas. M\u012bksts un \u0113rts \u2013 to uzvelkot, ap\u0146ems viegla un pat\u012bkama saj\u016bta. Krekls ra\u017eots ES, apdruk\u0101ts R\u012bg\u0101 \u2013 roku darbs sietspiedes tehnik\u0101 ar \u016bdens b\u0101zes kr\u0101s\u0101m.<\/p>\n<p style=\"text-align: left;\">Unisex t-krekls der\u0113s gan sieviet\u0113m, gan v\u012brie\u0161iem. Ieteicams mazg\u0101t 30C gr\u0101du temperat\u016br\u0101, izgrie\u017eot iek\u0161pusi uz \u0101ru. Auduma bl\u012bvums: 180 G\/M<\/p>\n","protected":false},"excerpt":{"rendered":"<p style=\"text-align: center;\">Unisex t-krekls der\u0113s gan sieviet\u0113m, gan v\u012brie\u0161iem.<\/p>\n","protected":false},"featured_media":113405,"template":"","meta":{"_jet_sm_ready_style":"","_jet_sm_style":"","_jet_sm_controls_values":"","_jet_sm_fonts_collection":"","_jet_sm_fonts_links":""},"pwb-brand":[1261],"product_cat":[193,550,105,104,107,103],"product_tag":[1396],"class_list":{"0":"post-113424","1":"product","2":"type-product","3":"status-publish","4":"has-post-thumbnail","6":"pwb-brand-vaira-viksne-lv","7":"product_cat-davanas","8":"product_cat-latviski","9":"product_cat-sievietem","10":"product_cat-t-krekli","11":"product_cat-t-krekli-sievietem","12":"product_cat-viriesiem","13":"product_tag-zem20-lv","15":"first","16":"outofstock","17":"taxable","18":"shipping-taxable","19":"product-type-variable"},"raw_content":{"name":"Vaira V\u012bksne ORGANISKAS KOKVILNAS T-KREKLS \u201cDZ\u012aVOT SKAISTI\u201d BALTS","description":"<p style=\"text-align: left;\">T-krekls ra\u017eots no augstas kvalit\u0101tes 100% organiskas un PETA sertific\u0113tas kokvilnas. M\u012bksts un \u0113rts \u2013 to uzvelkot, ap\u0146ems viegla un pat\u012bkama saj\u016bta. Krekls ra\u017eots ES, apdruk\u0101ts R\u012bg\u0101 \u2013 roku darbs sietspiedes tehnik\u0101 ar \u016bdens b\u0101zes kr\u0101s\u0101m.<\/p>\r\n<p style=\"text-align: left;\">Unisex t-krekls der\u0113s gan sieviet\u0113m, gan v\u012brie\u0161iem. Ieteicams mazg\u0101t 30C gr\u0101du temperat\u016br\u0101, izgrie\u017eot iek\u0161pusi uz \u0101ru. Auduma bl\u012bvums: 180 G\/M<\/p>","short_description":"<p style=\"text-align: center;\">Unisex t-krekls der\u0113s gan sieviet\u0113m, gan v\u012brie\u0161iem.<\/p>","status":"publish","sku":"VairaViksne-Tshirt-jojoba-white","original":113399},"wpml":{"translation_type":1,"has_translations":true,"original":113399,"duplicates":[],"translations":{"lv":113424,"en":113399}},"brands":[{"id":1261,"name":"Vaira V\u012bksne","slug":"vaira-viksne-lv"}],"_links":{"self":[{"href":"https:\/\/m50.lv\/lv\/wp-json\/wp\/v2\/product\/113424","targetHints":{"allow":["GET"]}}],"collection":[{"href":"https:\/\/m50.lv\/lv\/wp-json\/wp\/v2\/product"}],"about":[{"href":"https:\/\/m50.lv\/lv\/wp-json\/wp\/v2\/types\/product"}],"version-history":[{"count":0,"href":"https:\/\/m50.lv\/lv\/wp-json\/wp\/v2\/product\/113424\/revisions"}],"wp:featuredmedia":[{"embeddable":true,"href":"https:\/\/m50.lv\/lv\/wp-json\/wp\/v2\/media\/113405"}],"wp:attachment":[{"href":"https:\/\/m50.lv\/lv\/wp-json\/wp\/v2\/media?parent=113424"}],"wp:term":[{"taxonomy":"pwb-brand","embeddable":true,"href":"https:\/\/m50.lv\/lv\/wp-json\/wp\/v2\/pwb-brand?post=113424"},{"taxonomy":"product_cat","embeddable":true,"href":"https:\/\/m50.lv\/lv\/wp-json\/wp\/v2\/product_cat?post=113424"},{"taxonomy":"product_tag","embeddable":true,"href":"https:\/\/m50.lv\/lv\/wp-json\/wp\/v2\/product_tag?post=113424"}],"curies":[{"name":"wp","href":"https:\/\/api.w.org\/{rel}","templated":true}]}}