{"id":113795,"date":"2021-10-13T15:51:44","date_gmt":"2021-10-13T13:51:44","guid":{"rendered":"https:\/\/m50.lv\/shop\/m50-biker-sorti-avene\/"},"modified":"2024-07-19T16:39:41","modified_gmt":"2024-07-19T14:39:41","slug":"m50-biker-sorti-avene","status":"publish","type":"product","link":"https:\/\/m50.lv\/lv\/product\/m50-biker-sorti-avene\/","title":{"rendered":"M50 BIKER \u0161orti Avene"},"content":{"rendered":"<p style=\"text-align: left;\">Maigi un pat\u012bkami \u2013 sast\u0101vs 96% organisk\u0101 kokvilna, 4% elast\u0101ns.<br \/>\nKombin\u0113 ar T kreklu, \u017eaket\u012bti vai h\u016bdiju \u2013 \u0161ajos \u0161orti\u0146os izskat\u012bsies p\u0101rliecino\u0161i un efekt\u012bgi!<\/p>\n","protected":false},"excerpt":{"rendered":"<p style=\"text-align: center;\">Sezonas aktualit\u0101te \u0113rt\u012bbai un stilam. Organisk\u0101s kokvilnas \/ elast\u0101na auduma \u0161orti ar augstu vidukli. Augumam perfekti piegulo\u0161i, ar t\u0101da pa\u0161a auduma 4cm platu jostas da\u013cu.<\/p>\n","protected":false},"featured_media":113755,"template":"","meta":{"_jet_sm_ready_style":"","_jet_sm_style":"","_jet_sm_controls_values":"","_jet_sm_fonts_collection":"","_jet_sm_fonts_links":""},"pwb-brand":[1249],"product_cat":[102,1370,664,736,733,105],"product_tag":[1474,1445],"class_list":["post-113795","product","type-product","status-publish","has-post-thumbnail","pwb-brand-m50-lv","product_cat-apgerbs","product_cat-baikersorti","product_cat-bikses","product_cat-legingi","product_cat-m50","product_cat-sievietem","product_tag-gifts-under-20e","product_tag-vasaras-atlaide","first","instock","sale","taxable","shipping-taxable","purchasable","product-type-variable"],"raw_content":{"name":"M50 BIKER \u0161orti Avene","description":"<p style=\"text-align: left;\">Maigi un pat\u012bkami \u2013 sast\u0101vs 96% organisk\u0101 kokvilna, 4% elast\u0101ns.\r\nKombin\u0113 ar T kreklu, \u017eaket\u012bti vai h\u016bdiju \u2013 \u0161ajos \u0161orti\u0146os izskat\u012bsies p\u0101rliecino\u0161i un efekt\u012bgi!<\/p>","short_description":"<p style=\"text-align: center;\">Sezonas aktualit\u0101te \u0113rt\u012bbai un stilam. Organisk\u0101s kokvilnas \/ elast\u0101na auduma \u0161orti ar augstu vidukli. Augumam perfekti piegulo\u0161i, ar t\u0101da pa\u0161a auduma 4cm platu jostas da\u013cu.<\/p>","status":"publish","sku":"m50-biker-shorts-rhaspberry","original":113784},"wpml":{"translation_type":1,"has_translations":true,"original":113784,"duplicates":[],"translations":{"lv":113795,"en":113784}},"brands":[{"id":1249,"name":"M50","slug":"m50-lv"}],"_links":{"self":[{"href":"https:\/\/m50.lv\/lv\/wp-json\/wp\/v2\/product\/113795","targetHints":{"allow":["GET"]}}],"collection":[{"href":"https:\/\/m50.lv\/lv\/wp-json\/wp\/v2\/product"}],"about":[{"href":"https:\/\/m50.lv\/lv\/wp-json\/wp\/v2\/types\/product"}],"version-history":[{"count":0,"href":"https:\/\/m50.lv\/lv\/wp-json\/wp\/v2\/product\/113795\/revisions"}],"wp:featuredmedia":[{"embeddable":true,"href":"https:\/\/m50.lv\/lv\/wp-json\/wp\/v2\/media\/113755"}],"wp:attachment":[{"href":"https:\/\/m50.lv\/lv\/wp-json\/wp\/v2\/media?parent=113795"}],"wp:term":[{"taxonomy":"pwb-brand","embeddable":true,"href":"https:\/\/m50.lv\/lv\/wp-json\/wp\/v2\/pwb-brand?post=113795"},{"taxonomy":"product_cat","embeddable":true,"href":"https:\/\/m50.lv\/lv\/wp-json\/wp\/v2\/product_cat?post=113795"},{"taxonomy":"product_tag","embeddable":true,"href":"https:\/\/m50.lv\/lv\/wp-json\/wp\/v2\/product_tag?post=113795"}],"curies":[{"name":"wp","href":"https:\/\/api.w.org\/{rel}","templated":true}]}}