{"id":114551,"date":"2021-10-25T18:18:19","date_gmt":"2021-10-25T16:18:19","guid":{"rendered":"https:\/\/m50.lv\/shop\/seik-draugi-uz-muzu-atminu-klade\/"},"modified":"2022-01-18T00:00:42","modified_gmt":"2022-01-17T21:00:42","slug":"seik-draugi-uz-muzu-atminu-klade","status":"publish","type":"product","link":"https:\/\/m50.lv\/lv\/product\/seik-draugi-uz-muzu-atminu-klade\/","title":{"rendered":"SEIK DRAUGI UZ M\u016a\u017dU \u2013 ATMI\u0145U KLADE"},"content":{"rendered":"<p style=\"text-align: left;\">Lai m\u0113s vienm\u0113r sp\u0113tu atcer\u0113ties m\u016bsu pirmo tik\u0161anos, piedz\u012bvojumus un kop\u012bgi izsap\u0146otos sap\u0146us. Lai m\u0113s nekad neaizmirstu m\u016bsu \u012bpa\u0161o draudz\u012bbu un kop\u0101 pavad\u012bto laiku. Lai \u0161\u012bs atmi\u0146as silda m\u016bsu sirdis p\u0113c\u0101k gadu no gada. Lai mums atrodas laiks p\u0113c gadiem satikties un p\u0101r\u0161\u0137irst\u012bt \u0161aj\u0101 klad\u0113 ierakst\u012bt\u0101s rindas.<\/p>\n<p style=\"text-align: left;\">1.Jaut\u0101jumi draudzenei par vi\u0146u<br \/>\nDraudzene atbild\u0113s uz jaut\u0101jumiem pati. Lai tu vienm\u0113r zini, kad ir vi\u0146as dzim\u0161anas diena, par ko vi\u0146a sap\u0146oja, kas ir vi\u0146as m\u012b\u013c\u0101kais \u0113diens un dz\u0113riens un lietas, ko pat\u012bk dar\u012bt. \u013bauj draudzenei pa\u0161ai aizpild\u012bt atbildes uz jaut\u0101jumiem, un, iesp\u0113jams, tu uzzin\u0101si kaut ko jaunu, kaut ko, kas tevi p\u0101rsteigs.<\/p>\n<p style=\"text-align: left;\">2.Jaut\u0101jumi draudzenei par mani<br \/>\nDraudzene atbild jaut\u0101jumus par tevi. Tas var b\u016bt p\u0101rsteidzo\u0161i, cik da\u017e\u0101di tavi draugi tevi redz. P\u0113c\u0101k j\u016bs kop\u0101 varat pasmieties par uzrakst\u012bto, piem\u0113ram, k\u0101dai slaven\u012bbai, vi\u0146aspr\u0101t, tu esi visl\u012bdz\u012bg\u0101k\u0101. Tava draudzene var ar\u012b uzrakst\u012bt tev jaukus v\u0113l\u0113jumus, lai tu laiku pa laikam vari tos p\u0101rlas\u012bt. Lai tie tevi stiprina gr\u016btos br\u012b\u017eos.<\/p>\n<p style=\"text-align: left;\">3. Jaut\u0101jumi par m\u016bsu draudz\u012bbu<br \/>\n\u013bauj draudzenei uzrakst\u012bt, k\u0101 j\u016bs abas iepazin\u0101ties, un k\u0101das ir vi\u0146as m\u012b\u013c\u0101k\u0101s atmi\u0146as par j\u016bsu draudz\u012bbu. Katram no draugiem t\u0101s b\u016bs cit\u0101das, un t\u0101d\u0113\u013c tik \u013coti \u012bpa\u0161as.<\/p>\n<p style=\"text-align: left;\">4. Kura no mums visdr\u012bz\u0101k..?<br \/>\n\u013bauj draudzenei uzrakst\u012bt, kura no Jums visdr\u012bz\u0101k kaut ko nokav\u0113s, uzvar\u0113s loterij\u0101 vai paliks aug\u0161\u0101 visu nakti. P\u0113c\u0101k j\u016bs varat kop\u012bgi pasmieties un padiskut\u0113t, k\u0101p\u0113c \u0161\u0101da izv\u0113le. Tas ir \u013coti iesp\u0113jams, ka draudzenes domas nesakrit\u012bs ar tav\u0113j\u0101m un liks jums kop\u0101 atcer\u0113ties smiekl\u012bgus br\u012b\u017eus.<\/p>\n<p style=\"text-align: left;\">5. Iel\u012bm\u0113 klad\u0113 j\u016bsu kop\u012bgu bildi<br \/>\nTava draudzene var iel\u012bm\u0113t \u0161eit j\u016bsu kop\u012bgu foto vai ar\u012b j\u016bs abas uzz\u012bm\u0113t. Tas var b\u016bt j\u016bsu abu selfijs vai pirm\u0101 j\u016bsu kop\u012bg\u0101 bilde. P\u0113c vair\u0101kiem gadiem b\u016bs tik jauki uz \u0161o bildi paskat\u012bties v\u0113lreiz un m\u0113\u0123in\u0101t nobild\u0113t identisku. Paman\u012bsiet, cik daudz kas tom\u0113r ir main\u012bjies, bet j\u016bsu draudz\u012bba paliek.<\/p>\n","protected":false},"excerpt":{"rendered":"<p style=\"text-align: center;\">Draugs ir k\u0101ds, kas dal\u0101s ar tevi gan savos priekos, gan b\u0113d\u0101s. \u012asts draugs vienm\u0113r ir tev l\u012bdz\u0101s. Vi\u0146am tu st\u0101sti pa\u0161us smiekl\u012bg\u0101kos savus atgad\u012bjumus un skumsti, kad vi\u0146a nav tev blakus. Lai tu b\u016btu labs draugs, ir svar\u012bgi, ka sp\u0113j no sirds uzklaus\u012bt un b\u016bt l\u012bdzj\u016bt\u012bgam. Aizpildi \u0161o kladi un iedod saviem draugiem to aizpild\u012bt, lai j\u016bs uzzin\u0101tu viens par otru vair\u0101k un k\u013c\u016btu v\u0113l lab\u0101ki draugi.<\/p>\n","protected":false},"featured_media":114497,"template":"","meta":{"_jet_sm_ready_style":"","_jet_sm_style":"","_jet_sm_controls_values":"","_jet_sm_fonts_collection":"","_jet_sm_fonts_links":""},"pwb-brand":[1266],"product_cat":[193,109,779],"product_tag":[1366,1474],"class_list":{"0":"post-114551","1":"product","2":"type-product","3":"status-publish","4":"has-post-thumbnail","6":"pwb-brand-seik-lv","7":"product_cat-davanas","8":"product_cat-gramatas","9":"product_cat-planotaji","10":"product_tag-back-2-school-lv","11":"product_tag-gifts-under-20e","13":"first","14":"instock","15":"taxable","16":"shipping-taxable","17":"purchasable","18":"product-type-simple"},"raw_content":{"name":"SEIK DRAUGI UZ M\u016a\u017dU \u2013 ATMI\u0145U KLADE","description":"<p style=\"text-align: left;\">Lai m\u0113s vienm\u0113r sp\u0113tu atcer\u0113ties m\u016bsu pirmo tik\u0161anos, piedz\u012bvojumus un kop\u012bgi izsap\u0146otos sap\u0146us. Lai m\u0113s nekad neaizmirstu m\u016bsu \u012bpa\u0161o draudz\u012bbu un kop\u0101 pavad\u012bto laiku. Lai \u0161\u012bs atmi\u0146as silda m\u016bsu sirdis p\u0113c\u0101k gadu no gada. Lai mums atrodas laiks p\u0113c gadiem satikties un p\u0101r\u0161\u0137irst\u012bt \u0161aj\u0101 klad\u0113 ierakst\u012bt\u0101s rindas.<\/p>\r\n<p style=\"text-align: left;\">1.Jaut\u0101jumi draudzenei par vi\u0146u\r\nDraudzene atbild\u0113s uz jaut\u0101jumiem pati. Lai tu vienm\u0113r zini, kad ir vi\u0146as dzim\u0161anas diena, par ko vi\u0146a sap\u0146oja, kas ir vi\u0146as m\u012b\u013c\u0101kais \u0113diens un dz\u0113riens un lietas, ko pat\u012bk dar\u012bt. \u013bauj draudzenei pa\u0161ai aizpild\u012bt atbildes uz jaut\u0101jumiem, un, iesp\u0113jams, tu uzzin\u0101si kaut ko jaunu, kaut ko, kas tevi p\u0101rsteigs.<\/p>\r\n<p style=\"text-align: left;\">2.Jaut\u0101jumi draudzenei par mani\r\nDraudzene atbild jaut\u0101jumus par tevi. Tas var b\u016bt p\u0101rsteidzo\u0161i, cik da\u017e\u0101di tavi draugi tevi redz. P\u0113c\u0101k j\u016bs kop\u0101 varat pasmieties par uzrakst\u012bto, piem\u0113ram, k\u0101dai slaven\u012bbai, vi\u0146aspr\u0101t, tu esi visl\u012bdz\u012bg\u0101k\u0101. Tava draudzene var ar\u012b uzrakst\u012bt tev jaukus v\u0113l\u0113jumus, lai tu laiku pa laikam vari tos p\u0101rlas\u012bt. Lai tie tevi stiprina gr\u016btos br\u012b\u017eos.<\/p>\r\n<p style=\"text-align: left;\">3. Jaut\u0101jumi par m\u016bsu draudz\u012bbu\r\n\u013bauj draudzenei uzrakst\u012bt, k\u0101 j\u016bs abas iepazin\u0101ties, un k\u0101das ir vi\u0146as m\u012b\u013c\u0101k\u0101s atmi\u0146as par j\u016bsu draudz\u012bbu. Katram no draugiem t\u0101s b\u016bs cit\u0101das, un t\u0101d\u0113\u013c tik \u013coti \u012bpa\u0161as.<\/p>\r\n<p style=\"text-align: left;\">4. Kura no mums visdr\u012bz\u0101k..?\r\n\u013bauj draudzenei uzrakst\u012bt, kura no Jums visdr\u012bz\u0101k kaut ko nokav\u0113s, uzvar\u0113s loterij\u0101 vai paliks aug\u0161\u0101 visu nakti. P\u0113c\u0101k j\u016bs varat kop\u012bgi pasmieties un padiskut\u0113t, k\u0101p\u0113c \u0161\u0101da izv\u0113le. Tas ir \u013coti iesp\u0113jams, ka draudzenes domas nesakrit\u012bs ar tav\u0113j\u0101m un liks jums kop\u0101 atcer\u0113ties smiekl\u012bgus br\u012b\u017eus.<\/p>\r\n<p style=\"text-align: left;\">5. Iel\u012bm\u0113 klad\u0113 j\u016bsu kop\u012bgu bildi\r\nTava draudzene var iel\u012bm\u0113t \u0161eit j\u016bsu kop\u012bgu foto vai ar\u012b j\u016bs abas uzz\u012bm\u0113t. Tas var b\u016bt j\u016bsu abu selfijs vai pirm\u0101 j\u016bsu kop\u012bg\u0101 bilde. P\u0113c vair\u0101kiem gadiem b\u016bs tik jauki uz \u0161o bildi paskat\u012bties v\u0113lreiz un m\u0113\u0123in\u0101t nobild\u0113t identisku. Paman\u012bsiet, cik daudz kas tom\u0113r ir main\u012bjies, bet j\u016bsu draudz\u012bba paliek.<\/p>","short_description":"<p style=\"text-align: center;\">Draugs ir k\u0101ds, kas dal\u0101s ar tevi gan savos priekos, gan b\u0113d\u0101s. \u012asts draugs vienm\u0113r ir tev l\u012bdz\u0101s. Vi\u0146am tu st\u0101sti pa\u0161us smiekl\u012bg\u0101kos savus atgad\u012bjumus un skumsti, kad vi\u0146a nav tev blakus. Lai tu b\u016btu labs draugs, ir svar\u012bgi, ka sp\u0113j no sirds uzklaus\u012bt un b\u016bt l\u012bdzj\u016bt\u012bgam. Aizpildi \u0161o kladi un iedod saviem draugiem to aizpild\u012bt, lai j\u016bs uzzin\u0101tu viens par otru vair\u0101k un k\u013c\u016btu v\u0113l lab\u0101ki draugi.<\/p>","status":"publish","sku":"seik-4744716011122","original":114544},"wpml":{"translation_type":1,"has_translations":true,"original":114544,"duplicates":[],"translations":{"lv":114551,"en":114544}},"brands":[{"id":1266,"name":"SEIK","slug":"seik-lv"}],"_links":{"self":[{"href":"https:\/\/m50.lv\/lv\/wp-json\/wp\/v2\/product\/114551","targetHints":{"allow":["GET"]}}],"collection":[{"href":"https:\/\/m50.lv\/lv\/wp-json\/wp\/v2\/product"}],"about":[{"href":"https:\/\/m50.lv\/lv\/wp-json\/wp\/v2\/types\/product"}],"version-history":[{"count":0,"href":"https:\/\/m50.lv\/lv\/wp-json\/wp\/v2\/product\/114551\/revisions"}],"wp:featuredmedia":[{"embeddable":true,"href":"https:\/\/m50.lv\/lv\/wp-json\/wp\/v2\/media\/114497"}],"wp:attachment":[{"href":"https:\/\/m50.lv\/lv\/wp-json\/wp\/v2\/media?parent=114551"}],"wp:term":[{"taxonomy":"pwb-brand","embeddable":true,"href":"https:\/\/m50.lv\/lv\/wp-json\/wp\/v2\/pwb-brand?post=114551"},{"taxonomy":"product_cat","embeddable":true,"href":"https:\/\/m50.lv\/lv\/wp-json\/wp\/v2\/product_cat?post=114551"},{"taxonomy":"product_tag","embeddable":true,"href":"https:\/\/m50.lv\/lv\/wp-json\/wp\/v2\/product_tag?post=114551"}],"curies":[{"name":"wp","href":"https:\/\/api.w.org\/{rel}","templated":true}]}}