{"id":114929,"date":"2021-11-02T16:03:09","date_gmt":"2021-11-02T14:03:09","guid":{"rendered":"https:\/\/m50.lv\/shop\/24bottles-travel-tumbler-600ml-tuxedo-black-2\/"},"modified":"2026-04-06T12:31:45","modified_gmt":"2026-04-06T10:31:45","slug":"24bottles-travel-tumbler-600ml-tuxedo-black-2","status":"publish","type":"product","link":"https:\/\/m50.lv\/lv\/product\/24bottles-travel-tumbler-600ml-tuxedo-black-2\/","title":{"rendered":"24Bottles Travel Tumbler 600ml Tuxedo Black"},"content":{"rendered":"<p style=\"text-align: left;\">Kr\u016bzes dubult\u0101 sieni\u0146a un vakuuma izol\u0101cija saglab\u0101s j\u016bsu kafiju karstu 4 \u2013 6 stundas, bet aukstu \u2013 24 stundas.<\/p>\n<p style=\"text-align: left;\">\u201cpadzeries un dodies\u201d tipa aizspie\u017eamais v\u0101ci\u0146\u0161 ir r\u016bp\u012bgi izstr\u0101d\u0101ts, lai nodro\u0161in\u0101tu \u0113rtu un dro\u0161u kr\u016bzes p\u0101rn\u0113s\u0101\u0161anu, dz\u0113rienam neizl\u012bstot.<\/p>\n<ul>\n<li style=\"text-align: left;\">18\/8 p\u0101rtikas klases ner\u016bs\u0113jo\u0161ais t\u0113rauds<\/li>\n<li style=\"text-align: left;\">\u0160\u0137idrumu necaurlaid\u012bgs \u201cpadzeries un dodies\u201d tipa v\u0101ci\u0146\u0161<\/li>\n<li style=\"text-align: left;\">Uztur dz\u0113rienu karstu l\u012bdz 6 stund\u0101m un aukstu \u2013 l\u012bdz 24 stund\u0101m<\/li>\n<li style=\"text-align: left;\">Nesatur BPA, ftal\u0101rus, toks\u012bnus<\/li>\n<li style=\"text-align: left;\">Piem\u0113rots salmi\u0146am, aizspie\u017eams kor\u0137\u012btis<\/li>\n<li style=\"text-align: left;\">Nesatur un neizdala arom\u0101tu<\/li>\n<li style=\"text-align: left;\">Nenosv\u012bst, neveido kondens\u0101tu<\/li>\n<li style=\"text-align: left;\">Plats atv\u0113rums ledus iepild\u012b\u0161anai un vienk\u0101r\u0161ai t\u012br\u012b\u0161anai<\/li>\n<li style=\"text-align: left;\">Atbilst lidostu dro\u0161\u012bbas nosac\u012bjumiem<\/li>\n<li style=\"text-align: left;\">Trauku mazg\u0101jamaj\u0101 ma\u0161\u012bn\u0101 mazg\u0101jams \u201cpadzeries un dodies\u201d tipa v\u0101ci\u0146\u0161<\/li>\n<\/ul>\n","protected":false},"excerpt":{"rendered":"<p style=\"text-align: center;\">Iedvesmojoties no klasisk\u0101k &#8211; Tuxedo Black . M\u016b\u017e\u012bga elegance k\u0101 oblig\u0101ts aksesu\u0101rs, kas nevainojami ieder\u0113sies jebkur\u0101 vid\u0113.<\/p>\n","protected":false},"featured_media":114866,"template":"","meta":{"_jet_sm_ready_style":"","_jet_sm_style":"","_jet_sm_controls_values":"","_jet_sm_fonts_collection":"","_jet_sm_fonts_links":""},"pwb-brand":[1251],"product_cat":[202,193,105,709,103,238],"product_tag":[1366],"class_list":{"0":"post-114929","1":"product","2":"type-product","3":"status-publish","4":"has-post-thumbnail","6":"pwb-brand-24bottles-lv","7":"product_cat-24bottles-lv","8":"product_cat-davanas","9":"product_cat-sievietem","10":"product_cat-travel-tumbler-lv","11":"product_cat-viriesiem","12":"product_cat-zerowaste-lv","13":"product_tag-back-2-school-lv","15":"first","16":"outofstock","17":"taxable","18":"shipping-taxable","19":"purchasable","20":"product-type-simple"},"raw_content":{"name":"24Bottles Travel Tumbler 600ml Tuxedo Black","description":"<p style=\"text-align: left;\">Kr\u016bzes dubult\u0101 sieni\u0146a un vakuuma izol\u0101cija saglab\u0101s j\u016bsu kafiju karstu 4 \u2013 6 stundas, bet aukstu \u2013 24 stundas.<\/p>\r\n<p style=\"text-align: left;\">\u201cpadzeries un dodies\u201d tipa aizspie\u017eamais v\u0101ci\u0146\u0161 ir r\u016bp\u012bgi izstr\u0101d\u0101ts, lai nodro\u0161in\u0101tu \u0113rtu un dro\u0161u kr\u016bzes p\u0101rn\u0113s\u0101\u0161anu, dz\u0113rienam neizl\u012bstot.<\/p>\r\n\r\n<ul>\r\n \t<li style=\"text-align: left;\">18\/8 p\u0101rtikas klases ner\u016bs\u0113jo\u0161ais t\u0113rauds<\/li>\r\n \t<li style=\"text-align: left;\">\u0160\u0137idrumu necaurlaid\u012bgs \u201cpadzeries un dodies\u201d tipa v\u0101ci\u0146\u0161<\/li>\r\n \t<li style=\"text-align: left;\">Uztur dz\u0113rienu karstu l\u012bdz 6 stund\u0101m un aukstu \u2013 l\u012bdz 24 stund\u0101m<\/li>\r\n \t<li style=\"text-align: left;\">Nesatur BPA, ftal\u0101rus, toks\u012bnus<\/li>\r\n \t<li style=\"text-align: left;\">Piem\u0113rots salmi\u0146am, aizspie\u017eams kor\u0137\u012btis<\/li>\r\n \t<li style=\"text-align: left;\">Nesatur un neizdala arom\u0101tu<\/li>\r\n \t<li style=\"text-align: left;\">Nenosv\u012bst, neveido kondens\u0101tu<\/li>\r\n \t<li style=\"text-align: left;\">Plats atv\u0113rums ledus iepild\u012b\u0161anai un vienk\u0101r\u0161ai t\u012br\u012b\u0161anai<\/li>\r\n \t<li style=\"text-align: left;\">Atbilst lidostu dro\u0161\u012bbas nosac\u012bjumiem<\/li>\r\n \t<li style=\"text-align: left;\">Trauku mazg\u0101jamaj\u0101 ma\u0161\u012bn\u0101 mazg\u0101jams \u201cpadzeries un dodies\u201d tipa v\u0101ci\u0146\u0161<\/li>\r\n<\/ul>","short_description":"<p style=\"text-align: center;\">Iedvesmojoties no klasisk\u0101k - Tuxedo Black . M\u016b\u017e\u012bga elegance k\u0101 oblig\u0101ts aksesu\u0101rs, kas nevainojami ieder\u0113sies jebkur\u0101 vid\u0113.<\/p>","status":"publish","sku":"tumbler-600-black","original":114912},"wpml":{"translation_type":1,"has_translations":true,"original":114912,"duplicates":[],"translations":{"lv":114929,"en":114912}},"brands":[{"id":1251,"name":"24Bottles","slug":"24bottles-lv"}],"_links":{"self":[{"href":"https:\/\/m50.lv\/lv\/wp-json\/wp\/v2\/product\/114929","targetHints":{"allow":["GET"]}}],"collection":[{"href":"https:\/\/m50.lv\/lv\/wp-json\/wp\/v2\/product"}],"about":[{"href":"https:\/\/m50.lv\/lv\/wp-json\/wp\/v2\/types\/product"}],"version-history":[{"count":0,"href":"https:\/\/m50.lv\/lv\/wp-json\/wp\/v2\/product\/114929\/revisions"}],"wp:featuredmedia":[{"embeddable":true,"href":"https:\/\/m50.lv\/lv\/wp-json\/wp\/v2\/media\/114866"}],"wp:attachment":[{"href":"https:\/\/m50.lv\/lv\/wp-json\/wp\/v2\/media?parent=114929"}],"wp:term":[{"taxonomy":"pwb-brand","embeddable":true,"href":"https:\/\/m50.lv\/lv\/wp-json\/wp\/v2\/pwb-brand?post=114929"},{"taxonomy":"product_cat","embeddable":true,"href":"https:\/\/m50.lv\/lv\/wp-json\/wp\/v2\/product_cat?post=114929"},{"taxonomy":"product_tag","embeddable":true,"href":"https:\/\/m50.lv\/lv\/wp-json\/wp\/v2\/product_tag?post=114929"}],"curies":[{"name":"wp","href":"https:\/\/api.w.org\/{rel}","templated":true}]}}