{"id":114934,"date":"2021-11-02T16:20:29","date_gmt":"2021-11-02T14:20:29","guid":{"rendered":"https:\/\/m50.lv\/shop\/24bottles-urban-udenpudele-250ml-best-friends\/"},"modified":"2022-04-04T16:08:48","modified_gmt":"2022-04-04T13:08:48","slug":"24bottles-urban-udenpudele-250ml-best-friends","status":"publish","type":"product","link":"https:\/\/m50.lv\/lv\/product\/24bottles-urban-udenpudele-250ml-best-friends\/","title":{"rendered":"24Bottles Urban \u016adenpudele 250ml Best Friends"},"content":{"rendered":"<p style=\"text-align: left;\">Glossy Finish paspilgtina mode\u013ca nokr\u0101sas, pie\u0161\u0137ir dizainam elegantu piesk\u0101rienu un taj\u0101 atmirdz gaisma.<\/p>\n<p style=\"text-align: left;\">B\u0113rnu pudele ar salmi\u0146u ir \u012bpa\u0161i viegla un lieliski piem\u0113rota, lai to viegli tur\u0113tu rok\u0101s, lai \u0113rti un patst\u0101v\u012bgi dzertu \u016bdeni m\u0101j\u0101s, skol\u0101 vai rota\u013cu laukum\u0101.<br \/>\nV\u0101ci\u0146\u0161 ar integr\u0113tu atv\u0113r\u0161anas-aizv\u0113r\u0161anas salmi\u0146u ir 100% necaurlaid\u012bgs un \u013cauj \u0113rti dzert pat ar vienu roku.<\/p>\n<p style=\"text-align: left;\">\u012apa\u0161\u012bbas:<\/p>\n<ul>\n<li style=\"text-align: left;\">Sp\u012bd\u012bga apdare<\/li>\n<li style=\"text-align: left;\">18\/8 p\u0101rtikas kvalit\u0101tes ner\u016bs\u0113jo\u0161ais t\u0113rauds<\/li>\n<li style=\"text-align: left;\">100% bez BPA, nesatur toks\u012bnus<\/li>\n<li style=\"text-align: left;\">Saglab\u0101 un nepie\u0161\u0137ir arom\u0101tu<\/li>\n<li style=\"text-align: left;\">Viens pagrieziens herm\u0113tisk\u0101 v\u0101ka atv\u0113r\u0161anai<\/li>\n<li style=\"text-align: left;\">Plats kakli\u0146\u0161 ledus piepild\u012b\u0161anai un \u0113rtai t\u012br\u012b\u0161anai<\/li>\n<li style=\"text-align: left;\">Viena sieni\u0146a<\/li>\n<li style=\"text-align: left;\">Lidostas dro\u0161\u012bbai draudz\u012bga<\/li>\n<li style=\"text-align: left;\">Ieteicams mazg\u0101t ar rok\u0101m<\/li>\n<\/ul>\n","protected":false},"excerpt":{"rendered":"<p style=\"text-align: center;\">Best Friends ir jautrs aicin\u0101jums pie\u0146emt ilgtsp\u0113j\u012bgu dz\u012bvesveidu jau no mazotnes, lai aizsarg\u0101tu m\u016bsu plan\u0113tu.<\/p>\n","protected":false},"featured_media":114854,"template":"","meta":{"_jet_sm_ready_style":"","_jet_sm_style":"","_jet_sm_controls_values":"","_jet_sm_fonts_collection":"","_jet_sm_fonts_links":""},"pwb-brand":[1251],"product_cat":[186,781,179,60,61,237],"product_tag":[1474],"class_list":{"0":"post-114934","1":"product","2":"type-product","3":"status-publish","4":"has-post-thumbnail","6":"pwb-brand-24bottles-lv","7":"product_cat-24bottles","8":"product_cat-kids","9":"product_cat-gifts","10":"product_cat-womens","11":"product_cat-mens","12":"product_cat-zero-waste","13":"product_tag-gifts-under-20e","15":"first","16":"outofstock","17":"taxable","18":"shipping-taxable","19":"purchasable","20":"product-type-simple"},"raw_content":{"name":"24Bottles Urban \u016adenpudele 250ml Best Friends","description":"<p style=\"text-align: left;\">Glossy Finish paspilgtina mode\u013ca nokr\u0101sas, pie\u0161\u0137ir dizainam elegantu piesk\u0101rienu un taj\u0101 atmirdz gaisma.<\/p>\r\n<p style=\"text-align: left;\">B\u0113rnu pudele ar salmi\u0146u ir \u012bpa\u0161i viegla un lieliski piem\u0113rota, lai to viegli tur\u0113tu rok\u0101s, lai \u0113rti un patst\u0101v\u012bgi dzertu \u016bdeni m\u0101j\u0101s, skol\u0101 vai rota\u013cu laukum\u0101.\r\nV\u0101ci\u0146\u0161 ar integr\u0113tu atv\u0113r\u0161anas-aizv\u0113r\u0161anas salmi\u0146u ir 100% necaurlaid\u012bgs un \u013cauj \u0113rti dzert pat ar vienu roku.<\/p>\r\n<p style=\"text-align: left;\">\u012apa\u0161\u012bbas:<\/p>\r\n\r\n<ul>\r\n \t<li style=\"text-align: left;\">Sp\u012bd\u012bga apdare<\/li>\r\n \t<li style=\"text-align: left;\">18\/8 p\u0101rtikas kvalit\u0101tes ner\u016bs\u0113jo\u0161ais t\u0113rauds<\/li>\r\n \t<li style=\"text-align: left;\">100% bez BPA, nesatur toks\u012bnus<\/li>\r\n \t<li style=\"text-align: left;\">Saglab\u0101 un nepie\u0161\u0137ir arom\u0101tu<\/li>\r\n \t<li style=\"text-align: left;\">Viens pagrieziens herm\u0113tisk\u0101 v\u0101ka atv\u0113r\u0161anai<\/li>\r\n \t<li style=\"text-align: left;\">Plats kakli\u0146\u0161 ledus piepild\u012b\u0161anai un \u0113rtai t\u012br\u012b\u0161anai<\/li>\r\n \t<li style=\"text-align: left;\">Viena sieni\u0146a<\/li>\r\n \t<li style=\"text-align: left;\">Lidostas dro\u0161\u012bbai draudz\u012bga<\/li>\r\n \t<li style=\"text-align: left;\">Ieteicams mazg\u0101t ar rok\u0101m<\/li>\r\n<\/ul>","short_description":"<p style=\"text-align: center;\">Best Friends ir jautrs aicin\u0101jums pie\u0146emt ilgtsp\u0113j\u012bgu dz\u012bvesveidu jau no mazotnes, lai aizsarg\u0101tu m\u016bsu plan\u0113tu.<\/p>","status":"publish","sku":"24bottles-kids-bestf","original":114919},"wpml":{"translation_type":1,"has_translations":true,"original":114919,"duplicates":[],"translations":{"lv":114934,"en":114919}},"brands":[{"id":1251,"name":"24Bottles","slug":"24bottles-lv"}],"_links":{"self":[{"href":"https:\/\/m50.lv\/lv\/wp-json\/wp\/v2\/product\/114934","targetHints":{"allow":["GET"]}}],"collection":[{"href":"https:\/\/m50.lv\/lv\/wp-json\/wp\/v2\/product"}],"about":[{"href":"https:\/\/m50.lv\/lv\/wp-json\/wp\/v2\/types\/product"}],"version-history":[{"count":0,"href":"https:\/\/m50.lv\/lv\/wp-json\/wp\/v2\/product\/114934\/revisions"}],"wp:featuredmedia":[{"embeddable":true,"href":"https:\/\/m50.lv\/lv\/wp-json\/wp\/v2\/media\/114854"}],"wp:attachment":[{"href":"https:\/\/m50.lv\/lv\/wp-json\/wp\/v2\/media?parent=114934"}],"wp:term":[{"taxonomy":"pwb-brand","embeddable":true,"href":"https:\/\/m50.lv\/lv\/wp-json\/wp\/v2\/pwb-brand?post=114934"},{"taxonomy":"product_cat","embeddable":true,"href":"https:\/\/m50.lv\/lv\/wp-json\/wp\/v2\/product_cat?post=114934"},{"taxonomy":"product_tag","embeddable":true,"href":"https:\/\/m50.lv\/lv\/wp-json\/wp\/v2\/product_tag?post=114934"}],"curies":[{"name":"wp","href":"https:\/\/api.w.org\/{rel}","templated":true}]}}