{"id":116206,"date":"2021-11-14T14:15:38","date_gmt":"2021-11-14T12:15:38","guid":{"rendered":"https:\/\/m50.lv\/shop\/zane-veldre-plakats-zivis\/"},"modified":"2021-11-14T15:15:38","modified_gmt":"2021-11-14T12:15:38","slug":"zane-veldre-plakats-zivis","status":"publish","type":"product","link":"https:\/\/m50.lv\/lv\/product\/zane-veldre-plakats-zivis\/","title":{"rendered":"ZANE VELDRE Plak\u0101ts ZIVIS"},"content":{"rendered":"<p style=\"text-align: left;\">Ilustr\u0101cijas &#8211; Zane Veldre<\/p>\n<p style=\"text-align: left;\">Plak\u0101ts tiek p\u0101rdots bez r\u0101mja, iepakots kartona bundul\u012b vai kartona aploksn\u0113. Ja gribat ier\u0101m\u0113tu, l\u016bgums sazin\u0101ties ar mums person\u012bgi!<\/p>\n<p style=\"text-align: left;\">Izm\u0113rs: A3 &#8211; 297&#215;210 mm<\/p>\n<p style=\"text-align: left;\">Digit\u0101l\u0101 druka, scandi white pap\u012brs 200 g\/m2<\/p>\n","protected":false},"excerpt":{"rendered":"<p style=\"text-align: center;\">A3 izm\u0113ra Latvijas upju un ezeru zivju plak\u0101ts ar nosaukumiem latvie\u0161u valod\u0101<\/p>\n","protected":false},"featured_media":116185,"template":"","meta":{"_jet_sm_ready_style":"","_jet_sm_style":"","_jet_sm_controls_values":"","_jet_sm_fonts_collection":"","_jet_sm_fonts_links":""},"pwb-brand":[1286],"product_cat":[193,108],"product_tag":[1366],"class_list":{"0":"post-116206","1":"product","2":"type-product","3":"status-publish","4":"has-post-thumbnail","6":"pwb-brand-zane-veldre-lv","7":"product_cat-davanas","8":"product_cat-maksla","9":"product_tag-back-2-school-lv","11":"first","12":"instock","13":"taxable","14":"shipping-taxable","15":"purchasable","16":"product-type-simple"},"raw_content":{"name":"ZANE VELDRE Plak\u0101ts ZIVIS","description":"<p style=\"text-align: left;\">Ilustr\u0101cijas - Zane Veldre<\/p>\r\n<p style=\"text-align: left;\">Plak\u0101ts tiek p\u0101rdots bez r\u0101mja, iepakots kartona bundul\u012b vai kartona aploksn\u0113. Ja gribat ier\u0101m\u0113tu, l\u016bgums sazin\u0101ties ar mums person\u012bgi!<\/p>\r\n<p style=\"text-align: left;\">Izm\u0113rs: A3 - 297x210 mm<\/p>\r\n<p style=\"text-align: left;\">Digit\u0101l\u0101 druka, scandi white pap\u012brs 200 g\/m2<\/p>","short_description":"<p style=\"text-align: center;\">A3 izm\u0113ra Latvijas upju un ezeru zivju plak\u0101ts ar nosaukumiem latvie\u0161u valod\u0101<\/p>","status":"publish","sku":"z-veldre-zivis-a3","original":116193},"wpml":{"translation_type":1,"has_translations":true,"original":116193,"duplicates":[],"translations":{"lv":116206,"en":116193}},"brands":[{"id":1286,"name":"Zane Veldre","slug":"zane-veldre-lv"}],"_links":{"self":[{"href":"https:\/\/m50.lv\/lv\/wp-json\/wp\/v2\/product\/116206","targetHints":{"allow":["GET"]}}],"collection":[{"href":"https:\/\/m50.lv\/lv\/wp-json\/wp\/v2\/product"}],"about":[{"href":"https:\/\/m50.lv\/lv\/wp-json\/wp\/v2\/types\/product"}],"version-history":[{"count":0,"href":"https:\/\/m50.lv\/lv\/wp-json\/wp\/v2\/product\/116206\/revisions"}],"wp:featuredmedia":[{"embeddable":true,"href":"https:\/\/m50.lv\/lv\/wp-json\/wp\/v2\/media\/116185"}],"wp:attachment":[{"href":"https:\/\/m50.lv\/lv\/wp-json\/wp\/v2\/media?parent=116206"}],"wp:term":[{"taxonomy":"pwb-brand","embeddable":true,"href":"https:\/\/m50.lv\/lv\/wp-json\/wp\/v2\/pwb-brand?post=116206"},{"taxonomy":"product_cat","embeddable":true,"href":"https:\/\/m50.lv\/lv\/wp-json\/wp\/v2\/product_cat?post=116206"},{"taxonomy":"product_tag","embeddable":true,"href":"https:\/\/m50.lv\/lv\/wp-json\/wp\/v2\/product_tag?post=116206"}],"curies":[{"name":"wp","href":"https:\/\/api.w.org\/{rel}","templated":true}]}}