{"id":118314,"date":"2021-12-08T22:53:14","date_gmt":"2021-12-08T20:53:14","guid":{"rendered":"https:\/\/m50.lv\/shop\/seik-atminu-gramata-no-vecvecakiem-pastasti-savu-stastu\/"},"modified":"2025-12-19T09:59:10","modified_gmt":"2025-12-19T07:59:10","slug":"seik-atminu-gramata-no-vecvecakiem-pastasti-savu-stastu","status":"publish","type":"product","link":"https:\/\/m50.lv\/lv\/product\/seik-atminu-gramata-no-vecvecakiem-pastasti-savu-stastu\/","title":{"rendered":"SEIK atmi\u0146u gr\u0101mata no vecvec\u0101kiem &#8211; past\u0101sti savu st\u0101stu"},"content":{"rendered":"<p style=\"text-align: left;\">Vecvec\u0101kiem ir daudz st\u0101stu, ko pav\u0113st\u012bt. Vi\u0146u piedz\u012bvojumi vienm\u0113r ir iedvesmojo\u0161i un neticami, ko m\u0113s v\u0113lamies atcer\u0113ties visa m\u016b\u017ea garum\u0101.<br \/>\n\u0160aj\u0101 gr\u0101mat\u0101 ir vair\u0101k nek\u0101 100 jaut\u0101jumu vecvec\u0101kiem. T\u0101 k\u013c\u016bs par gr\u0101matu, ko ar aizraut\u012bbu lasa mazb\u0113rni un vi\u0146u b\u0113rni, jo starp \u0161iem v\u0101kiem ir apkopota pilna vecvec\u0101ku biogr\u0101fija, dz\u012bves iedvesmotas atzi\u0146as un ieteikumi, slavenas receptes, vietas, kur vi\u0146a\/vi\u0146\u0161 ir dz\u012bvojis, m\u0101c\u012bjies skol\u0101 un k\u0101 vi\u0146a\/vi\u0146\u0161 iepazinies ar savu m\u016b\u017ea m\u012blest\u012bbu.<\/p>\n<p>Atmi\u0146u pilna gr\u0101mata visai \u0123imenei. Lai m\u0113s vienm\u0113r zin\u0101tu, k\u0101 atgriezties pie sav\u0101m sakn\u0113m.<\/p>\n","protected":false},"excerpt":{"rendered":"<p style=\"text-align: center;\">M\u0113s, SEIK rad\u012bt\u0101ji, \u013coti iedvesmojamies no m\u016bsu vecvec\u0101kiem. Vi\u0146i ir m\u016bsu liel\u0101kie atbalst\u012bt\u0101ji un priec\u0101jas par katru m\u016bsu sasniegumu. Mums ir \u013coti cie\u0161s kontakts, un nov\u0113rt\u0113jam ik iesp\u0113ju pavad\u012bt ar vi\u0146iem kop\u012bgi laiku. Vienm\u0113r ar interesi uzklaus\u0101m vi\u0146u st\u0101stus, padomus un v\u0113lamies tos atcer\u0113ties ar\u012b p\u0113c gadiem. Tas m\u016bs piepilda un sniedz m\u0101ju saj\u016btu. Vecvec\u0101ki iedvesmo dz\u012bvot dz\u012bvi piepild\u012btu un tiekties uz sevis lab\u0101ko versiju ik dienu.<\/p>\n","protected":false},"featured_media":118265,"template":"","meta":{"_jet_sm_ready_style":"","_jet_sm_style":"","_jet_sm_controls_values":"","_jet_sm_fonts_collection":"","_jet_sm_fonts_links":""},"pwb-brand":[1266],"product_cat":[193,109,779],"product_tag":[],"class_list":{"0":"post-118314","1":"product","2":"type-product","3":"status-publish","4":"has-post-thumbnail","6":"pwb-brand-seik-lv","7":"product_cat-davanas","8":"product_cat-gramatas","9":"product_cat-planotaji","11":"first","12":"instock","13":"taxable","14":"shipping-taxable","15":"purchasable","16":"product-type-simple"},"raw_content":{"name":"SEIK atmi\u0146u gr\u0101mata no vecvec\u0101kiem - past\u0101sti savu st\u0101stu","description":"<p style=\"text-align: left;\">Vecvec\u0101kiem ir daudz st\u0101stu, ko pav\u0113st\u012bt. Vi\u0146u piedz\u012bvojumi vienm\u0113r ir iedvesmojo\u0161i un neticami, ko m\u0113s v\u0113lamies atcer\u0113ties visa m\u016b\u017ea garum\u0101.<br \/>\r\n\u0160aj\u0101 gr\u0101mat\u0101 ir vair\u0101k nek\u0101 100 jaut\u0101jumu vecvec\u0101kiem. T\u0101 k\u013c\u016bs par gr\u0101matu, ko ar aizraut\u012bbu lasa mazb\u0113rni un vi\u0146u b\u0113rni, jo starp \u0161iem v\u0101kiem ir apkopota pilna vecvec\u0101ku biogr\u0101fija, dz\u012bves iedvesmotas atzi\u0146as un ieteikumi, slavenas receptes, vietas, kur vi\u0146a\/vi\u0146\u0161 ir dz\u012bvojis, m\u0101c\u012bjies skol\u0101 un k\u0101 vi\u0146a\/vi\u0146\u0161 iepazinies ar savu m\u016b\u017ea m\u012blest\u012bbu.<\/p>\r\n<p>Atmi\u0146u pilna gr\u0101mata visai \u0123imenei. Lai m\u0113s vienm\u0113r zin\u0101tu, k\u0101 atgriezties pie sav\u0101m sakn\u0113m.<\/p>\r\n","short_description":"<p style=\"text-align: center;\">M\u0113s, SEIK rad\u012bt\u0101ji, \u013coti iedvesmojamies no m\u016bsu vecvec\u0101kiem. Vi\u0146i ir m\u016bsu liel\u0101kie atbalst\u012bt\u0101ji un priec\u0101jas par katru m\u016bsu sasniegumu. Mums ir \u013coti cie\u0161s kontakts, un nov\u0113rt\u0113jam ik iesp\u0113ju pavad\u012bt ar vi\u0146iem kop\u012bgi laiku. Vienm\u0113r ar interesi uzklaus\u0101m vi\u0146u st\u0101stus, padomus un v\u0113lamies tos atcer\u0113ties ar\u012b p\u0113c gadiem. Tas m\u016bs piepilda un sniedz m\u0101ju saj\u016btu. Vecvec\u0101ki iedvesmo dz\u012bvot dz\u012bvi piepild\u012btu un tiekties uz sevis lab\u0101ko versiju ik dienu.<\/p>","status":"publish","sku":"seik-9789916967331","original":118309},"wpml":{"translation_type":1,"has_translations":true,"original":118309,"duplicates":[],"translations":{"lv":118314,"en":118309}},"brands":[{"id":1266,"name":"SEIK","slug":"seik-lv"}],"_links":{"self":[{"href":"https:\/\/m50.lv\/lv\/wp-json\/wp\/v2\/product\/118314","targetHints":{"allow":["GET"]}}],"collection":[{"href":"https:\/\/m50.lv\/lv\/wp-json\/wp\/v2\/product"}],"about":[{"href":"https:\/\/m50.lv\/lv\/wp-json\/wp\/v2\/types\/product"}],"version-history":[{"count":0,"href":"https:\/\/m50.lv\/lv\/wp-json\/wp\/v2\/product\/118314\/revisions"}],"wp:featuredmedia":[{"embeddable":true,"href":"https:\/\/m50.lv\/lv\/wp-json\/wp\/v2\/media\/118265"}],"wp:attachment":[{"href":"https:\/\/m50.lv\/lv\/wp-json\/wp\/v2\/media?parent=118314"}],"wp:term":[{"taxonomy":"pwb-brand","embeddable":true,"href":"https:\/\/m50.lv\/lv\/wp-json\/wp\/v2\/pwb-brand?post=118314"},{"taxonomy":"product_cat","embeddable":true,"href":"https:\/\/m50.lv\/lv\/wp-json\/wp\/v2\/product_cat?post=118314"},{"taxonomy":"product_tag","embeddable":true,"href":"https:\/\/m50.lv\/lv\/wp-json\/wp\/v2\/product_tag?post=118314"}],"curies":[{"name":"wp","href":"https:\/\/api.w.org\/{rel}","templated":true}]}}