{"id":119734,"date":"2022-01-13T10:19:33","date_gmt":"2022-01-13T08:19:33","guid":{"rendered":"https:\/\/m50.lv\/shop\/talismans-lina-snorite-misina-krasa\/"},"modified":"2022-12-28T19:48:53","modified_gmt":"2022-12-28T16:48:53","slug":"talismans-lina-snorite-misina-krasa","status":"publish","type":"product","link":"https:\/\/m50.lv\/lv\/product\/talismans-lina-snorite-misina-krasa\/","title":{"rendered":"Talismans lina \u0161\u0146or\u012bt\u0113 MISI\u0145A kr\u0101s\u0101"},"content":{"rendered":"<p style=\"text-align: left;\">Materi\u0101ls: vara sakaus\u0113jumi (misi\u0146\u0161, melhiors vai var\u0161)<br \/>\n\u00d8: 31,5 mm<br \/>\nSvars: 20 g<\/p>\n<p style=\"text-align: left;\">Izgatavot\u0101js: &#8220;Dai\u013crade RC&#8221;, Latvija<\/p>\n","protected":false},"excerpt":{"rendered":"<p style=\"text-align: center;\">Ar Latvju z\u012bm\u0113m<\/p>\n","protected":false},"featured_media":150081,"template":"","meta":{"_jet_sm_ready_style":"","_jet_sm_style":"","_jet_sm_controls_values":"","_jet_sm_fonts_collection":"","_jet_sm_fonts_links":""},"pwb-brand":[1249],"product_cat":[193],"product_tag":[1474],"class_list":{"0":"post-119734","1":"product","2":"type-product","3":"status-publish","4":"has-post-thumbnail","6":"pwb-brand-m50-lv","7":"product_cat-davanas","8":"product_tag-gifts-under-20e","10":"first","11":"outofstock","12":"taxable","13":"shipping-taxable","14":"purchasable","15":"product-type-simple"},"raw_content":{"name":"Talismans lina \u0161\u0146or\u012bt\u0113 MISI\u0145A kr\u0101s\u0101","description":"<p style=\"text-align: left;\">Materi\u0101ls: vara sakaus\u0113jumi (misi\u0146\u0161, melhiors vai var\u0161)\r\n\u00d8: 31,5 mm\r\nSvars: 20 g<\/p>\r\n<p style=\"text-align: left;\">Izgatavot\u0101js: \"Dai\u013crade RC\", Latvija<\/p>","short_description":"<p style=\"text-align: center;\">Ar Latvju z\u012bm\u0113m<\/p>","status":"publish","sku":"talismans-misina","original":119685},"wpml":{"translation_type":1,"has_translations":true,"original":119685,"duplicates":[],"translations":{"lv":119734,"en":119685}},"brands":[{"id":1249,"name":"M50","slug":"m50-lv"}],"_links":{"self":[{"href":"https:\/\/m50.lv\/lv\/wp-json\/wp\/v2\/product\/119734","targetHints":{"allow":["GET"]}}],"collection":[{"href":"https:\/\/m50.lv\/lv\/wp-json\/wp\/v2\/product"}],"about":[{"href":"https:\/\/m50.lv\/lv\/wp-json\/wp\/v2\/types\/product"}],"version-history":[{"count":0,"href":"https:\/\/m50.lv\/lv\/wp-json\/wp\/v2\/product\/119734\/revisions"}],"wp:featuredmedia":[{"embeddable":true,"href":"https:\/\/m50.lv\/lv\/wp-json\/wp\/v2\/media\/150081"}],"wp:attachment":[{"href":"https:\/\/m50.lv\/lv\/wp-json\/wp\/v2\/media?parent=119734"}],"wp:term":[{"taxonomy":"pwb-brand","embeddable":true,"href":"https:\/\/m50.lv\/lv\/wp-json\/wp\/v2\/pwb-brand?post=119734"},{"taxonomy":"product_cat","embeddable":true,"href":"https:\/\/m50.lv\/lv\/wp-json\/wp\/v2\/product_cat?post=119734"},{"taxonomy":"product_tag","embeddable":true,"href":"https:\/\/m50.lv\/lv\/wp-json\/wp\/v2\/product_tag?post=119734"}],"curies":[{"name":"wp","href":"https:\/\/api.w.org\/{rel}","templated":true}]}}