{"id":119735,"date":"2022-01-13T10:16:52","date_gmt":"2022-01-13T08:16:52","guid":{"rendered":"https:\/\/m50.lv\/shop\/talismans-lina-snorite-vara-krasa\/"},"modified":"2025-09-11T19:23:45","modified_gmt":"2025-09-11T17:23:45","slug":"talismans-lina-snorite-vara-krasa","status":"publish","type":"product","link":"https:\/\/m50.lv\/lv\/product\/talismans-lina-snorite-vara-krasa\/","title":{"rendered":"Talismans lina \u0161\u0146or\u012bt\u0113 VARA kr\u0101s\u0101"},"content":{"rendered":"<p style=\"text-align: left;\">Materi\u0101ls: vara sakaus\u0113jumi (misi\u0146\u0161, melhiors vai var\u0161)<br \/>\n\u00d8: 31,5 mm<br \/>\nSvars: 20 g<\/p>\n<p style=\"text-align: left;\">Izgatavot\u0101js: &#8220;Dai\u013crade RC&#8221;, Latvija<\/p>\n","protected":false},"excerpt":{"rendered":"<p style=\"text-align: center;\">Ar Latvju z\u012bm\u0113m<\/p>\n","protected":false},"featured_media":150079,"template":"","meta":{"_jet_sm_ready_style":"","_jet_sm_style":"","_jet_sm_controls_values":"","_jet_sm_fonts_collection":"","_jet_sm_fonts_links":""},"pwb-brand":[1249],"product_cat":[101,193],"product_tag":[1474],"class_list":{"0":"post-119735","1":"product","2":"type-product","3":"status-publish","4":"has-post-thumbnail","6":"pwb-brand-m50-lv","7":"product_cat-aksesuari","8":"product_cat-davanas","9":"product_tag-gifts-under-20e","11":"first","12":"instock","13":"taxable","14":"shipping-taxable","15":"purchasable","16":"product-type-simple"},"raw_content":{"name":"Talismans lina \u0161\u0146or\u012bt\u0113 VARA kr\u0101s\u0101","description":"<p style=\"text-align: left;\">Materi\u0101ls: vara sakaus\u0113jumi (misi\u0146\u0161, melhiors vai var\u0161)\r\n\u00d8: 31,5 mm\r\nSvars: 20 g<\/p>\r\n<p style=\"text-align: left;\">Izgatavot\u0101js: \"Dai\u013crade RC\", Latvija<\/p>","short_description":"<p style=\"text-align: center;\">Ar Latvju z\u012bm\u0113m<\/p>","status":"publish","sku":"1000260","original":119684},"wpml":{"translation_type":1,"has_translations":true,"original":119684,"duplicates":[],"translations":{"lv":119735,"en":119684}},"brands":[{"id":1249,"name":"M50","slug":"m50-lv"}],"_links":{"self":[{"href":"https:\/\/m50.lv\/lv\/wp-json\/wp\/v2\/product\/119735","targetHints":{"allow":["GET"]}}],"collection":[{"href":"https:\/\/m50.lv\/lv\/wp-json\/wp\/v2\/product"}],"about":[{"href":"https:\/\/m50.lv\/lv\/wp-json\/wp\/v2\/types\/product"}],"version-history":[{"count":0,"href":"https:\/\/m50.lv\/lv\/wp-json\/wp\/v2\/product\/119735\/revisions"}],"wp:featuredmedia":[{"embeddable":true,"href":"https:\/\/m50.lv\/lv\/wp-json\/wp\/v2\/media\/150079"}],"wp:attachment":[{"href":"https:\/\/m50.lv\/lv\/wp-json\/wp\/v2\/media?parent=119735"}],"wp:term":[{"taxonomy":"pwb-brand","embeddable":true,"href":"https:\/\/m50.lv\/lv\/wp-json\/wp\/v2\/pwb-brand?post=119735"},{"taxonomy":"product_cat","embeddable":true,"href":"https:\/\/m50.lv\/lv\/wp-json\/wp\/v2\/product_cat?post=119735"},{"taxonomy":"product_tag","embeddable":true,"href":"https:\/\/m50.lv\/lv\/wp-json\/wp\/v2\/product_tag?post=119735"}],"curies":[{"name":"wp","href":"https:\/\/api.w.org\/{rel}","templated":true}]}}