{"id":121071,"date":"2022-02-07T22:14:58","date_gmt":"2022-02-07T20:14:58","guid":{"rendered":"https:\/\/m50.lv\/shop\/vaira-viksne-t-krekls-rainis\/"},"modified":"2026-02-23T14:43:27","modified_gmt":"2026-02-23T12:43:27","slug":"vaira-viksne-t-krekls-rainis","status":"publish","type":"product","link":"https:\/\/m50.lv\/lv\/product\/vaira-viksne-t-krekls-rainis\/","title":{"rendered":"Vaira V\u012bksne T-krekls Rainis"},"content":{"rendered":"<p style=\"text-align: left;\">Rainis. J\u0101nis Pliek\u0161\u0101ns. Arturo Nagli\u0146\u0161.<\/p>\n<p style=\"text-align: left;\">T-krekls ra\u017eots no augstas kvalit\u0101tes 100% organiskas un PETA sertific\u0113tas kokvilnas. M\u012bksts un \u0113rts \u2013 to uzvelkot, ap\u0146ems viegla un pat\u012bkama saj\u016bta.<\/p>\n<p style=\"text-align: left;\">Krekls dab\u012bg\u0101 kokvilnas kr\u0101s\u0101, br\u012bva fasona \u2013 ieskaties pievienotaj\u0101 izm\u0113ru tabul\u0101!<\/p>\n<p style=\"text-align: left;\">Krekls ra\u017eots ES, apdruk\u0101ts R\u012bg\u0101 \u2013 DTG tehnik\u0101 Ieteicams mazg\u0101t 30C gr\u0101du temperat\u016br\u0101, izgrie\u017eot iek\u0161pusi uz \u0101ru. Auduma bl\u012bvums: 180 GSM.<\/p>\n<p style=\"text-align: left;\">\n","protected":false},"excerpt":{"rendered":"<p style=\"text-align: center;\">Daudz jaut\u0101jumu un v\u0113l vair\u0101k atbil\u017eu uz katru no tiem, ja runa ir par Rai\u0146a darbiem, k\u0101 ar\u012b vi\u0146a person\u012bgo dz\u012bvi. Rainis? J\u0101nis Pliek\u0161\u0101ns? Vai tom\u0113r Arturo Nagli\u0146\u0161? Atbildi Jums nesnieg\u0161u, lai jau katrs pats mekl\u0113 un izv\u0113l\u0101s savu taisn\u012bbu par fizisko un gar\u012bgo Raini. Tas, ko varu apsol\u012bt, vi\u0146\u0161 bija viss un visur. Gan jurists, gan cietumnieks Lietuv\u0101, te\u0101tra direktors Dail\u0113 un Nacion\u0101laj\u0101, politi\u0137is un ministrs Latvij\u0101, pasl\u0113pju dal\u012bbnieks Kasta\u0146ol\u0101, k\u0101 ar\u012b dzejnieks un dramaturgs Pasaul\u0113.<\/p>\n","protected":false},"featured_media":121023,"template":"","meta":{"_jet_sm_ready_style":"","_jet_sm_style":"","_jet_sm_controls_values":"","_jet_sm_fonts_collection":"","_jet_sm_fonts_links":""},"pwb-brand":[1261],"product_cat":[105,107,104,103],"product_tag":[1368],"class_list":{"0":"post-121071","1":"product","2":"type-product","3":"status-publish","4":"has-post-thumbnail","6":"pwb-brand-vaira-viksne-lv","7":"product_cat-sievietem","8":"product_cat-t-krekli-sievietem","9":"product_cat-t-krekli","10":"product_cat-viriesiem","11":"product_tag-tevu-diena","13":"first","14":"instock","15":"taxable","16":"shipping-taxable","17":"purchasable","18":"product-type-variable"},"raw_content":{"name":"Vaira V\u012bksne T-krekls Rainis","description":"<p style=\"text-align: left;\">Rainis. J\u0101nis Pliek\u0161\u0101ns. Arturo Nagli\u0146\u0161.<\/p>\r\n<p style=\"text-align: left;\">T-krekls ra\u017eots no augstas kvalit\u0101tes 100% organiskas un PETA sertific\u0113tas kokvilnas. M\u012bksts un \u0113rts \u2013 to uzvelkot, ap\u0146ems viegla un pat\u012bkama saj\u016bta.<\/p>\r\n<p style=\"text-align: left;\">Krekls dab\u012bg\u0101 kokvilnas kr\u0101s\u0101, br\u012bva fasona \u2013 ieskaties pievienotaj\u0101 izm\u0113ru tabul\u0101!<\/p>\r\n<p style=\"text-align: left;\">Krekls ra\u017eots ES, apdruk\u0101ts R\u012bg\u0101 \u2013 DTG tehnik\u0101 Ieteicams mazg\u0101t 30C gr\u0101du temperat\u016br\u0101, izgrie\u017eot iek\u0161pusi uz \u0101ru. Auduma bl\u012bvums: 180 GSM.<\/p>\r\n<p style=\"text-align: left;\"><\/p>","short_description":"<p style=\"text-align: center;\">Daudz jaut\u0101jumu un v\u0113l vair\u0101k atbil\u017eu uz katru no tiem, ja runa ir par Rai\u0146a darbiem, k\u0101 ar\u012b vi\u0146a person\u012bgo dz\u012bvi. Rainis? J\u0101nis Pliek\u0161\u0101ns? Vai tom\u0113r Arturo Nagli\u0146\u0161? Atbildi Jums nesnieg\u0161u, lai jau katrs pats mekl\u0113 un izv\u0113l\u0101s savu taisn\u012bbu par fizisko un gar\u012bgo Raini. Tas, ko varu apsol\u012bt, vi\u0146\u0161 bija viss un visur. Gan jurists, gan cietumnieks Lietuv\u0101, te\u0101tra direktors Dail\u0113 un Nacion\u0101laj\u0101, politi\u0137is un ministrs Latvij\u0101, pasl\u0113pju dal\u012bbnieks Kasta\u0146ol\u0101, k\u0101 ar\u012b dzejnieks un dramaturgs Pasaul\u0113.<\/p>","status":"publish","sku":"VairaViksne-unisex-tshirt-rainis","original":121016},"wpml":{"translation_type":1,"has_translations":true,"original":121016,"duplicates":[],"translations":{"lv":121071,"en":121016}},"brands":[{"id":1261,"name":"Vaira V\u012bksne","slug":"vaira-viksne-lv"}],"_links":{"self":[{"href":"https:\/\/m50.lv\/lv\/wp-json\/wp\/v2\/product\/121071","targetHints":{"allow":["GET"]}}],"collection":[{"href":"https:\/\/m50.lv\/lv\/wp-json\/wp\/v2\/product"}],"about":[{"href":"https:\/\/m50.lv\/lv\/wp-json\/wp\/v2\/types\/product"}],"version-history":[{"count":0,"href":"https:\/\/m50.lv\/lv\/wp-json\/wp\/v2\/product\/121071\/revisions"}],"wp:featuredmedia":[{"embeddable":true,"href":"https:\/\/m50.lv\/lv\/wp-json\/wp\/v2\/media\/121023"}],"wp:attachment":[{"href":"https:\/\/m50.lv\/lv\/wp-json\/wp\/v2\/media?parent=121071"}],"wp:term":[{"taxonomy":"pwb-brand","embeddable":true,"href":"https:\/\/m50.lv\/lv\/wp-json\/wp\/v2\/pwb-brand?post=121071"},{"taxonomy":"product_cat","embeddable":true,"href":"https:\/\/m50.lv\/lv\/wp-json\/wp\/v2\/product_cat?post=121071"},{"taxonomy":"product_tag","embeddable":true,"href":"https:\/\/m50.lv\/lv\/wp-json\/wp\/v2\/product_tag?post=121071"}],"curies":[{"name":"wp","href":"https:\/\/api.w.org\/{rel}","templated":true}]}}