{"id":121078,"date":"2022-02-07T22:22:16","date_gmt":"2022-02-07T20:22:16","guid":{"rendered":"https:\/\/m50.lv\/shop\/vaira-viksne-t-krekls-aspazija\/"},"modified":"2026-02-23T14:43:27","modified_gmt":"2026-02-23T12:43:27","slug":"vaira-viksne-t-krekls-aspazija","status":"publish","type":"product","link":"https:\/\/m50.lv\/lv\/product\/vaira-viksne-t-krekls-aspazija\/","title":{"rendered":"Vaira V\u012bksne T-krekls Aspazija"},"content":{"rendered":"<p style=\"text-align: left;\">T-krekls ra\u017eots no augstas kvalit\u0101tes 100% organiskas un PETA sertific\u0113tas kokvilnas. M\u012bksts un \u0113rts \u2013 to uzvelkot, ap\u0146ems viegla un pat\u012bkama saj\u016bta.<\/p>\n<p style=\"text-align: left;\">Krekls dab\u012bg\u0101 kokvilnas kr\u0101s\u0101, br\u012bva fasona \u2013 ieskaties pievienotaj\u0101 izm\u0113ru tabul\u0101!<\/p>\n<p style=\"text-align: left;\">Krekls ra\u017eots ES, apdruk\u0101ts R\u012bg\u0101 \u2013 DTG tehnik\u0101 Ieteicams mazg\u0101t 30C gr\u0101du temperat\u016br\u0101, izgrie\u017eot iek\u0161pusi uz \u0101ru. Auduma bl\u012bvums: 180 GSM.<\/p>\n","protected":false},"excerpt":{"rendered":"<p style=\"text-align: center;\">Aspazija, Elza, Johanna, jeb Rai\u0146a dz\u012bvesbiedre bija vair\u0101ki vien\u0101. Kas tik vi\u0146a nebija? Latvie\u0161u dzejniece, dramatur\u0123e, prozai\u0137e, tulkot\u0101ja, kult\u016bras un sabiedriski politiska darbiniece. Tie\u0161i vi\u0146a moderniz\u0113ja dr\u0101mu Latvij\u0101 un neviens neizprot to lab\u0101k par pa\u0161u Aspaziju. Saj\u016bta, ka pat vi\u0146a dikt\u0113 t\u0101s noteikumus un r\u0101mjus. Aspazija bija t\u0101 laika feministe termina vispozit\u012bv\u0101kaj\u0101 un paties\u0101kaj\u0101 noz\u012bm\u0113. Ar saviem darbiem vi\u0146a rais\u012bja diskusijas intelektu\u0101\u013cu vid\u016b par sievie\u0161u vienl\u012bdz\u012bbu, esam\u012bbu un dz\u012bves j\u0113gu. Vi\u0146a bija, ir un b\u016bs dr\u0101ma<\/p>\n","protected":false},"featured_media":121039,"template":"","meta":{"_jet_sm_ready_style":"","_jet_sm_style":"","_jet_sm_controls_values":"","_jet_sm_fonts_collection":"","_jet_sm_fonts_links":""},"pwb-brand":[1261],"product_cat":[60,82,68,61],"product_tag":[],"class_list":{"0":"post-121078","1":"product","2":"type-product","3":"status-publish","4":"has-post-thumbnail","6":"pwb-brand-vaira-viksne-lv","7":"product_cat-womens","8":"product_cat-t-shirts-women","9":"product_cat-t-shirts","10":"product_cat-mens","12":"first","13":"instock","14":"taxable","15":"shipping-taxable","16":"purchasable","17":"product-type-variable"},"raw_content":{"name":"Vaira V\u012bksne T-krekls Aspazija","description":"<p style=\"text-align: left;\">T-krekls ra\u017eots no augstas kvalit\u0101tes 100% organiskas un PETA sertific\u0113tas kokvilnas. M\u012bksts un \u0113rts \u2013 to uzvelkot, ap\u0146ems viegla un pat\u012bkama saj\u016bta.<\/p>\r\n<p style=\"text-align: left;\">Krekls dab\u012bg\u0101 kokvilnas kr\u0101s\u0101, br\u012bva fasona \u2013 ieskaties pievienotaj\u0101 izm\u0113ru tabul\u0101!<\/p>\r\n<p style=\"text-align: left;\">Krekls ra\u017eots ES, apdruk\u0101ts R\u012bg\u0101 \u2013 DTG tehnik\u0101 Ieteicams mazg\u0101t 30C gr\u0101du temperat\u016br\u0101, izgrie\u017eot iek\u0161pusi uz \u0101ru. Auduma bl\u012bvums: 180 GSM.<\/p>","short_description":"<p style=\"text-align: center;\">Aspazija, Elza, Johanna, jeb Rai\u0146a dz\u012bvesbiedre bija vair\u0101ki vien\u0101. Kas tik vi\u0146a nebija? Latvie\u0161u dzejniece, dramatur\u0123e, prozai\u0137e, tulkot\u0101ja, kult\u016bras un sabiedriski politiska darbiniece. Tie\u0161i vi\u0146a moderniz\u0113ja dr\u0101mu Latvij\u0101 un neviens neizprot to lab\u0101k par pa\u0161u Aspaziju. Saj\u016bta, ka pat vi\u0146a dikt\u0113 t\u0101s noteikumus un r\u0101mjus. Aspazija bija t\u0101 laika feministe termina vispozit\u012bv\u0101kaj\u0101 un paties\u0101kaj\u0101 noz\u012bm\u0113. Ar saviem darbiem vi\u0146a rais\u012bja diskusijas intelektu\u0101\u013cu vid\u016b par sievie\u0161u vienl\u012bdz\u012bbu, esam\u012bbu un dz\u012bves j\u0113gu. Vi\u0146a bija, ir un b\u016bs dr\u0101ma<\/p>","status":"publish","sku":"VairaViksne-Unisex-Tshirt-Aspazija","original":121018},"wpml":{"translation_type":1,"has_translations":true,"original":121018,"duplicates":[],"translations":{"lv":121078,"en":121018}},"brands":[{"id":1261,"name":"Vaira V\u012bksne","slug":"vaira-viksne-lv"}],"_links":{"self":[{"href":"https:\/\/m50.lv\/lv\/wp-json\/wp\/v2\/product\/121078","targetHints":{"allow":["GET"]}}],"collection":[{"href":"https:\/\/m50.lv\/lv\/wp-json\/wp\/v2\/product"}],"about":[{"href":"https:\/\/m50.lv\/lv\/wp-json\/wp\/v2\/types\/product"}],"version-history":[{"count":0,"href":"https:\/\/m50.lv\/lv\/wp-json\/wp\/v2\/product\/121078\/revisions"}],"wp:featuredmedia":[{"embeddable":true,"href":"https:\/\/m50.lv\/lv\/wp-json\/wp\/v2\/media\/121039"}],"wp:attachment":[{"href":"https:\/\/m50.lv\/lv\/wp-json\/wp\/v2\/media?parent=121078"}],"wp:term":[{"taxonomy":"pwb-brand","embeddable":true,"href":"https:\/\/m50.lv\/lv\/wp-json\/wp\/v2\/pwb-brand?post=121078"},{"taxonomy":"product_cat","embeddable":true,"href":"https:\/\/m50.lv\/lv\/wp-json\/wp\/v2\/product_cat?post=121078"},{"taxonomy":"product_tag","embeddable":true,"href":"https:\/\/m50.lv\/lv\/wp-json\/wp\/v2\/product_tag?post=121078"}],"curies":[{"name":"wp","href":"https:\/\/api.w.org\/{rel}","templated":true}]}}