{"id":121181,"date":"2022-02-09T07:00:31","date_gmt":"2022-02-09T05:00:31","guid":{"rendered":"https:\/\/m50.lv\/?post_type=product&p=121181"},"modified":"2022-02-09T08:00:31","modified_gmt":"2022-02-09T05:00:31","slug":"24bottles-clima-termopudele-stone-tuxedo-black-850ml","status":"publish","type":"product","link":"https:\/\/m50.lv\/lv\/product\/24bottles-clima-termopudele-stone-tuxedo-black-850ml\/","title":{"rendered":"24Bottles Clima Termopudele Stone Tuxedo Black 850ml"},"content":{"rendered":"<p style=\"text-align: left;\">Grubu\u013caina \u0101r\u0113j\u0101 apdare, \u012bpa\u0161i iztur\u012bga un \u0113rti satverama. Clima tipa ner\u016bs\u0113jo\u0161\u0101 t\u0113rauda termoss ir ar dubulto sieni\u0146u, dz\u0113riena temperat\u016bras uztur\u0113\u0161anai. 24 Bottles<\/p>\n<p style=\"text-align: left;\">Clima pudeles 850ml specifik\u0101cija:<\/p>\n<ul>\n<li style=\"text-align: left;\">diametrs: 8,4 cm, atv\u0113rums: 3,3cm, augstums 25 cm, svars 360g<\/li>\n<li style=\"text-align: left;\">Nesatur BPA, ftal\u0101tus, toks\u012bnus<\/li>\n<li style=\"text-align: left;\">Piem\u0113rota sk\u0101biem un g\u0101z\u0113tiem dz\u0113rieniem<\/li>\n<li style=\"text-align: left;\">Uztur \u0161\u0137idrumu karstu 12 stundas, bet aukstu \u2013 24 stundas<\/li>\n<li style=\"text-align: left;\">Nesaglab\u0101 un neizdala arom\u0101tu<\/li>\n<li style=\"text-align: left;\">BPA nesaturo\u0161s v\u0101ci\u0146\u0161 ar \u0161\u0137idrumu necaurlaid\u012bgu silikona apdari<\/li>\n<li style=\"text-align: left;\">Atverama ar vienu griezienu<\/li>\n<li style=\"text-align: left;\">Plats atv\u0113rums ledus iepild\u012b\u0161anai un vieglai t\u012br\u012b\u0161anai<\/li>\n<li style=\"text-align: left;\">Nenosv\u012bst, nerada kondens\u0101tu<\/li>\n<li style=\"text-align: left;\">Atbilst lidostu dro\u0161\u012bbas nosac\u012bjumiem<\/li>\n<li style=\"text-align: left;\">Ieteicams mazg\u0101t ar rok\u0101m.<\/li>\n<\/ul>\n","protected":false},"excerpt":{"rendered":"<p style=\"text-align: center;\">Iedvesmojoties no klasisk\u0101k \u2013 Tuxedo Black . M\u016b\u017e\u012bga elegance k\u0101 oblig\u0101ts aksesu\u0101rs, kas nevainojami ieder\u0113sies jebkur\u0101 vid\u0113.<\/p>\n","protected":false},"featured_media":121175,"template":"","meta":{"_jet_sm_ready_style":"","_jet_sm_style":"","_jet_sm_controls_values":"","_jet_sm_fonts_collection":"","_jet_sm_fonts_links":""},"pwb-brand":[1251],"product_cat":[202,708],"product_tag":[1366],"class_list":{"0":"post-121181","1":"product","2":"type-product","3":"status-publish","4":"has-post-thumbnail","6":"pwb-brand-24bottles-lv","7":"product_cat-24bottles-lv","8":"product_cat-clima","9":"product_tag-back-2-school-lv","11":"first","12":"outofstock","13":"taxable","14":"shipping-taxable","15":"purchasable","16":"product-type-simple"},"raw_content":{"name":"24Bottles Clima Termopudele Stone Tuxedo Black 850ml","description":"<p style=\"text-align: left;\">Grubu\u013caina \u0101r\u0113j\u0101 apdare, \u012bpa\u0161i iztur\u012bga un \u0113rti satverama. Clima tipa ner\u016bs\u0113jo\u0161\u0101 t\u0113rauda termoss ir ar dubulto sieni\u0146u, dz\u0113riena temperat\u016bras uztur\u0113\u0161anai. 24 Bottles<\/p>\r\n<p style=\"text-align: left;\">Clima pudeles 850ml specifik\u0101cija:<\/p>\r\n\r\n<ul>\r\n \t<li style=\"text-align: left;\">diametrs: 8,4 cm, atv\u0113rums: 3,3cm, augstums 25 cm, svars 360g<\/li>\r\n \t<li style=\"text-align: left;\">Nesatur BPA, ftal\u0101tus, toks\u012bnus<\/li>\r\n \t<li style=\"text-align: left;\">Piem\u0113rota sk\u0101biem un g\u0101z\u0113tiem dz\u0113rieniem<\/li>\r\n \t<li style=\"text-align: left;\">Uztur \u0161\u0137idrumu karstu 12 stundas, bet aukstu \u2013 24 stundas<\/li>\r\n \t<li style=\"text-align: left;\">Nesaglab\u0101 un neizdala arom\u0101tu<\/li>\r\n \t<li style=\"text-align: left;\">BPA nesaturo\u0161s v\u0101ci\u0146\u0161 ar \u0161\u0137idrumu necaurlaid\u012bgu silikona apdari<\/li>\r\n \t<li style=\"text-align: left;\">Atverama ar vienu griezienu<\/li>\r\n \t<li style=\"text-align: left;\">Plats atv\u0113rums ledus iepild\u012b\u0161anai un vieglai t\u012br\u012b\u0161anai<\/li>\r\n \t<li style=\"text-align: left;\">Nenosv\u012bst, nerada kondens\u0101tu<\/li>\r\n \t<li style=\"text-align: left;\">Atbilst lidostu dro\u0161\u012bbas nosac\u012bjumiem<\/li>\r\n \t<li style=\"text-align: left;\">Ieteicams mazg\u0101t ar rok\u0101m.<\/li>\r\n<\/ul>","short_description":"<p style=\"text-align: center;\">Iedvesmojoties no klasisk\u0101k \u2013 Tuxedo Black . M\u016b\u017e\u012bga elegance k\u0101 oblig\u0101ts aksesu\u0101rs, kas nevainojami ieder\u0113sies jebkur\u0101 vid\u0113.<\/p>","status":"publish","sku":"clima-850-stone-blk","original":121161},"wpml":{"translation_type":1,"has_translations":true,"original":121161,"duplicates":[],"translations":{"lv":121181,"en":121161}},"brands":[{"id":1251,"name":"24Bottles","slug":"24bottles-lv"}],"_links":{"self":[{"href":"https:\/\/m50.lv\/lv\/wp-json\/wp\/v2\/product\/121181","targetHints":{"allow":["GET"]}}],"collection":[{"href":"https:\/\/m50.lv\/lv\/wp-json\/wp\/v2\/product"}],"about":[{"href":"https:\/\/m50.lv\/lv\/wp-json\/wp\/v2\/types\/product"}],"version-history":[{"count":0,"href":"https:\/\/m50.lv\/lv\/wp-json\/wp\/v2\/product\/121181\/revisions"}],"wp:featuredmedia":[{"embeddable":true,"href":"https:\/\/m50.lv\/lv\/wp-json\/wp\/v2\/media\/121175"}],"wp:attachment":[{"href":"https:\/\/m50.lv\/lv\/wp-json\/wp\/v2\/media?parent=121181"}],"wp:term":[{"taxonomy":"pwb-brand","embeddable":true,"href":"https:\/\/m50.lv\/lv\/wp-json\/wp\/v2\/pwb-brand?post=121181"},{"taxonomy":"product_cat","embeddable":true,"href":"https:\/\/m50.lv\/lv\/wp-json\/wp\/v2\/product_cat?post=121181"},{"taxonomy":"product_tag","embeddable":true,"href":"https:\/\/m50.lv\/lv\/wp-json\/wp\/v2\/product_tag?post=121181"}],"curies":[{"name":"wp","href":"https:\/\/api.w.org\/{rel}","templated":true}]}}