{"id":121280,"date":"2022-02-10T07:00:09","date_gmt":"2022-02-10T05:00:09","guid":{"rendered":"https:\/\/m50.lv\/?post_type=product&p=121280"},"modified":"2026-01-09T09:57:45","modified_gmt":"2026-01-09T07:57:45","slug":"sporta-treninu-dienasgramata-go-for-it","status":"publish","type":"product","link":"https:\/\/m50.lv\/lv\/product\/sporta-treninu-dienasgramata-go-for-it\/","title":{"rendered":"SPORTA TRENI\u0145U DIENASGR\u0100MATA GO FOR IT"},"content":{"rendered":"<p style=\"text-align: left;\">Vai esi paman\u012bjis, ka tad, kad tie\u0161\u0101m ap\u0146emies, uzraksti savus m\u0113r\u0137us uz lapas, ir liel\u0101ka iesp\u0113jam\u012bba, ka tos sasniegsi? Pierakstot savus treni\u0146us, sp\u0113si ieraudz\u012bt savu att\u012bst\u012bbu, kas dos ar\u012b lab\u0101ku pa\u0161apzi\u0146u. Papildus tam \u0161aj\u0101 dienasgr\u0101mat\u0101 atrad\u012bsi padomus, k\u0101 viegli iem\u0101c\u012bties \u0113st sabalans\u0113ti un vesel\u012bgi, k\u0101 ar\u012b k\u0101 uzs\u0101kt sportisk\u0101s aktivit\u0101tes. \u0160is b\u016bs pal\u012bgs m\u0113r\u0137u uzst\u0101d\u012b\u0161an\u0101 pretim vesel\u012bgai un laim\u012bgai dz\u012bvei. Dienasgr\u0101mata ir bez datumiem, s\u0101c jebkur\u0101 mirkl\u012b.<\/p>\n<p style=\"text-align: left;\">Dienasgr\u0101matas izm\u0113rs: 17 x 12,5 cm<br \/>\nDienasgr\u0101matas saturs:<\/p>\n<ul>\n<li style=\"text-align: left;\">S\u0101kumlapas (m\u0113r\u0137i, izaicin\u0101jumi, ieradumu m\u0113r\u012bt\u0101js)<\/li>\n<li style=\"text-align: left;\">19 ned\u0113\u013cas lapas<\/li>\n<li style=\"text-align: left;\">80 dienas lapas<\/li>\n<li style=\"text-align: left;\">Izaicin\u0101juma, rezult\u0101tu lapas<\/li>\n<\/ul>\n","protected":false},"excerpt":{"rendered":"<p style=\"text-align: center;\">Vai tu grib\u0113tu saorganiz\u0113t savus treni\u0146us un \u0113dienkarti maksim\u0101li optim\u0101lu? Ieg\u016bt zin\u0101\u0161anas, k\u0101 nepadoties, k\u0101 ieg\u016bt lab\u0101ku pa\u0161apzi\u0146u un sasniegt lab\u0101ku fizisko formu un pa\u0161saj\u016btu? \u0160\u012b sporta treni\u0146u dienasgr\u0101mata pal\u012bdz\u0113s tev ne tikai izvirz\u012bt m\u0113r\u0137us, bet ar\u012b b\u016bs sabiedrotais \u0161aj\u0101 ce\u013c\u0101.<\/p>\n","protected":false},"featured_media":121183,"template":"","meta":{"_jet_sm_ready_style":"","_jet_sm_style":"","_jet_sm_controls_values":"","_jet_sm_fonts_collection":"","_jet_sm_fonts_links":""},"pwb-brand":[1266],"product_cat":[109,779],"product_tag":[1474],"class_list":{"0":"post-121280","1":"product","2":"type-product","3":"status-publish","4":"has-post-thumbnail","6":"pwb-brand-seik-lv","7":"product_cat-gramatas","8":"product_cat-planotaji","9":"product_tag-gifts-under-20e","11":"first","12":"instock","13":"taxable","14":"shipping-taxable","15":"purchasable","16":"product-type-simple"},"raw_content":{"name":"SPORTA TRENI\u0145U DIENASGR\u0100MATA GO FOR IT","description":"<p style=\"text-align: left;\">Vai esi paman\u012bjis, ka tad, kad tie\u0161\u0101m ap\u0146emies, uzraksti savus m\u0113r\u0137us uz lapas, ir liel\u0101ka iesp\u0113jam\u012bba, ka tos sasniegsi? Pierakstot savus treni\u0146us, sp\u0113si ieraudz\u012bt savu att\u012bst\u012bbu, kas dos ar\u012b lab\u0101ku pa\u0161apzi\u0146u. Papildus tam \u0161aj\u0101 dienasgr\u0101mat\u0101 atrad\u012bsi padomus, k\u0101 viegli iem\u0101c\u012bties \u0113st sabalans\u0113ti un vesel\u012bgi, k\u0101 ar\u012b k\u0101 uzs\u0101kt sportisk\u0101s aktivit\u0101tes. \u0160is b\u016bs pal\u012bgs m\u0113r\u0137u uzst\u0101d\u012b\u0161an\u0101 pretim vesel\u012bgai un laim\u012bgai dz\u012bvei. Dienasgr\u0101mata ir bez datumiem, s\u0101c jebkur\u0101 mirkl\u012b.<\/p>\r\n<p style=\"text-align: left;\">Dienasgr\u0101matas izm\u0113rs: 17 x 12,5 cm<br \/>\r\nDienasgr\u0101matas saturs:<\/p>\r\n<ul>\r\n<li style=\"text-align: left;\">S\u0101kumlapas (m\u0113r\u0137i, izaicin\u0101jumi, ieradumu m\u0113r\u012bt\u0101js)<\/li>\r\n<li style=\"text-align: left;\">19 ned\u0113\u013cas lapas<\/li>\r\n<li style=\"text-align: left;\">80 dienas lapas<\/li>\r\n<li style=\"text-align: left;\">Izaicin\u0101juma, rezult\u0101tu lapas<\/li>\r\n<\/ul>\r\n","short_description":"<p style=\"text-align: center;\">Vai tu grib\u0113tu saorganiz\u0113t savus treni\u0146us un \u0113dienkarti maksim\u0101li optim\u0101lu? Ieg\u016bt zin\u0101\u0161anas, k\u0101 nepadoties, k\u0101 ieg\u016bt lab\u0101ku pa\u0161apzi\u0146u un sasniegt lab\u0101ku fizisko formu un pa\u0161saj\u016btu? \u0160\u012b sporta treni\u0146u dienasgr\u0101mata pal\u012bdz\u0113s tev ne tikai izvirz\u012bt m\u0113r\u0137us, bet ar\u012b b\u016bs sabiedrotais \u0161aj\u0101 ce\u013c\u0101.<\/p>","status":"publish","sku":"seik-4744716018527","original":121255},"wpml":{"translation_type":1,"has_translations":true,"original":121255,"duplicates":[],"translations":{"lv":121280,"en":121255}},"brands":[{"id":1266,"name":"SEIK","slug":"seik-lv"}],"_links":{"self":[{"href":"https:\/\/m50.lv\/lv\/wp-json\/wp\/v2\/product\/121280","targetHints":{"allow":["GET"]}}],"collection":[{"href":"https:\/\/m50.lv\/lv\/wp-json\/wp\/v2\/product"}],"about":[{"href":"https:\/\/m50.lv\/lv\/wp-json\/wp\/v2\/types\/product"}],"version-history":[{"count":0,"href":"https:\/\/m50.lv\/lv\/wp-json\/wp\/v2\/product\/121280\/revisions"}],"wp:featuredmedia":[{"embeddable":true,"href":"https:\/\/m50.lv\/lv\/wp-json\/wp\/v2\/media\/121183"}],"wp:attachment":[{"href":"https:\/\/m50.lv\/lv\/wp-json\/wp\/v2\/media?parent=121280"}],"wp:term":[{"taxonomy":"pwb-brand","embeddable":true,"href":"https:\/\/m50.lv\/lv\/wp-json\/wp\/v2\/pwb-brand?post=121280"},{"taxonomy":"product_cat","embeddable":true,"href":"https:\/\/m50.lv\/lv\/wp-json\/wp\/v2\/product_cat?post=121280"},{"taxonomy":"product_tag","embeddable":true,"href":"https:\/\/m50.lv\/lv\/wp-json\/wp\/v2\/product_tag?post=121280"}],"curies":[{"name":"wp","href":"https:\/\/api.w.org\/{rel}","templated":true}]}}