{"id":122057,"date":"2022-02-15T16:26:19","date_gmt":"2022-02-15T14:26:19","guid":{"rendered":"https:\/\/m50.lv\/shop\/krista-miltina-dzemperis-ar-kapuci-melns\/"},"modified":"2022-05-27T14:08:05","modified_gmt":"2022-05-27T11:08:05","slug":"krista-bitmete-dzemperis-ar-kapuci-melns","status":"publish","type":"product","link":"https:\/\/m50.lv\/lv\/product\/krista-bitmete-dzemperis-ar-kapuci-melns\/","title":{"rendered":"KRISTA BITMETE D\u017eemperis ar kapuci | Melns"},"content":{"rendered":"","protected":false},"excerpt":{"rendered":"<p style=\"text-align: center;\">K\u0101 latvie\u0161i saka \u2013 Ej Dill\u0113s! Un m\u0113s ejam, jo pat\u012bk un ir for\u0161i. Kristas Bitmetes kokvilnas d\u017eemperis \u201cJust Dill With It\u201d.<br \/>\nUnisex.<\/p>\n","protected":false},"featured_media":122035,"template":"","meta":{"_jet_sm_ready_style":"","_jet_sm_style":"","_jet_sm_controls_values":"","_jet_sm_fonts_collection":"","_jet_sm_fonts_links":""},"pwb-brand":[1255],"product_cat":[199,201,105,103,240],"product_tag":[1396],"class_list":{"0":"post-122057","1":"product","2":"type-product","3":"status-publish","4":"has-post-thumbnail","6":"pwb-brand-krista-bitmete-lv","7":"product_cat-dzemperi","8":"product_cat-dzemperi-lv","9":"product_cat-sievietem","10":"product_cat-viriesiem","11":"product_cat-ziemai","12":"product_tag-zem20-lv","14":"first","15":"outofstock","16":"taxable","17":"shipping-taxable","18":"product-type-variable"},"raw_content":{"name":"KRISTA BITMETE D\u017eemperis ar kapuci | Melns","description":"","short_description":"<p style=\"text-align: center;\">K\u0101 latvie\u0161i saka \u2013 Ej Dill\u0113s! Un m\u0113s ejam, jo pat\u012bk un ir for\u0161i. Kristas Bitmetes kokvilnas d\u017eemperis \u201cJust Dill With It\u201d.\r\nUnisex.<\/p>","status":"publish","sku":"KristaBitmete-Dill-sweathirt-black","original":122024},"wpml":{"translation_type":1,"has_translations":true,"original":122024,"duplicates":[],"translations":{"lv":122057,"en":122024}},"brands":[{"id":1255,"name":"KRISTA BITMETE","slug":"krista-bitmete-lv"}],"_links":{"self":[{"href":"https:\/\/m50.lv\/lv\/wp-json\/wp\/v2\/product\/122057","targetHints":{"allow":["GET"]}}],"collection":[{"href":"https:\/\/m50.lv\/lv\/wp-json\/wp\/v2\/product"}],"about":[{"href":"https:\/\/m50.lv\/lv\/wp-json\/wp\/v2\/types\/product"}],"version-history":[{"count":0,"href":"https:\/\/m50.lv\/lv\/wp-json\/wp\/v2\/product\/122057\/revisions"}],"wp:featuredmedia":[{"embeddable":true,"href":"https:\/\/m50.lv\/lv\/wp-json\/wp\/v2\/media\/122035"}],"wp:attachment":[{"href":"https:\/\/m50.lv\/lv\/wp-json\/wp\/v2\/media?parent=122057"}],"wp:term":[{"taxonomy":"pwb-brand","embeddable":true,"href":"https:\/\/m50.lv\/lv\/wp-json\/wp\/v2\/pwb-brand?post=122057"},{"taxonomy":"product_cat","embeddable":true,"href":"https:\/\/m50.lv\/lv\/wp-json\/wp\/v2\/product_cat?post=122057"},{"taxonomy":"product_tag","embeddable":true,"href":"https:\/\/m50.lv\/lv\/wp-json\/wp\/v2\/product_tag?post=122057"}],"curies":[{"name":"wp","href":"https:\/\/api.w.org\/{rel}","templated":true}]}}