{"id":124231,"date":"2022-03-09T11:00:44","date_gmt":"2022-03-09T09:00:44","guid":{"rendered":"https:\/\/m50.lv\/?post_type=product&p=124231"},"modified":"2026-05-08T18:34:08","modified_gmt":"2026-05-08T16:34:08","slug":"24bottles-clima-termopudele-500ml-silkroad","status":"publish","type":"product","link":"https:\/\/m50.lv\/lv\/product\/24bottles-clima-termopudele-500ml-silkroad\/","title":{"rendered":"24Bottles Clima Termopudele 500ml Silkroad"},"content":{"rendered":"<p style=\"text-align: left;\">Clima Bottle ner\u016bs\u0113jo\u0161\u0101 t\u0113rauda pudele 24 stundas uztur\u0113s tavu dz\u0113rienu aukstu 12 stundas \u2013 karstu.<\/p>\n<p style=\"text-align: left;\">\u012apa\u0161\u012bbas:<\/p>\n<ul>\n<li style=\"text-align: left;\">Sat\u012bna apdare<\/li>\n<li style=\"text-align: left;\">18\/8 p\u0101rtikas kvalit\u0101tes ner\u016bs\u0113jo\u0161ais t\u0113rauds<\/li>\n<li style=\"text-align: left;\">Uztur \u0161\u0137idrumus karstus l\u012bdz 12 stund\u0101m un aukstus l\u012bdz 24 stund\u0101m<\/li>\n<li style=\"text-align: left;\">100% bez BPA, nesatur toks\u012bnus<\/li>\n<li style=\"text-align: left;\">Piem\u0113rots sk\u0101biem un g\u0101z\u0113tiem dz\u0113rieniem<\/li>\n<li style=\"text-align: left;\">Saglab\u0101 un nepie\u0161\u0137ir arom\u0101tu<\/li>\n<li style=\"text-align: left;\">Nesv\u012bsto\u0161s, nekondens\u0113jas<\/li>\n<li style=\"text-align: left;\">Ner\u016bs\u0113jo\u0161\u0101 t\u0113rauda v\u0101ks ar herm\u0113tisku silikona bl\u012bv\u0113jumu<\/li>\n<li style=\"text-align: left;\">Plats kakli\u0146\u0161 ledus piepild\u012b\u0161anai un \u0113rtai t\u012br\u012b\u0161anai<\/li>\n<li style=\"text-align: left;\">Lidostas dro\u0161\u012bbai draudz\u012bga<\/li>\n<li style=\"text-align: left;\">Ieteicams mazg\u0101t ar rok\u0101m<\/li>\n<\/ul>\n","protected":false},"excerpt":{"rendered":"<p style=\"text-align: center;\">Z\u012bda ce\u013c\u0161 att\u0113lo izsmalcin\u0101to, ar rok\u0101m apgleznotas keramikas m\u0101kslu. Vieglas otas l\u012bnijas r\u016bp\u012bgais piesk\u0101riens, ko caurstr\u0101vo seno zin\u0101\u0161anu precizit\u0101te.<\/p>\n","protected":false},"featured_media":124069,"template":"","meta":{"_jet_sm_ready_style":"","_jet_sm_style":"","_jet_sm_controls_values":"","_jet_sm_fonts_collection":"","_jet_sm_fonts_links":""},"pwb-brand":[1251],"product_cat":[202,708,238],"product_tag":[],"class_list":{"0":"post-124231","1":"product","2":"type-product","3":"status-publish","4":"has-post-thumbnail","6":"pwb-brand-24bottles-lv","7":"product_cat-24bottles-lv","8":"product_cat-clima","9":"product_cat-zerowaste-lv","11":"first","12":"outofstock","13":"taxable","14":"shipping-taxable","15":"purchasable","16":"product-type-simple"},"raw_content":{"name":"24Bottles Clima Termopudele 500ml Silkroad","description":"<p style=\"text-align: left;\">Clima Bottle ner\u016bs\u0113jo\u0161\u0101 t\u0113rauda pudele 24 stundas uztur\u0113s tavu dz\u0113rienu aukstu 12 stundas \u2013 karstu.<\/p>\r\n<p style=\"text-align: left;\">\u012apa\u0161\u012bbas:<\/p>\r\n\r\n<ul>\r\n \t<li style=\"text-align: left;\">Sat\u012bna apdare<\/li>\r\n \t<li style=\"text-align: left;\">18\/8 p\u0101rtikas kvalit\u0101tes ner\u016bs\u0113jo\u0161ais t\u0113rauds<\/li>\r\n \t<li style=\"text-align: left;\">Uztur \u0161\u0137idrumus karstus l\u012bdz 12 stund\u0101m un aukstus l\u012bdz 24 stund\u0101m<\/li>\r\n \t<li style=\"text-align: left;\">100% bez BPA, nesatur toks\u012bnus<\/li>\r\n \t<li style=\"text-align: left;\">Piem\u0113rots sk\u0101biem un g\u0101z\u0113tiem dz\u0113rieniem<\/li>\r\n \t<li style=\"text-align: left;\">Saglab\u0101 un nepie\u0161\u0137ir arom\u0101tu<\/li>\r\n \t<li style=\"text-align: left;\">Nesv\u012bsto\u0161s, nekondens\u0113jas<\/li>\r\n \t<li style=\"text-align: left;\">Ner\u016bs\u0113jo\u0161\u0101 t\u0113rauda v\u0101ks ar herm\u0113tisku silikona bl\u012bv\u0113jumu<\/li>\r\n \t<li style=\"text-align: left;\">Plats kakli\u0146\u0161 ledus piepild\u012b\u0161anai un \u0113rtai t\u012br\u012b\u0161anai<\/li>\r\n \t<li style=\"text-align: left;\">Lidostas dro\u0161\u012bbai draudz\u012bga<\/li>\r\n \t<li style=\"text-align: left;\">Ieteicams mazg\u0101t ar rok\u0101m<\/li>\r\n<\/ul>","short_description":"<p style=\"text-align: center;\">Z\u012bda ce\u013c\u0161 att\u0113lo izsmalcin\u0101to, ar rok\u0101m apgleznotas keramikas m\u0101kslu. Vieglas otas l\u012bnijas r\u016bp\u012bgais piesk\u0101riens, ko caurstr\u0101vo seno zin\u0101\u0161anu precizit\u0101te.<\/p>","status":"publish","sku":"clima-500-silkroad","original":124216},"wpml":{"translation_type":1,"has_translations":true,"original":124216,"duplicates":[],"translations":{"lv":124231,"en":124216}},"brands":[{"id":1251,"name":"24Bottles","slug":"24bottles-lv"}],"_links":{"self":[{"href":"https:\/\/m50.lv\/lv\/wp-json\/wp\/v2\/product\/124231","targetHints":{"allow":["GET"]}}],"collection":[{"href":"https:\/\/m50.lv\/lv\/wp-json\/wp\/v2\/product"}],"about":[{"href":"https:\/\/m50.lv\/lv\/wp-json\/wp\/v2\/types\/product"}],"version-history":[{"count":0,"href":"https:\/\/m50.lv\/lv\/wp-json\/wp\/v2\/product\/124231\/revisions"}],"wp:featuredmedia":[{"embeddable":true,"href":"https:\/\/m50.lv\/lv\/wp-json\/wp\/v2\/media\/124069"}],"wp:attachment":[{"href":"https:\/\/m50.lv\/lv\/wp-json\/wp\/v2\/media?parent=124231"}],"wp:term":[{"taxonomy":"pwb-brand","embeddable":true,"href":"https:\/\/m50.lv\/lv\/wp-json\/wp\/v2\/pwb-brand?post=124231"},{"taxonomy":"product_cat","embeddable":true,"href":"https:\/\/m50.lv\/lv\/wp-json\/wp\/v2\/product_cat?post=124231"},{"taxonomy":"product_tag","embeddable":true,"href":"https:\/\/m50.lv\/lv\/wp-json\/wp\/v2\/product_tag?post=124231"}],"curies":[{"name":"wp","href":"https:\/\/api.w.org\/{rel}","templated":true}]}}