{"id":124944,"date":"2022-03-15T13:56:03","date_gmt":"2022-03-15T11:56:03","guid":{"rendered":"https:\/\/m50.lv\/shop\/m50-organiskas-kokvilnas-tiklinmaisins-juras-zils\/"},"modified":"2023-09-20T12:29:32","modified_gmt":"2023-09-20T10:29:32","slug":"m50-organiskas-kokvilnas-tiklinmaisins-juras-zils","status":"publish","type":"product","link":"https:\/\/m50.lv\/lv\/product\/m50-organiskas-kokvilnas-tiklinmaisins-juras-zils\/","title":{"rendered":"M50 Organiskas Kokvilnas T\u012bkli\u0146MAISI\u0145\u0160 J\u016bras zils"},"content":{"rendered":"<p style=\"text-align: left;\">Rokturis 36cm garum\u0101, ietilp\u012bba 6kg \/ 6 litri, izm\u0113rs 34x34cm, materi\u0101ls: 100% organisk\u0101 kokvilna<\/p>\n","protected":false},"excerpt":{"rendered":"<p style=\"text-align: center;\">Praktisk\u0101 romantika &#8211; tirgus labumiem, pludmales pastaig\u0101m, un cit\u0101m tav\u0101m bezizm\u0113ra vajadz\u012bb\u0101m!<\/p>\n","protected":false},"featured_media":124887,"template":"","meta":{"_jet_sm_ready_style":"","_jet_sm_style":"","_jet_sm_controls_values":"","_jet_sm_fonts_collection":"","_jet_sm_fonts_links":""},"pwb-brand":[1249],"product_cat":[101,733,195],"product_tag":[1474],"class_list":{"0":"post-124944","1":"product","2":"type-product","3":"status-publish","4":"has-post-thumbnail","6":"pwb-brand-m50-lv","7":"product_cat-aksesuari","8":"product_cat-m50","9":"product_cat-somas","10":"product_tag-gifts-under-20e","12":"first","13":"instock","14":"taxable","15":"shipping-taxable","16":"purchasable","17":"product-type-simple"},"raw_content":{"name":"M50 Organiskas Kokvilnas T\u012bkli\u0146MAISI\u0145\u0160 J\u016bras zils","description":"<p style=\"text-align: left;\">Rokturis 36cm garum\u0101, ietilp\u012bba 6kg \/ 6 litri, izm\u0113rs 34x34cm, materi\u0101ls: 100% organisk\u0101 kokvilna<\/p>","short_description":"<p style=\"text-align: center;\">Praktisk\u0101 romantika - tirgus labumiem, pludmales pastaig\u0101m, un cit\u0101m tav\u0101m bezizm\u0113ra vajadz\u012bb\u0101m!<\/p>","status":"publish","sku":"M50-5060717320964","original":124940},"wpml":{"translation_type":1,"has_translations":true,"original":124940,"duplicates":[],"translations":{"lv":124944,"en":124940}},"brands":[{"id":1249,"name":"M50","slug":"m50-lv"}],"_links":{"self":[{"href":"https:\/\/m50.lv\/lv\/wp-json\/wp\/v2\/product\/124944","targetHints":{"allow":["GET"]}}],"collection":[{"href":"https:\/\/m50.lv\/lv\/wp-json\/wp\/v2\/product"}],"about":[{"href":"https:\/\/m50.lv\/lv\/wp-json\/wp\/v2\/types\/product"}],"version-history":[{"count":0,"href":"https:\/\/m50.lv\/lv\/wp-json\/wp\/v2\/product\/124944\/revisions"}],"wp:featuredmedia":[{"embeddable":true,"href":"https:\/\/m50.lv\/lv\/wp-json\/wp\/v2\/media\/124887"}],"wp:attachment":[{"href":"https:\/\/m50.lv\/lv\/wp-json\/wp\/v2\/media?parent=124944"}],"wp:term":[{"taxonomy":"pwb-brand","embeddable":true,"href":"https:\/\/m50.lv\/lv\/wp-json\/wp\/v2\/pwb-brand?post=124944"},{"taxonomy":"product_cat","embeddable":true,"href":"https:\/\/m50.lv\/lv\/wp-json\/wp\/v2\/product_cat?post=124944"},{"taxonomy":"product_tag","embeddable":true,"href":"https:\/\/m50.lv\/lv\/wp-json\/wp\/v2\/product_tag?post=124944"}],"curies":[{"name":"wp","href":"https:\/\/api.w.org\/{rel}","templated":true}]}}