{"id":125893,"date":"2022-03-24T10:32:38","date_gmt":"2022-03-24T08:32:38","guid":{"rendered":"https:\/\/m50.lv\/shop\/schastia-zdorovia-t-krekls-liela-bl-pile-melns\/"},"modified":"2022-03-31T14:38:53","modified_gmt":"2022-03-31T11:38:53","slug":"schastia-zdorovia-t-krekls-liela-bl-pile-melns","status":"publish","type":"product","link":"https:\/\/m50.lv\/lv\/product\/schastia-zdorovia-t-krekls-liela-bl-pile-melns\/","title":{"rendered":"Schastia Zdorovia T krekls Liel\u0101 B\u013c* P\u012ble | Melns"},"content":{"rendered":"<p style=\"text-align: left;\">M\u012bkstas kokvilnas br\u012bva piegriezuma unisex fasona T krekls ar slaveno rupjo p\u012bl\u012bti.<\/p>\n<p style=\"text-align: left;\">Ieg\u0101d\u0101joties Schastia Zdorovia z\u012bmola dizainus, tie\u0161\u0101 veid\u0101 tiek atbalst\u012bti divi konkr\u0113ti m\u0101kslinieki, un vi\u0146u ikdiena neapskau\u017eamos kara apst\u0101k\u013cos. Ticam, ka labais uzvar\u0113s, un Marijai ar Aleksandru izdosies realiz\u0113t savus rado\u0161os sap\u0146us br\u012bv\u0101 Ukrain\u0101!<br \/>\nZ\u012bmola st\u0101stu lasi <a href=\"https:\/\/m50.lv\/lv\/2022\/03\/24\/schastia-zdorovia-zimols-kas-stav-aiz-bl-piles\/?fbclid=IwAR3Ebic2VgOyFUrxF1u3cOfcFnRZA8kZYt9yZsh3pvnIQzN4TPy586vWwug\"><em><strong>\u0161eit<\/strong><\/em><\/a><\/p>\n","protected":false},"excerpt":{"rendered":"<p style=\"text-align: center;\">\u0160obr\u012bd m\u016bsu draugu, ukrai\u0146u z\u012bmola Schastia Zdorovia uzdevum\u0101, T krekli atkal tiek druk\u0101ti R\u012bg\u0101, drukas kantor\u012b P42. Tie\u0161i \u0161eit pirms 6 gadiem, kad dizaineri Marija un Sa\u0161a dz\u012bvoja Latvij\u0101, s\u0101k\u0101s slaven\u0101s p\u012bl\u012btes uzvaras g\u0101jiens.<\/p>\n","protected":false},"featured_media":125821,"template":"","meta":{"_jet_sm_ready_style":"","_jet_sm_style":"","_jet_sm_controls_values":"","_jet_sm_fonts_collection":"","_jet_sm_fonts_links":""},"pwb-brand":[1256],"product_cat":[102,105,104,107,103],"product_tag":[845],"class_list":{"0":"post-125893","1":"product","2":"type-product","3":"status-publish","4":"has-post-thumbnail","6":"pwb-brand-schastia-zdorovia-lv","7":"product_cat-apgerbs","8":"product_cat-sievietem","9":"product_cat-t-krekli","10":"product_cat-t-krekli-sievietem","11":"product_cat-viriesiem","12":"product_tag-t-krekli","14":"first","15":"instock","16":"taxable","17":"shipping-taxable","18":"purchasable","19":"product-type-variable"},"raw_content":{"name":"Schastia Zdorovia T krekls Liel\u0101 B\u013c* P\u012ble | Melns","description":"<p style=\"text-align: left;\">M\u012bkstas kokvilnas br\u012bva piegriezuma unisex fasona T krekls ar slaveno rupjo p\u012bl\u012bti.<\/p>\r\n<p style=\"text-align: left;\">Ieg\u0101d\u0101joties Schastia Zdorovia z\u012bmola dizainus, tie\u0161\u0101 veid\u0101 tiek atbalst\u012bti divi konkr\u0113ti m\u0101kslinieki, un vi\u0146u ikdiena neapskau\u017eamos kara apst\u0101k\u013cos. Ticam, ka labais uzvar\u0113s, un Marijai ar Aleksandru izdosies realiz\u0113t savus rado\u0161os sap\u0146us br\u012bv\u0101 Ukrain\u0101!\r\nZ\u012bmola st\u0101stu lasi <a href=\"https:\/\/m50.lv\/lv\/2022\/03\/24\/schastia-zdorovia-zimols-kas-stav-aiz-bl-piles\/?fbclid=IwAR3Ebic2VgOyFUrxF1u3cOfcFnRZA8kZYt9yZsh3pvnIQzN4TPy586vWwug\"><em><strong>\u0161eit<\/strong><\/em><\/a><\/p>","short_description":"<p style=\"text-align: center;\">\u0160obr\u012bd m\u016bsu draugu, ukrai\u0146u z\u012bmola Schastia Zdorovia uzdevum\u0101, T krekli atkal tiek druk\u0101ti R\u012bg\u0101, drukas kantor\u012b P42. Tie\u0161i \u0161eit pirms 6 gadiem, kad dizaineri Marija un Sa\u0161a dz\u012bvoja Latvij\u0101, s\u0101k\u0101s slaven\u0101s p\u012bl\u012btes uzvaras g\u0101jiens.<\/p>","status":"publish","sku":"Scahstia-bigduck-black","original":125859},"wpml":{"translation_type":1,"has_translations":true,"original":125859,"duplicates":[],"translations":{"lv":125893,"en":125859}},"brands":[{"id":1256,"name":"Schastia Zdorovia","slug":"schastia-zdorovia-lv"}],"_links":{"self":[{"href":"https:\/\/m50.lv\/lv\/wp-json\/wp\/v2\/product\/125893","targetHints":{"allow":["GET"]}}],"collection":[{"href":"https:\/\/m50.lv\/lv\/wp-json\/wp\/v2\/product"}],"about":[{"href":"https:\/\/m50.lv\/lv\/wp-json\/wp\/v2\/types\/product"}],"version-history":[{"count":0,"href":"https:\/\/m50.lv\/lv\/wp-json\/wp\/v2\/product\/125893\/revisions"}],"wp:featuredmedia":[{"embeddable":true,"href":"https:\/\/m50.lv\/lv\/wp-json\/wp\/v2\/media\/125821"}],"wp:attachment":[{"href":"https:\/\/m50.lv\/lv\/wp-json\/wp\/v2\/media?parent=125893"}],"wp:term":[{"taxonomy":"pwb-brand","embeddable":true,"href":"https:\/\/m50.lv\/lv\/wp-json\/wp\/v2\/pwb-brand?post=125893"},{"taxonomy":"product_cat","embeddable":true,"href":"https:\/\/m50.lv\/lv\/wp-json\/wp\/v2\/product_cat?post=125893"},{"taxonomy":"product_tag","embeddable":true,"href":"https:\/\/m50.lv\/lv\/wp-json\/wp\/v2\/product_tag?post=125893"}],"curies":[{"name":"wp","href":"https:\/\/api.w.org\/{rel}","templated":true}]}}