{"id":127271,"date":"2022-04-08T11:00:22","date_gmt":"2022-04-08T09:00:22","guid":{"rendered":"https:\/\/m50.lv\/?post_type=product&#038;p=127271"},"modified":"2023-03-16T17:19:19","modified_gmt":"2023-03-16T15:19:19","slug":"m50-krekls-ar-garam-piedurknem-zals-3","status":"publish","type":"product","link":"https:\/\/m50.lv\/lv\/product\/m50-krekls-ar-garam-piedurknem-zals-3\/","title":{"rendered":"M50 Krekls ar gar\u0101m piedurkn\u0113m | ZA\u013b\u0160"},"content":{"rendered":"<p style=\"text-align: left;\">M50 fejas pa\u0161as valk\u0101 un citiem iesaka! Velc k\u0101 piegulo\u0161u topi\u0146u pie sv\u0101rkiem vai biks\u0113m, un ar\u012b zem p\u016bkain\u0101 d\u017eemper\u012b\u0161a un m\u012b\u013c\u0101k\u0101s kleitas &#8211; saj\u016bta b\u016bs kolos\u0101la!<\/p>\n<p style=\"text-align: left;\">Skaista kr\u0101su gamma, izcili saskan ar legingiem no M50 kolekcijas!<\/p>\n<p style=\"text-align: left;\">Materi\u0101ls: 92% viskoze, 8% elast\u0101ns.<\/p>\n<p style=\"text-align: left;\">M\u016bsu modele ir 185cm gara, mugur\u0101 M izm\u0113ra krekli\u0146\u0161. Ieskaties izm\u0113ru tabul\u0101! Krekli\u0146\u0161 ir \u013coti elast\u012bgs, viegli pastiepjas l\u012bdz pat 14cm platum\u0101<\/p>\n","protected":false},"excerpt":{"rendered":"<p style=\"text-align: center;\">Krekli\u0146u kolekcija ikdienai un sportam! Der k\u0101 uzliets &#8211; k\u0101 &#8220;otr\u0101 \u0101di\u0146a&#8221; &#8211; siltumam un skaistumam. Krekli\u0146am neapstr\u0101d\u0101ts laivi\u0146veida kakla izgriezums un pagarin\u0101ts piedurk\u0146u garums. Nevienas liekas v\u012bl\u012btes.<\/p>\n","protected":false},"featured_media":0,"template":"","meta":{"_jet_sm_ready_style":"","_jet_sm_style":"","_jet_sm_controls_values":"","_jet_sm_fonts_collection":"","_jet_sm_fonts_links":""},"pwb-brand":[93],"product_cat":[732,60],"product_tag":[1396],"class_list":{"0":"post-127271","1":"product","2":"type-product","3":"status-publish","5":"pwb-brand-m50","6":"product_cat-m50-originals","7":"product_cat-womens","8":"product_tag-zem20-lv","10":"first","11":"outofstock","12":"taxable","13":"shipping-taxable","14":"product-type-variable"},"raw_content":{"name":"M50 Krekls ar gar\u0101m piedurkn\u0113m | ZA\u013b\u0160","description":"<p style=\"text-align: left;\">M50 fejas pa\u0161as valk\u0101 un citiem iesaka! Velc k\u0101 piegulo\u0161u topi\u0146u pie sv\u0101rkiem vai biks\u0113m, un ar\u012b zem p\u016bkain\u0101 d\u017eemper\u012b\u0161a un m\u012b\u013c\u0101k\u0101s kleitas - saj\u016bta b\u016bs kolos\u0101la!<\/p>\r\n<p style=\"text-align: left;\">Skaista kr\u0101su gamma, izcili saskan ar legingiem no M50 kolekcijas!<\/p>\r\n<p style=\"text-align: left;\">Materi\u0101ls: 92% viskoze, 8% elast\u0101ns.<\/p>\r\n<p style=\"text-align: left;\">M\u016bsu modele ir 185cm gara, mugur\u0101 M izm\u0113ra krekli\u0146\u0161. Ieskaties izm\u0113ru tabul\u0101! Krekli\u0146\u0161 ir \u013coti elast\u012bgs, viegli pastiepjas l\u012bdz pat 14cm platum\u0101<\/p>","short_description":"<p style=\"text-align: center;\">Krekli\u0146u kolekcija ikdienai un sportam! Der k\u0101 uzliets - k\u0101 \"otr\u0101 \u0101di\u0146a\" - siltumam un skaistumam. Krekli\u0146am neapstr\u0101d\u0101ts laivi\u0146veida kakla izgriezums un pagarin\u0101ts piedurk\u0146u garums. Nevienas liekas v\u012bl\u012btes.<\/p>","status":"publish","sku":"M50-long-sleeve-FOREST-GREEN","original":127023},"wpml":{"translation_type":1,"has_translations":true,"original":127023,"duplicates":[],"translations":{"lv":127271,"en":127023}},"brands":[{"id":1249,"name":"M50","slug":"m50-lv"}],"_links":{"self":[{"href":"https:\/\/m50.lv\/lv\/wp-json\/wp\/v2\/product\/127271","targetHints":{"allow":["GET"]}}],"collection":[{"href":"https:\/\/m50.lv\/lv\/wp-json\/wp\/v2\/product"}],"about":[{"href":"https:\/\/m50.lv\/lv\/wp-json\/wp\/v2\/types\/product"}],"version-history":[{"count":0,"href":"https:\/\/m50.lv\/lv\/wp-json\/wp\/v2\/product\/127271\/revisions"}],"wp:attachment":[{"href":"https:\/\/m50.lv\/lv\/wp-json\/wp\/v2\/media?parent=127271"}],"wp:term":[{"taxonomy":"pwb-brand","embeddable":true,"href":"https:\/\/m50.lv\/lv\/wp-json\/wp\/v2\/pwb-brand?post=127271"},{"taxonomy":"product_cat","embeddable":true,"href":"https:\/\/m50.lv\/lv\/wp-json\/wp\/v2\/product_cat?post=127271"},{"taxonomy":"product_tag","embeddable":true,"href":"https:\/\/m50.lv\/lv\/wp-json\/wp\/v2\/product_tag?post=127271"}],"curies":[{"name":"wp","href":"https:\/\/api.w.org\/{rel}","templated":true}]}}