{"id":128070,"date":"2022-04-18T17:08:18","date_gmt":"2022-04-18T15:08:18","guid":{"rendered":"https:\/\/m50.lv\/shop\/m50-x-zane-veldre-organiskas-kokvilnas-t-krekls-krauklis\/"},"modified":"2024-04-03T14:41:06","modified_gmt":"2024-04-03T12:41:06","slug":"m50-x-zane-veldre-organiskas-kokvilnas-t-krekls-krauklis","status":"publish","type":"product","link":"https:\/\/m50.lv\/lv\/product\/m50-x-zane-veldre-organiskas-kokvilnas-t-krekls-krauklis\/","title":{"rendered":"M50 x Zane Veldre Organiskas kokvilnas t-krekls KRAUKLIS"},"content":{"rendered":"<p style=\"text-align: left;\">Zane Veldre ir latvie\u0161u m\u0101ksliniece, kura iedvesmojas no dabas, nejau\u0161iem ikdienas notikumiem un literat\u016bras. Vi\u0146as lauci\u0146\u0161 ir abstrakt\u0101 m\u0101ksla, bet kop\u0161 k\u013cuva par 2 br\u012bni\u0161\u0137\u012bgu b\u0113rnu mammu, piev\u0113rs\u0101s maz\u0101ku izm\u0113ru darbiem un portretiem.<\/p>\n<p style=\"text-align: left;\">T-krekls ra\u017eots no 100% organiskas un PETA sertific\u0113tas augstas kvalit\u0101tes kokvilnas.<br \/>\nTo uzvelkot, ap\u0146em pat\u012bkams m\u012bkstums un maigums, T krekls atbilst visiem god\u012bgas tirdzniec\u012bbas un ilgtsp\u0113j\u012bgas ra\u017eo\u0161anas principiem, ra\u017eots Be\u013c\u0123ijas uz\u0146\u0113mum\u0101 Stanley\/Stella. Apdruk\u0101ts R\u012bg\u0101 \u2013 DTG tehnik\u0101.<\/p>\n<p style=\"text-align: left;\">Ieteicams mazg\u0101t 30C gr\u0101du temperat\u016br\u0101, izgrie\u017eot iek\u0161pusi uz \u0101ru. Auduma bl\u012bvums: 180 G\/M\u00b2<\/p>\n","protected":false},"excerpt":{"rendered":"<p style=\"text-align: center;\">Modrais gudrinieks Krauklis uz gai\u0161i sudrabpel\u0113ka Unisex fasona krekla. \u201cM\u016bsu \u0123imen\u0113 dabas kl\u0101tb\u016btnei vienm\u0113r ir bijusi milz\u012bga noz\u012bme. B\u016b\u0161ana dab\u0101 ir m\u016bsu miers un harmonija. Glu\u017ei k\u0101 joga vai k\u0101dam citam bazn\u012bcas, sporta z\u0101les vai operas apmekl\u0113jums,\u201d saka z\u012bm\u0113juma autore Zane Veldre.<\/p>\n","protected":false},"featured_media":127969,"template":"","meta":{"_jet_sm_ready_style":"","_jet_sm_style":"","_jet_sm_controls_values":"","_jet_sm_fonts_collection":"","_jet_sm_fonts_links":""},"pwb-brand":[1281],"product_cat":[102,733,105,107,104,103],"product_tag":[1234,1440,1424,845],"class_list":{"0":"post-128070","1":"product","2":"type-product","3":"status-publish","4":"has-post-thumbnail","6":"pwb-brand-m50-x-zane-veldre-lv","7":"product_cat-apgerbs","8":"product_cat-m50","9":"product_cat-sievietem","10":"product_cat-t-krekli-sievietem","11":"product_cat-t-krekli","12":"product_cat-viriesiem","13":"product_tag-m50-originals-lv-2","14":"product_tag-pedeja-iespeja","15":"product_tag-saleforever-lv","16":"product_tag-t-krekli","18":"first","19":"outofstock","20":"taxable","21":"shipping-taxable","22":"product-type-variable"},"raw_content":{"name":"M50 x Zane Veldre Organiskas kokvilnas t-krekls KRAUKLIS","description":"<p style=\"text-align: left;\">Zane Veldre ir latvie\u0161u m\u0101ksliniece, kura iedvesmojas no dabas, nejau\u0161iem ikdienas notikumiem un literat\u016bras. Vi\u0146as lauci\u0146\u0161 ir abstrakt\u0101 m\u0101ksla, bet kop\u0161 k\u013cuva par 2 br\u012bni\u0161\u0137\u012bgu b\u0113rnu mammu, piev\u0113rs\u0101s maz\u0101ku izm\u0113ru darbiem un portretiem.<\/p>\r\n<p style=\"text-align: left;\">T-krekls ra\u017eots no 100% organiskas un PETA sertific\u0113tas augstas kvalit\u0101tes kokvilnas.\r\nTo uzvelkot, ap\u0146em pat\u012bkams m\u012bkstums un maigums, T krekls atbilst visiem god\u012bgas tirdzniec\u012bbas un ilgtsp\u0113j\u012bgas ra\u017eo\u0161anas principiem, ra\u017eots Be\u013c\u0123ijas uz\u0146\u0113mum\u0101 Stanley\/Stella. Apdruk\u0101ts R\u012bg\u0101 \u2013 DTG tehnik\u0101.<\/p>\r\n<p style=\"text-align: left;\">Ieteicams mazg\u0101t 30C gr\u0101du temperat\u016br\u0101, izgrie\u017eot iek\u0161pusi uz \u0101ru. Auduma bl\u012bvums: 180 G\/M\u00b2<\/p>","short_description":"<p style=\"text-align: center;\">Modrais gudrinieks Krauklis uz gai\u0161i sudrabpel\u0113ka Unisex fasona krekla. \u201cM\u016bsu \u0123imen\u0113 dabas kl\u0101tb\u016btnei vienm\u0113r ir bijusi milz\u012bga noz\u012bme. B\u016b\u0161ana dab\u0101 ir m\u016bsu miers un harmonija. Glu\u017ei k\u0101 joga vai k\u0101dam citam bazn\u012bcas, sporta z\u0101les vai operas apmekl\u0113jums,\u201d saka z\u012bm\u0113juma autore Zane Veldre.<\/p>","status":"publish","sku":"M50-ZaneVeldre-TShirts-Raven","original":127979},"wpml":{"translation_type":1,"has_translations":true,"original":127979,"duplicates":[],"translations":{"lv":128070,"en":127979}},"brands":[{"id":1281,"name":"M50 x Zane Veldre","slug":"m50-x-zane-veldre-lv"}],"_links":{"self":[{"href":"https:\/\/m50.lv\/lv\/wp-json\/wp\/v2\/product\/128070","targetHints":{"allow":["GET"]}}],"collection":[{"href":"https:\/\/m50.lv\/lv\/wp-json\/wp\/v2\/product"}],"about":[{"href":"https:\/\/m50.lv\/lv\/wp-json\/wp\/v2\/types\/product"}],"version-history":[{"count":0,"href":"https:\/\/m50.lv\/lv\/wp-json\/wp\/v2\/product\/128070\/revisions"}],"wp:featuredmedia":[{"embeddable":true,"href":"https:\/\/m50.lv\/lv\/wp-json\/wp\/v2\/media\/127969"}],"wp:attachment":[{"href":"https:\/\/m50.lv\/lv\/wp-json\/wp\/v2\/media?parent=128070"}],"wp:term":[{"taxonomy":"pwb-brand","embeddable":true,"href":"https:\/\/m50.lv\/lv\/wp-json\/wp\/v2\/pwb-brand?post=128070"},{"taxonomy":"product_cat","embeddable":true,"href":"https:\/\/m50.lv\/lv\/wp-json\/wp\/v2\/product_cat?post=128070"},{"taxonomy":"product_tag","embeddable":true,"href":"https:\/\/m50.lv\/lv\/wp-json\/wp\/v2\/product_tag?post=128070"}],"curies":[{"name":"wp","href":"https:\/\/api.w.org\/{rel}","templated":true}]}}