{"id":128560,"date":"2022-04-29T19:41:59","date_gmt":"2022-04-29T17:41:59","guid":{"rendered":"https:\/\/m50.lv\/shop\/nozimite-briniskiga-mamma-kronitis-tumsi-peleks\/"},"modified":"2022-05-05T10:43:56","modified_gmt":"2022-05-05T07:43:56","slug":"nozimite-briniskiga-mamma-kronitis-tumsi-peleks","status":"publish","type":"product","link":"https:\/\/m50.lv\/lv\/product\/nozimite-briniskiga-mamma-kronitis-tumsi-peleks\/","title":{"rendered":"Noz\u012bm\u012bte &#8220;Br\u012bni\u0161\u0137\u012bga mamma&#8221;, kron\u012btis, tum\u0161i pel\u0113ks"},"content":{"rendered":"<p style=\"text-align: left;\">Noz\u012bm\u012btes izm\u0113rs 2,5\u00d72 cm<br \/>\nMet\u0101la kr\u0101sa \u2013 zelta<br \/>\nEmaljas kr\u0101sa \u2013 tum\u0161i pel\u0113ka<\/p>\n","protected":false},"excerpt":{"rendered":"<p style=\"text-align: center;\">Met\u0101la piespraude<\/p>\n","protected":false},"featured_media":128539,"template":"","meta":{"_jet_sm_ready_style":"","_jet_sm_style":"","_jet_sm_controls_values":"","_jet_sm_fonts_collection":"","_jet_sm_fonts_links":""},"pwb-brand":[1296],"product_cat":[193,204],"product_tag":[1474],"class_list":{"0":"post-128560","1":"product","2":"type-product","3":"status-publish","4":"has-post-thumbnail","6":"pwb-brand-gimenes-psihologijas-centrs-lina-lv","7":"product_cat-davanas","8":"product_cat-piespraudes","9":"product_tag-gifts-under-20e","11":"first","12":"instock","13":"taxable","14":"shipping-taxable","15":"purchasable","16":"product-type-simple"},"raw_content":{"name":"Noz\u012bm\u012bte \"Br\u012bni\u0161\u0137\u012bga mamma\", kron\u012btis, tum\u0161i pel\u0113ks","description":"<p style=\"text-align: left;\">Noz\u012bm\u012btes izm\u0113rs 2,5\u00d72 cm\r\nMet\u0101la kr\u0101sa \u2013 zelta\r\nEmaljas kr\u0101sa \u2013 tum\u0161i pel\u0113ka<\/p>","short_description":"<p style=\"text-align: center;\">Met\u0101la piespraude<\/p>","status":"publish","sku":"lina-4751033490066","original":128547},"wpml":{"translation_type":1,"has_translations":true,"original":128547,"duplicates":[],"translations":{"lv":128560,"en":128547}},"brands":[{"id":1296,"name":"\u0122imenes psiholo\u0123ijas centrs L\u012aNA","slug":"gimenes-psihologijas-centrs-lina-lv"}],"_links":{"self":[{"href":"https:\/\/m50.lv\/lv\/wp-json\/wp\/v2\/product\/128560","targetHints":{"allow":["GET"]}}],"collection":[{"href":"https:\/\/m50.lv\/lv\/wp-json\/wp\/v2\/product"}],"about":[{"href":"https:\/\/m50.lv\/lv\/wp-json\/wp\/v2\/types\/product"}],"version-history":[{"count":0,"href":"https:\/\/m50.lv\/lv\/wp-json\/wp\/v2\/product\/128560\/revisions"}],"wp:featuredmedia":[{"embeddable":true,"href":"https:\/\/m50.lv\/lv\/wp-json\/wp\/v2\/media\/128539"}],"wp:attachment":[{"href":"https:\/\/m50.lv\/lv\/wp-json\/wp\/v2\/media?parent=128560"}],"wp:term":[{"taxonomy":"pwb-brand","embeddable":true,"href":"https:\/\/m50.lv\/lv\/wp-json\/wp\/v2\/pwb-brand?post=128560"},{"taxonomy":"product_cat","embeddable":true,"href":"https:\/\/m50.lv\/lv\/wp-json\/wp\/v2\/product_cat?post=128560"},{"taxonomy":"product_tag","embeddable":true,"href":"https:\/\/m50.lv\/lv\/wp-json\/wp\/v2\/product_tag?post=128560"}],"curies":[{"name":"wp","href":"https:\/\/api.w.org\/{rel}","templated":true}]}}