{"id":128562,"date":"2022-04-29T19:46:18","date_gmt":"2022-04-29T17:46:18","guid":{"rendered":"https:\/\/m50.lv\/shop\/nozimite-briniskiga-mamma-podzina\/"},"modified":"2022-04-29T21:07:00","modified_gmt":"2022-04-29T18:07:00","slug":"nozimite-briniskiga-mamma-podzina","status":"publish","type":"product","link":"https:\/\/m50.lv\/lv\/product\/nozimite-briniskiga-mamma-podzina\/","title":{"rendered":"Noz\u012bm\u012bte &#8220;Br\u012bni\u0161\u0137\u012bga mamma&#8221;, podzi\u0146a"},"content":{"rendered":"<p style=\"text-align: left;\">Noz\u012bm\u012btes diametrs 1,2 cm<br \/>\nMet\u0101la kr\u0101sa \u2013 sudraba<br \/>\nEmaljas kr\u0101sa \u2013 roz\u0101 vai gai\u0161i zila<\/p>\n","protected":false},"excerpt":{"rendered":"<p style=\"text-align: center;\">Met\u0101la piespraude<\/p>\n","protected":false},"featured_media":128535,"template":"","meta":{"_jet_sm_ready_style":"","_jet_sm_style":"","_jet_sm_controls_values":"","_jet_sm_fonts_collection":"","_jet_sm_fonts_links":""},"pwb-brand":[1296],"product_cat":[193,204],"product_tag":[1474],"class_list":{"0":"post-128562","1":"product","2":"type-product","3":"status-publish","4":"has-post-thumbnail","6":"pwb-brand-gimenes-psihologijas-centrs-lina-lv","7":"product_cat-davanas","8":"product_cat-piespraudes","9":"product_tag-gifts-under-20e","11":"first","12":"instock","13":"taxable","14":"shipping-taxable","15":"purchasable","16":"product-type-simple"},"raw_content":{"name":"Noz\u012bm\u012bte \"Br\u012bni\u0161\u0137\u012bga mamma\", podzi\u0146a","description":"<p style=\"text-align: left;\">Noz\u012bm\u012btes diametrs 1,2 cm\r\nMet\u0101la kr\u0101sa \u2013 sudraba\r\nEmaljas kr\u0101sa \u2013 roz\u0101 vai gai\u0161i zila<\/p>","short_description":"<p style=\"text-align: center;\">Met\u0101la piespraude<\/p>","status":"publish","sku":"lina-4751033490103","original":128549},"wpml":{"translation_type":1,"has_translations":true,"original":128549,"duplicates":[],"translations":{"lv":128562,"en":128549}},"brands":[{"id":1296,"name":"\u0122imenes psiholo\u0123ijas centrs L\u012aNA","slug":"gimenes-psihologijas-centrs-lina-lv"}],"_links":{"self":[{"href":"https:\/\/m50.lv\/lv\/wp-json\/wp\/v2\/product\/128562","targetHints":{"allow":["GET"]}}],"collection":[{"href":"https:\/\/m50.lv\/lv\/wp-json\/wp\/v2\/product"}],"about":[{"href":"https:\/\/m50.lv\/lv\/wp-json\/wp\/v2\/types\/product"}],"version-history":[{"count":0,"href":"https:\/\/m50.lv\/lv\/wp-json\/wp\/v2\/product\/128562\/revisions"}],"wp:featuredmedia":[{"embeddable":true,"href":"https:\/\/m50.lv\/lv\/wp-json\/wp\/v2\/media\/128535"}],"wp:attachment":[{"href":"https:\/\/m50.lv\/lv\/wp-json\/wp\/v2\/media?parent=128562"}],"wp:term":[{"taxonomy":"pwb-brand","embeddable":true,"href":"https:\/\/m50.lv\/lv\/wp-json\/wp\/v2\/pwb-brand?post=128562"},{"taxonomy":"product_cat","embeddable":true,"href":"https:\/\/m50.lv\/lv\/wp-json\/wp\/v2\/product_cat?post=128562"},{"taxonomy":"product_tag","embeddable":true,"href":"https:\/\/m50.lv\/lv\/wp-json\/wp\/v2\/product_tag?post=128562"}],"curies":[{"name":"wp","href":"https:\/\/api.w.org\/{rel}","templated":true}]}}