{"id":128565,"date":"2022-04-29T19:51:03","date_gmt":"2022-04-29T17:51:03","guid":{"rendered":"https:\/\/m50.lv\/shop\/nozimite-lielisks-tetis-vairodzins-gaisi-zils\/"},"modified":"2022-04-29T20:51:03","modified_gmt":"2022-04-29T17:51:03","slug":"nozimite-lielisks-tetis-vairodzins-gaisi-zils","status":"publish","type":"product","link":"https:\/\/m50.lv\/lv\/product\/nozimite-lielisks-tetis-vairodzins-gaisi-zils\/","title":{"rendered":"Noz\u012bm\u012bte &#8220;Lielisks t\u0113tis&#8221;, vairodzi\u0146\u0161, gai\u0161i zils"},"content":{"rendered":"<p style=\"text-align: left;\">Noz\u012bm\u012btes izm\u0113rs 2,2\u00d72,2 cm<br \/>\nMet\u0101la kr\u0101sa \u2013 zelta<br \/>\nEmaljas kr\u0101sa \u2013 gai\u0161i zila<\/p>\n","protected":false},"excerpt":{"rendered":"<p style=\"text-align: center;\">Met\u0101la piespraude<\/p>\n","protected":false},"featured_media":128517,"template":"","meta":{"_jet_sm_ready_style":"","_jet_sm_style":"","_jet_sm_controls_values":"","_jet_sm_fonts_collection":"","_jet_sm_fonts_links":""},"pwb-brand":[1296],"product_cat":[193,204],"product_tag":[1474],"class_list":{"0":"post-128565","1":"product","2":"type-product","3":"status-publish","4":"has-post-thumbnail","6":"pwb-brand-gimenes-psihologijas-centrs-lina-lv","7":"product_cat-davanas","8":"product_cat-piespraudes","9":"product_tag-gifts-under-20e","11":"first","12":"instock","13":"taxable","14":"shipping-taxable","15":"purchasable","16":"product-type-simple"},"raw_content":{"name":"Noz\u012bm\u012bte \"Lielisks t\u0113tis\", vairodzi\u0146\u0161, gai\u0161i zils","description":"<p style=\"text-align: left;\">Noz\u012bm\u012btes izm\u0113rs 2,2\u00d72,2 cm\r\nMet\u0101la kr\u0101sa \u2013 zelta\r\nEmaljas kr\u0101sa \u2013 gai\u0161i zila<\/p>","short_description":"<p style=\"text-align: center;\">Met\u0101la piespraude<\/p>","status":"publish","sku":"lina-4751033490028","original":128552},"wpml":{"translation_type":1,"has_translations":true,"original":128552,"duplicates":[],"translations":{"lv":128565,"en":128552}},"brands":[{"id":1296,"name":"\u0122imenes psiholo\u0123ijas centrs L\u012aNA","slug":"gimenes-psihologijas-centrs-lina-lv"}],"_links":{"self":[{"href":"https:\/\/m50.lv\/lv\/wp-json\/wp\/v2\/product\/128565","targetHints":{"allow":["GET"]}}],"collection":[{"href":"https:\/\/m50.lv\/lv\/wp-json\/wp\/v2\/product"}],"about":[{"href":"https:\/\/m50.lv\/lv\/wp-json\/wp\/v2\/types\/product"}],"version-history":[{"count":0,"href":"https:\/\/m50.lv\/lv\/wp-json\/wp\/v2\/product\/128565\/revisions"}],"wp:featuredmedia":[{"embeddable":true,"href":"https:\/\/m50.lv\/lv\/wp-json\/wp\/v2\/media\/128517"}],"wp:attachment":[{"href":"https:\/\/m50.lv\/lv\/wp-json\/wp\/v2\/media?parent=128565"}],"wp:term":[{"taxonomy":"pwb-brand","embeddable":true,"href":"https:\/\/m50.lv\/lv\/wp-json\/wp\/v2\/pwb-brand?post=128565"},{"taxonomy":"product_cat","embeddable":true,"href":"https:\/\/m50.lv\/lv\/wp-json\/wp\/v2\/product_cat?post=128565"},{"taxonomy":"product_tag","embeddable":true,"href":"https:\/\/m50.lv\/lv\/wp-json\/wp\/v2\/product_tag?post=128565"}],"curies":[{"name":"wp","href":"https:\/\/api.w.org\/{rel}","templated":true}]}}