{"id":128567,"date":"2022-04-29T19:54:24","date_gmt":"2022-04-29T17:54:24","guid":{"rendered":"https:\/\/m50.lv\/shop\/nozimite-milaka-vecmamina-lietussardzins-balts\/"},"modified":"2026-04-24T12:42:36","modified_gmt":"2026-04-24T10:42:36","slug":"nozimite-milaka-vecmamina-lietussardzins-balts","status":"publish","type":"product","link":"https:\/\/m50.lv\/lv\/product\/nozimite-milaka-vecmamina-lietussardzins-balts\/","title":{"rendered":"Noz\u012bm\u012bte &#8220;M\u012b\u013c\u0101k\u0101 vecm\u0101mi\u0146a&#8221;, lietussardzi\u0146\u0161, balts"},"content":{"rendered":"<p style=\"text-align: left;\">Noz\u012bm\u012btes izm\u0113rs 3\u00d72,8 cm<br \/>\nMet\u0101la kr\u0101sa \u2013 zelta<br \/>\nEmaljas kr\u0101sa \u2013 balta<\/p>\n","protected":false},"excerpt":{"rendered":"<p style=\"text-align: center;\">Met\u0101la piespraude<\/p>\n","protected":false},"featured_media":128501,"template":"","meta":{"_jet_sm_ready_style":"","_jet_sm_style":"","_jet_sm_controls_values":"","_jet_sm_fonts_collection":"","_jet_sm_fonts_links":""},"pwb-brand":[1296],"product_cat":[193,204],"product_tag":[1474],"class_list":{"0":"post-128567","1":"product","2":"type-product","3":"status-publish","4":"has-post-thumbnail","6":"pwb-brand-gimenes-psihologijas-centrs-lina-lv","7":"product_cat-davanas","8":"product_cat-piespraudes","9":"product_tag-gifts-under-20e","11":"first","12":"instock","13":"taxable","14":"shipping-taxable","15":"purchasable","16":"product-type-simple"},"raw_content":{"name":"Noz\u012bm\u012bte \"M\u012b\u013c\u0101k\u0101 vecm\u0101mi\u0146a\", lietussardzi\u0146\u0161, balts","description":"<p style=\"text-align: left;\">Noz\u012bm\u012btes izm\u0113rs 3\u00d72,8 cm\r\nMet\u0101la kr\u0101sa \u2013 zelta\r\nEmaljas kr\u0101sa \u2013 balta<\/p>","short_description":"<p style=\"text-align: center;\">Met\u0101la piespraude<\/p>","status":"publish","sku":"lina-2000000001432","original":128554},"wpml":{"translation_type":1,"has_translations":true,"original":128554,"duplicates":[],"translations":{"lv":128567,"en":128554}},"brands":[{"id":1296,"name":"\u0122imenes psiholo\u0123ijas centrs L\u012aNA","slug":"gimenes-psihologijas-centrs-lina-lv"}],"_links":{"self":[{"href":"https:\/\/m50.lv\/lv\/wp-json\/wp\/v2\/product\/128567","targetHints":{"allow":["GET"]}}],"collection":[{"href":"https:\/\/m50.lv\/lv\/wp-json\/wp\/v2\/product"}],"about":[{"href":"https:\/\/m50.lv\/lv\/wp-json\/wp\/v2\/types\/product"}],"version-history":[{"count":0,"href":"https:\/\/m50.lv\/lv\/wp-json\/wp\/v2\/product\/128567\/revisions"}],"wp:featuredmedia":[{"embeddable":true,"href":"https:\/\/m50.lv\/lv\/wp-json\/wp\/v2\/media\/128501"}],"wp:attachment":[{"href":"https:\/\/m50.lv\/lv\/wp-json\/wp\/v2\/media?parent=128567"}],"wp:term":[{"taxonomy":"pwb-brand","embeddable":true,"href":"https:\/\/m50.lv\/lv\/wp-json\/wp\/v2\/pwb-brand?post=128567"},{"taxonomy":"product_cat","embeddable":true,"href":"https:\/\/m50.lv\/lv\/wp-json\/wp\/v2\/product_cat?post=128567"},{"taxonomy":"product_tag","embeddable":true,"href":"https:\/\/m50.lv\/lv\/wp-json\/wp\/v2\/product_tag?post=128567"}],"curies":[{"name":"wp","href":"https:\/\/api.w.org\/{rel}","templated":true}]}}