{"id":129420,"date":"2022-05-14T10:59:42","date_gmt":"2022-05-14T08:59:42","guid":{"rendered":"https:\/\/m50.lv\/shop\/24bottles-sporta-korkis-melns-ar-peleku\/"},"modified":"2026-04-30T17:08:09","modified_gmt":"2026-04-30T15:08:09","slug":"24bottles-sporta-korkis-melns-ar-peleku","status":"publish","type":"product","link":"https:\/\/m50.lv\/lv\/product\/24bottles-sporta-korkis-melns-ar-peleku\/","title":{"rendered":"24Bottles Sporta Kor\u0137is Melns ar pel\u0113ku"},"content":{"rendered":"<p style=\"text-align: left;\">Piem\u0113rots gan Clima, gan Urban pudel\u0113m. \u0160is v\u0101ks der\u0113s visiem 24 Bottles izstr\u0101d\u0101jumu izm\u0113riem.<\/p>\n","protected":false},"excerpt":{"rendered":"<p style=\"text-align: center;\">Sport Lid ir v\u0101ci\u0146\u0161, kas nesatur BPA un ir paredz\u0113ts visai 24 Bottles pude\u013cu kolekcijai. Pateicoties lieto\u0161anas \u0113rtumam, var\u0113siet baud\u012bt \u016bdeni visas dienas garum\u0101.<\/p>\n","protected":false},"featured_media":129362,"template":"","meta":{"_jet_sm_ready_style":"","_jet_sm_style":"","_jet_sm_controls_values":"","_jet_sm_fonts_collection":"","_jet_sm_fonts_links":""},"pwb-brand":[1251],"product_cat":[202,193,707],"product_tag":[1474],"class_list":{"0":"post-129420","1":"product","2":"type-product","3":"status-publish","4":"has-post-thumbnail","6":"pwb-brand-24bottles-lv","7":"product_cat-24bottles-lv","8":"product_cat-davanas","9":"product_cat-aksesuari-lv","10":"product_tag-gifts-under-20e","12":"first","13":"instock","14":"taxable","15":"shipping-taxable","16":"purchasable","17":"product-type-simple"},"raw_content":{"name":"24Bottles Sporta Kor\u0137is Melns ar pel\u0113ku","description":"<p style=\"text-align: left;\">Piem\u0113rots gan Clima, gan Urban pudel\u0113m. \u0160is v\u0101ks der\u0113s visiem 24 Bottles izstr\u0101d\u0101jumu izm\u0113riem.<\/p>","short_description":"<p style=\"text-align: center;\">Sport Lid ir v\u0101ci\u0146\u0161, kas nesatur BPA un ir paredz\u0113ts visai 24 Bottles pude\u013cu kolekcijai. Pateicoties lieto\u0161anas \u0113rtumam, var\u0113siet baud\u012bt \u016bdeni visas dienas garum\u0101.<\/p>","status":"publish","sku":"bottle-lid-grey","original":129404},"wpml":{"translation_type":1,"has_translations":true,"original":129404,"duplicates":[],"translations":{"lv":129420,"en":129404}},"brands":[{"id":1251,"name":"24Bottles","slug":"24bottles-lv"}],"_links":{"self":[{"href":"https:\/\/m50.lv\/lv\/wp-json\/wp\/v2\/product\/129420","targetHints":{"allow":["GET"]}}],"collection":[{"href":"https:\/\/m50.lv\/lv\/wp-json\/wp\/v2\/product"}],"about":[{"href":"https:\/\/m50.lv\/lv\/wp-json\/wp\/v2\/types\/product"}],"version-history":[{"count":0,"href":"https:\/\/m50.lv\/lv\/wp-json\/wp\/v2\/product\/129420\/revisions"}],"wp:featuredmedia":[{"embeddable":true,"href":"https:\/\/m50.lv\/lv\/wp-json\/wp\/v2\/media\/129362"}],"wp:attachment":[{"href":"https:\/\/m50.lv\/lv\/wp-json\/wp\/v2\/media?parent=129420"}],"wp:term":[{"taxonomy":"pwb-brand","embeddable":true,"href":"https:\/\/m50.lv\/lv\/wp-json\/wp\/v2\/pwb-brand?post=129420"},{"taxonomy":"product_cat","embeddable":true,"href":"https:\/\/m50.lv\/lv\/wp-json\/wp\/v2\/product_cat?post=129420"},{"taxonomy":"product_tag","embeddable":true,"href":"https:\/\/m50.lv\/lv\/wp-json\/wp\/v2\/product_tag?post=129420"}],"curies":[{"name":"wp","href":"https:\/\/api.w.org\/{rel}","templated":true}]}}