{"id":129432,"date":"2022-05-14T11:20:12","date_gmt":"2022-05-14T09:20:12","guid":{"rendered":"https:\/\/m50.lv\/shop\/24bottles-udenspudele-500ml-brushed-steel\/"},"modified":"2026-05-14T18:43:25","modified_gmt":"2026-05-14T16:43:25","slug":"24bottles-udenspudele-500ml-brushed-steel","status":"publish","type":"product","link":"https:\/\/m50.lv\/lv\/product\/24bottles-udenspudele-500ml-brushed-steel\/","title":{"rendered":"24Bottles \u016adenspudele 500ml Brushed Steel"},"content":{"rendered":"<p style=\"text-align: left;\">Urban pudele ir viegl\u0101k\u0101 ner\u016bs\u0113jo\u0161\u0101 t\u0113rauda pudele, k\u0101du vien b\u016bsi redz\u0113ju\u0161i, ide\u0101li piem\u0113rota \u0101trai padzer\u0161anai un uzpild\u012b\u0161anai, lai dotos ce\u013c\u0101!<\/p>\n<p style=\"text-align: left;\">Akmens apdare<br \/>\n18\/8 p\u0101rtikas klases ner\u016bs\u0113jo\u0161ais t\u0113rauds<br \/>\nNesatur BPA, ftal\u0101tus, toks\u012bnus<br \/>\nNesaglab\u0101 un neizdala arom\u0101tu<br \/>\nAtverama ar vienu griezienu, necaurlaid\u012bgs kor\u0137\u012btis<br \/>\nPla\u0161s atv\u0113rums ledus iepild\u012b\u0161anai un vienk\u0101r\u0161ai t\u012br\u012b\u0161anai<br \/>\nViena sieni\u0146a<br \/>\nAtbilst lidostu dro\u0161\u012bbas nosac\u012bjumiem<br \/>\nIeteicams mazg\u0101t ar rok\u0101m \/ Diametrs \u00f8 6,5 cm &#8211; Mute \u00f8 3,3 cm &#8211; Augstums 21 cm<\/p>\n","protected":false},"excerpt":{"rendered":"<p style=\"text-align: center;\">\u016adenspudele b\u016bs labs draugs tiem, kas ar \u016bdeni ir uz TU. Plats kakli\u0146\u0161 \u0113rtai uzpild\u012b\u0161anai un mazg\u0101\u0161anai, met\u0101ls, kas neuzs\u016bc arom\u0101tus un stil\u012bgs dzains \u2013 tas viss ir te. garais: \u012apa\u0161i nel\u012bdzen\u0101, necaursp\u012bd\u012bg\u0101 akmens apdare ir \u0101rk\u0101rt\u012bgi notur\u012bga un viegli satverama, pie\u0161\u0137irot stingr\u012bbu un \u013coti smalku, akmenim l\u012bdz\u012bgu tekst\u016bru.<\/p>\n","protected":false},"featured_media":129350,"template":"","meta":{"_jet_sm_ready_style":"","_jet_sm_style":"","_jet_sm_controls_values":"","_jet_sm_fonts_collection":"","_jet_sm_fonts_links":""},"pwb-brand":[1251],"product_cat":[202,193,710],"product_tag":[1474],"class_list":["post-129432","product","type-product","status-publish","has-post-thumbnail","pwb-brand-24bottles-lv","product_cat-24bottles-lv","product_cat-davanas","product_cat-urban","product_tag-gifts-under-20e","first","instock","taxable","shipping-taxable","purchasable","product-type-simple"],"raw_content":{"name":"24Bottles \u016adenspudele 500ml Brushed Steel","description":"<p style=\"text-align: left;\">Urban pudele ir viegl\u0101k\u0101 ner\u016bs\u0113jo\u0161\u0101 t\u0113rauda pudele, k\u0101du vien b\u016bsi redz\u0113ju\u0161i, ide\u0101li piem\u0113rota \u0101trai padzer\u0161anai un uzpild\u012b\u0161anai, lai dotos ce\u013c\u0101!<\/p>\r\n<p style=\"text-align: left;\">Akmens apdare\r\n18\/8 p\u0101rtikas klases ner\u016bs\u0113jo\u0161ais t\u0113rauds\r\nNesatur BPA, ftal\u0101tus, toks\u012bnus\r\nNesaglab\u0101 un neizdala arom\u0101tu\r\nAtverama ar vienu griezienu, necaurlaid\u012bgs kor\u0137\u012btis\r\nPla\u0161s atv\u0113rums ledus iepild\u012b\u0161anai un vienk\u0101r\u0161ai t\u012br\u012b\u0161anai\r\nViena sieni\u0146a\r\nAtbilst lidostu dro\u0161\u012bbas nosac\u012bjumiem\r\nIeteicams mazg\u0101t ar rok\u0101m \/ Diametrs \u00f8 6,5 cm - Mute \u00f8 3,3 cm - Augstums 21 cm<\/p>","short_description":"<p style=\"text-align: center;\">\u016adenspudele b\u016bs labs draugs tiem, kas ar \u016bdeni ir uz TU. Plats kakli\u0146\u0161 \u0113rtai uzpild\u012b\u0161anai un mazg\u0101\u0161anai, met\u0101ls, kas neuzs\u016bc arom\u0101tus un stil\u012bgs dzains \u2013 tas viss ir te. garais: \u012apa\u0161i nel\u012bdzen\u0101, necaursp\u012bd\u012bg\u0101 akmens apdare ir \u0101rk\u0101rt\u012bgi notur\u012bga un viegli satverama, pie\u0161\u0137irot stingr\u012bbu un \u013coti smalku, akmenim l\u012bdz\u012bgu tekst\u016bru.<\/p>","status":"publish","sku":"urban-500-brus-steel","original":129416},"wpml":{"translation_type":1,"has_translations":true,"original":129416,"duplicates":[],"translations":{"lv":129432,"en":129416}},"brands":[{"id":1251,"name":"24Bottles","slug":"24bottles-lv"}],"_links":{"self":[{"href":"https:\/\/m50.lv\/lv\/wp-json\/wp\/v2\/product\/129432","targetHints":{"allow":["GET"]}}],"collection":[{"href":"https:\/\/m50.lv\/lv\/wp-json\/wp\/v2\/product"}],"about":[{"href":"https:\/\/m50.lv\/lv\/wp-json\/wp\/v2\/types\/product"}],"version-history":[{"count":0,"href":"https:\/\/m50.lv\/lv\/wp-json\/wp\/v2\/product\/129432\/revisions"}],"wp:featuredmedia":[{"embeddable":true,"href":"https:\/\/m50.lv\/lv\/wp-json\/wp\/v2\/media\/129350"}],"wp:attachment":[{"href":"https:\/\/m50.lv\/lv\/wp-json\/wp\/v2\/media?parent=129432"}],"wp:term":[{"taxonomy":"pwb-brand","embeddable":true,"href":"https:\/\/m50.lv\/lv\/wp-json\/wp\/v2\/pwb-brand?post=129432"},{"taxonomy":"product_cat","embeddable":true,"href":"https:\/\/m50.lv\/lv\/wp-json\/wp\/v2\/product_cat?post=129432"},{"taxonomy":"product_tag","embeddable":true,"href":"https:\/\/m50.lv\/lv\/wp-json\/wp\/v2\/product_tag?post=129432"}],"curies":[{"name":"wp","href":"https:\/\/api.w.org\/{rel}","templated":true}]}}