{"id":129531,"date":"2022-05-18T09:58:11","date_gmt":"2022-05-18T07:58:11","guid":{"rendered":"https:\/\/m50.lv\/shop\/vaira-viksne-organiskas-kokvilnas-t-krekls-jura-always-vintazas-melns\/"},"modified":"2026-02-23T14:43:29","modified_gmt":"2026-02-23T12:43:29","slug":"vaira-viksne-unisex-organic-cotton-t-shirt-jura-washed-black","status":"publish","type":"product","link":"https:\/\/m50.lv\/lv\/product\/vaira-viksne-unisex-organic-cotton-t-shirt-jura-washed-black\/","title":{"rendered":"Vaira V\u012bksne ORGANISKAS KOKVILNAS T-KREKLS \u201cJ\u016aRA (ALWAYS)\u201d | Vint\u0101\u017eas Melns"},"content":{"rendered":"<p style=\"background: white; margin: 0in 0in 12pt; text-align: left;\"><span style=\"font-family: 'Arial',sans-serif; color: black;\">SAST\u0100VS<\/span><\/p>\n<p style=\"background: white; margin: 0in 0in 12pt; text-align: left;\"><span style=\"font-family: 'Arial',sans-serif; color: black;\">T-krekls ir ra\u017eots no augstas kvalit\u0101tes, \u013coti m\u012bkstas un \u0113rtas, 100% organiskas un PETA sertific\u0113tas, kokvilnas.<br \/>\nTo uzvelkot, augumu ap\u0146em pat\u012bkams m\u012bkstums un maigums,<br \/>\nT-krekls atbilst visiem god\u012bgas tirdzniec\u012bbas un ilgtsp\u0113j\u012bgas ra\u017eo\u0161anas principiem, ra\u017eots Be\u013c\u0123ijas uz\u0146\u0113mum\u0101 Stanley\/Stella. Apdruk\u0101ts R\u012bg\u0101, sietspiedes tehnik\u0101.<\/span><\/p>\n<p style=\"background: white; margin: 0in 0in 12pt; text-align: left;\"><span style=\"font-family: 'Arial',sans-serif; color: black;\">Vint\u0101\u017eas meln\u0101 kr\u0101sa pie\u0161\u0137ir ap\u0123\u0113rbam bezr\u016bp\u012bgu mazg\u0101ta, pavalk\u0101ta krekla efektu. Nebaidies, krekls ir piln\u012bgi jauns un t\u0101 ir dizaina \u012bpatn\u012bba.<\/span><\/p>\n<p style=\"background: white; margin: 0in 0in 12pt; text-align: left;\"><span style=\"font-family: 'Arial',sans-serif; color: black;\">Ieteicams mazg\u0101t 30C gr\u0101du temperat\u016br\u0101, izgrie\u017eot iek\u0161pusi uz \u0101ru. Auduma bl\u012bvums: 180 G\/M\u00b2<\/span><\/p>\n","protected":false},"excerpt":{"rendered":"<p style=\"text-align: center;\">Ir tik da\u017e\u0101das izv\u0113les, v\u0113lmes un griba, kad dom\u0101jam par br\u012bvo laiku, atp\u016btu vai darbu boh\u0113mas noska\u0146\u0101s, kad j\u0101atrod \u012bst\u0101 vide, kur rado\u0161ajam izplesties. Starp t\u0101m izv\u0113l\u0113m iekl\u012bst daudz standarta pied\u0101v\u0101jumi \u2013 p\u0101rg\u0101jiens me\u017e\u0101 ar telt\u012bm, sviesta kruas\u0101ns pastaig\u0101joties starp centra latern\u0101m vai k\u0101dam v\u0113lme sastr\u012bd\u0113ties pie Monopola. Ir viena izv\u0113le, kas nekad neapniks un p\u0101rsit\u012bs iepriek\u0161 min\u0113t\u0101s ALWAYS. T\u0101 noteikti ir j\u016bra, t\u0101s seks\u012bg\u0101s pludmales smiltis, lielie vi\u013c\u0146i, kurus katrs var izmantot k\u0101 vien t\u012bk, tas zelta horizonts saulei rietot, kad \u016bdens ap\u0113d sauli un debesis k\u013c\u016bst s\u0101rtas. Ja Tev k\u0101ds jaut\u0101, tad\u2026J\u016bra ALWAYS!<\/p>\n","protected":false},"featured_media":129509,"template":"","meta":{"_jet_sm_ready_style":"","_jet_sm_style":"","_jet_sm_controls_values":"","_jet_sm_fonts_collection":"","_jet_sm_fonts_links":""},"pwb-brand":[1261],"product_cat":[105,104,107,103],"product_tag":[1438,1225,845,1368],"class_list":{"0":"post-129531","1":"product","2":"type-product","3":"status-publish","4":"has-post-thumbnail","6":"pwb-brand-vaira-viksne-lv","7":"product_cat-sievietem","8":"product_cat-t-krekli","9":"product_cat-t-krekli-sievietem","10":"product_cat-viriesiem","11":"product_tag-bestselleri-lv","12":"product_tag-jura-lv","13":"product_tag-t-krekli","14":"product_tag-tevu-diena","16":"first","17":"instock","18":"taxable","19":"shipping-taxable","20":"purchasable","21":"product-type-variable"},"raw_content":{"name":"Vaira V\u012bksne ORGANISKAS KOKVILNAS T-KREKLS \u201cJ\u016aRA (ALWAYS)\u201d | Vint\u0101\u017eas Melns","description":"<p style=\"background: white; margin: 0in 0in 12pt; text-align: left;\"><span style=\"font-family: 'Arial',sans-serif; color: black;\">SAST\u0100VS<\/span><\/p>\r\n<p style=\"background: white; margin: 0in 0in 12pt; text-align: left;\"><span style=\"font-family: 'Arial',sans-serif; color: black;\">T-krekls ir ra\u017eots no augstas kvalit\u0101tes, \u013coti m\u012bkstas un \u0113rtas, 100% organiskas un PETA sertific\u0113tas, kokvilnas.\r\nTo uzvelkot, augumu ap\u0146em pat\u012bkams m\u012bkstums un maigums,\r\nT-krekls atbilst visiem god\u012bgas tirdzniec\u012bbas un ilgtsp\u0113j\u012bgas ra\u017eo\u0161anas principiem, ra\u017eots Be\u013c\u0123ijas uz\u0146\u0113mum\u0101 Stanley\/Stella. Apdruk\u0101ts R\u012bg\u0101, sietspiedes tehnik\u0101.<\/span><\/p>\r\n<p style=\"background: white; margin: 0in 0in 12pt; text-align: left;\"><span style=\"font-family: 'Arial',sans-serif; color: black;\">Vint\u0101\u017eas meln\u0101 kr\u0101sa pie\u0161\u0137ir ap\u0123\u0113rbam bezr\u016bp\u012bgu mazg\u0101ta, pavalk\u0101ta krekla efektu. Nebaidies, krekls ir piln\u012bgi jauns un t\u0101 ir dizaina \u012bpatn\u012bba.<\/span><\/p>\r\n<p style=\"background: white; margin: 0in 0in 12pt; text-align: left;\"><span style=\"font-family: 'Arial',sans-serif; color: black;\">Ieteicams mazg\u0101t 30C gr\u0101du temperat\u016br\u0101, izgrie\u017eot iek\u0161pusi uz \u0101ru. Auduma bl\u012bvums: 180 G\/M\u00b2<\/span><\/p>","short_description":"<p style=\"text-align: center;\">Ir tik da\u017e\u0101das izv\u0113les, v\u0113lmes un griba, kad dom\u0101jam par br\u012bvo laiku, atp\u016btu vai darbu boh\u0113mas noska\u0146\u0101s, kad j\u0101atrod \u012bst\u0101 vide, kur rado\u0161ajam izplesties. Starp t\u0101m izv\u0113l\u0113m iekl\u012bst daudz standarta pied\u0101v\u0101jumi \u2013 p\u0101rg\u0101jiens me\u017e\u0101 ar telt\u012bm, sviesta kruas\u0101ns pastaig\u0101joties starp centra latern\u0101m vai k\u0101dam v\u0113lme sastr\u012bd\u0113ties pie Monopola. Ir viena izv\u0113le, kas nekad neapniks un p\u0101rsit\u012bs iepriek\u0161 min\u0113t\u0101s ALWAYS. T\u0101 noteikti ir j\u016bra, t\u0101s seks\u012bg\u0101s pludmales smiltis, lielie vi\u013c\u0146i, kurus katrs var izmantot k\u0101 vien t\u012bk, tas zelta horizonts saulei rietot, kad \u016bdens ap\u0113d sauli un debesis k\u013c\u016bst s\u0101rtas. Ja Tev k\u0101ds jaut\u0101, tad\u2026J\u016bra ALWAYS!<\/p>","status":"publish","sku":"VairaViksne-Jura-Unisex-Vintage-Black","original":129512},"wpml":{"translation_type":1,"has_translations":true,"original":129512,"duplicates":[],"translations":{"lv":129531,"en":129512}},"brands":[{"id":1261,"name":"Vaira V\u012bksne","slug":"vaira-viksne-lv"}],"_links":{"self":[{"href":"https:\/\/m50.lv\/lv\/wp-json\/wp\/v2\/product\/129531","targetHints":{"allow":["GET"]}}],"collection":[{"href":"https:\/\/m50.lv\/lv\/wp-json\/wp\/v2\/product"}],"about":[{"href":"https:\/\/m50.lv\/lv\/wp-json\/wp\/v2\/types\/product"}],"version-history":[{"count":0,"href":"https:\/\/m50.lv\/lv\/wp-json\/wp\/v2\/product\/129531\/revisions"}],"wp:featuredmedia":[{"embeddable":true,"href":"https:\/\/m50.lv\/lv\/wp-json\/wp\/v2\/media\/129509"}],"wp:attachment":[{"href":"https:\/\/m50.lv\/lv\/wp-json\/wp\/v2\/media?parent=129531"}],"wp:term":[{"taxonomy":"pwb-brand","embeddable":true,"href":"https:\/\/m50.lv\/lv\/wp-json\/wp\/v2\/pwb-brand?post=129531"},{"taxonomy":"product_cat","embeddable":true,"href":"https:\/\/m50.lv\/lv\/wp-json\/wp\/v2\/product_cat?post=129531"},{"taxonomy":"product_tag","embeddable":true,"href":"https:\/\/m50.lv\/lv\/wp-json\/wp\/v2\/product_tag?post=129531"}],"curies":[{"name":"wp","href":"https:\/\/api.w.org\/{rel}","templated":true}]}}