{"id":130087,"date":"2022-05-27T14:07:05","date_gmt":"2022-05-27T12:07:05","guid":{"rendered":"https:\/\/m50.lv\/shop\/m50-saules-svarki-melni\/"},"modified":"2026-02-23T14:43:29","modified_gmt":"2026-02-23T12:43:29","slug":"m50-saules-svarki-melni","status":"publish","type":"product","link":"https:\/\/m50.lv\/lv\/product\/m50-saules-svarki-melni\/","title":{"rendered":"M50 Saules Sv\u0101rki | MELNI"},"content":{"rendered":"<p style=\"text-align: left;\">Sast\u0101v\u0101 92% viskoze, 8% elast\u0101ns.<br \/>\nViegli kopjami, ilgi priec\u0113jo\u0161i.<\/p>\n<p style=\"text-align: left;\">Pa\u0161as valk\u0101jam un citiem iesak\u0101m. Velc tos k\u0101 sv\u0101rkus vai kleitu \u2013 izskat\u012bsies k\u0101 dieviete jebkur\u0101 gad\u012bjum\u0101. Skaista kr\u0101su gamma, ide\u0101li saskan ar krekli\u0146iem no M50 Basic kolekcijas!<\/p>\n<p style=\"text-align: left;\">Ra\u017eots Latvij\u0101<\/p>\n","protected":false},"excerpt":{"rendered":"<p style=\"text-align: center;\">Saules meitu sv\u0101rki &#8211; sievi\u0161\u0137\u012bbas un praktiskuma apvienojums! Vij\u012bgs, br\u012bvi kr\u012bto\u0161s griezums; \u0113rta, stingra un plata dubult\u0101 loc\u012bta jostas da\u013ca.<\/p>\n","protected":false},"featured_media":130015,"template":"","meta":{"_jet_sm_ready_style":"","_jet_sm_style":"","_jet_sm_controls_values":"","_jet_sm_fonts_collection":"","_jet_sm_fonts_links":""},"pwb-brand":[1249],"product_cat":[733,1306,105,594],"product_tag":[1234,1198,592],"class_list":{"0":"post-130087","1":"product","2":"type-product","3":"status-publish","4":"has-post-thumbnail","6":"pwb-brand-m50-lv","7":"product_cat-m50","8":"product_cat-second-skin-lv","9":"product_cat-sievietem","10":"product_cat-svarki","11":"product_tag-m50-originals-lv-2","12":"product_tag-m50-svarki","13":"product_tag-svarki","15":"first","16":"instock","17":"taxable","18":"shipping-taxable","19":"purchasable","20":"product-type-variable"},"raw_content":{"name":"M50 Saules Sv\u0101rki | MELNI","description":"<p style=\"text-align: left;\">Sast\u0101v\u0101 92% viskoze, 8% elast\u0101ns.\r\nViegli kopjami, ilgi priec\u0113jo\u0161i.<\/p>\r\n<p style=\"text-align: left;\">Pa\u0161as valk\u0101jam un citiem iesak\u0101m. Velc tos k\u0101 sv\u0101rkus vai kleitu \u2013 izskat\u012bsies k\u0101 dieviete jebkur\u0101 gad\u012bjum\u0101. Skaista kr\u0101su gamma, ide\u0101li saskan ar krekli\u0146iem no M50 Basic kolekcijas!<\/p>\r\n<p style=\"text-align: left;\">Ra\u017eots Latvij\u0101<\/p>","short_description":"<p style=\"text-align: center;\">Saules meitu sv\u0101rki - sievi\u0161\u0137\u012bbas un praktiskuma apvienojums! Vij\u012bgs, br\u012bvi kr\u012bto\u0161s griezums; \u0113rta, stingra un plata dubult\u0101 loc\u012bta jostas da\u013ca.<\/p>","status":"publish","sku":"M50-Sun-Skirt-black","original":130007},"wpml":{"translation_type":1,"has_translations":true,"original":130007,"duplicates":[],"translations":{"lv":130087,"en":130007}},"brands":[{"id":1249,"name":"M50","slug":"m50-lv"}],"_links":{"self":[{"href":"https:\/\/m50.lv\/lv\/wp-json\/wp\/v2\/product\/130087","targetHints":{"allow":["GET"]}}],"collection":[{"href":"https:\/\/m50.lv\/lv\/wp-json\/wp\/v2\/product"}],"about":[{"href":"https:\/\/m50.lv\/lv\/wp-json\/wp\/v2\/types\/product"}],"version-history":[{"count":0,"href":"https:\/\/m50.lv\/lv\/wp-json\/wp\/v2\/product\/130087\/revisions"}],"wp:featuredmedia":[{"embeddable":true,"href":"https:\/\/m50.lv\/lv\/wp-json\/wp\/v2\/media\/130015"}],"wp:attachment":[{"href":"https:\/\/m50.lv\/lv\/wp-json\/wp\/v2\/media?parent=130087"}],"wp:term":[{"taxonomy":"pwb-brand","embeddable":true,"href":"https:\/\/m50.lv\/lv\/wp-json\/wp\/v2\/pwb-brand?post=130087"},{"taxonomy":"product_cat","embeddable":true,"href":"https:\/\/m50.lv\/lv\/wp-json\/wp\/v2\/product_cat?post=130087"},{"taxonomy":"product_tag","embeddable":true,"href":"https:\/\/m50.lv\/lv\/wp-json\/wp\/v2\/product_tag?post=130087"}],"curies":[{"name":"wp","href":"https:\/\/api.w.org\/{rel}","templated":true}]}}