{"id":130655,"date":"2022-06-05T11:50:05","date_gmt":"2022-06-05T09:50:05","guid":{"rendered":"https:\/\/m50.lv\/product\/m50-kreklins-korallu-roza\/"},"modified":"2023-03-16T17:18:58","modified_gmt":"2023-03-16T15:18:58","slug":"m50-kreklins-korallu-roza","status":"publish","type":"product","link":"https:\/\/m50.lv\/lv\/product\/m50-kreklins-korallu-roza\/","title":{"rendered":"M50 krekli\u0146\u0161 | KORA\u013b\u013bU roz\u0101"},"content":{"rendered":"<p style=\"text-align: left;\">M50 fejas pa\u0161as valk\u0101 un citiem iesaka!<br \/>\nSkaista kr\u0101su gamma, izcili saskan ar legingiem no M50 kolekcijas!<\/p>\n<p style=\"text-align: left;\">Materi\u0101ls: 92% vikoze, 8% elast\u0101ns.<\/p>\n","protected":false},"excerpt":{"rendered":"<p style=\"text-align: center;\">Kolekcija \u201cSecond Skin\u201d ikdienai un sportam! Der k\u0101 uzliets \u2013 k\u0101 \u201cotr\u0101 \u0101di\u0146a\u201d. Krekli\u0146am ir apstr\u0101d\u0101ts kakla izgriezums, rokri\u0146\u0137i un apak\u0161mala.<\/p>\n","protected":false},"featured_media":130524,"template":"","meta":{"_jet_sm_ready_style":"","_jet_sm_style":"","_jet_sm_controls_values":"","_jet_sm_fonts_collection":"","_jet_sm_fonts_links":""},"pwb-brand":[1249],"product_cat":[1374,733,1306,105],"product_tag":[1474,850,1462],"class_list":{"0":"post-130655","1":"product","2":"type-product","3":"status-publish","4":"has-post-thumbnail","6":"pwb-brand-m50-lv","7":"product_cat-basic-top-lv","8":"product_cat-m50","9":"product_cat-second-skin-lv","10":"product_cat-sievietem","11":"product_tag-gifts-under-20e","12":"product_tag-second-skin-lv","13":"product_tag-second-skin-izpardosana","15":"first","16":"instock","17":"sale","18":"taxable","19":"shipping-taxable","20":"purchasable","21":"product-type-variable"},"raw_content":{"name":"M50 krekli\u0146\u0161 | KORA\u013b\u013bU roz\u0101","description":"<p style=\"text-align: left;\">M50 fejas pa\u0161as valk\u0101 un citiem iesaka!\r\nSkaista kr\u0101su gamma, izcili saskan ar legingiem no M50 kolekcijas!<\/p>\r\n<p style=\"text-align: left;\">Materi\u0101ls: 92% vikoze, 8% elast\u0101ns.<\/p>","short_description":"<p style=\"text-align: center;\">Kolekcija \u201cSecond Skin\u201d ikdienai un sportam! Der k\u0101 uzliets \u2013 k\u0101 \u201cotr\u0101 \u0101di\u0146a\u201d. Krekli\u0146am ir apstr\u0101d\u0101ts kakla izgriezums, rokri\u0146\u0137i un apak\u0161mala.<\/p>","status":"publish","sku":"m50-basictop-coral","original":130621},"wpml":{"translation_type":1,"has_translations":true,"original":130621,"duplicates":[],"translations":{"lv":130655,"en":130621}},"brands":[{"id":1249,"name":"M50","slug":"m50-lv"}],"_links":{"self":[{"href":"https:\/\/m50.lv\/lv\/wp-json\/wp\/v2\/product\/130655","targetHints":{"allow":["GET"]}}],"collection":[{"href":"https:\/\/m50.lv\/lv\/wp-json\/wp\/v2\/product"}],"about":[{"href":"https:\/\/m50.lv\/lv\/wp-json\/wp\/v2\/types\/product"}],"version-history":[{"count":0,"href":"https:\/\/m50.lv\/lv\/wp-json\/wp\/v2\/product\/130655\/revisions"}],"wp:featuredmedia":[{"embeddable":true,"href":"https:\/\/m50.lv\/lv\/wp-json\/wp\/v2\/media\/130524"}],"wp:attachment":[{"href":"https:\/\/m50.lv\/lv\/wp-json\/wp\/v2\/media?parent=130655"}],"wp:term":[{"taxonomy":"pwb-brand","embeddable":true,"href":"https:\/\/m50.lv\/lv\/wp-json\/wp\/v2\/pwb-brand?post=130655"},{"taxonomy":"product_cat","embeddable":true,"href":"https:\/\/m50.lv\/lv\/wp-json\/wp\/v2\/product_cat?post=130655"},{"taxonomy":"product_tag","embeddable":true,"href":"https:\/\/m50.lv\/lv\/wp-json\/wp\/v2\/product_tag?post=130655"}],"curies":[{"name":"wp","href":"https:\/\/api.w.org\/{rel}","templated":true}]}}