{"id":130772,"date":"2022-06-07T11:25:32","date_gmt":"2022-06-07T09:25:32","guid":{"rendered":"https:\/\/m50.lv\/product\/m50-dzemperis-peleks\/"},"modified":"2025-09-22T19:20:48","modified_gmt":"2025-09-22T17:20:48","slug":"m50-dzemperis-peleks","status":"publish","type":"product","link":"https:\/\/m50.lv\/lv\/product\/m50-dzemperis-peleks\/","title":{"rendered":"M50 D\u017eemperis | Pel\u0113ks"},"content":{"rendered":"<p style=\"text-align: left;\">Rad\u012bts Latvij\u0101.<\/p>\n","protected":false},"excerpt":{"rendered":"<p style=\"text-align: center;\">Kokvilnas d\u017eemperis ar 3\/4 regl\u0101na piedurkn\u0113m, pel\u0113ks, klasisks, saprotams. Velc to ar baltu bl\u016bzi vai zil\u0101m d\u017eins\u0101m \u2013 piest\u0101v\u0113s sv\u0113tku t\u0113rpam un priec\u0113s ikdienas gait\u0101s.<\/p>\n","protected":false},"featured_media":130755,"template":"","meta":{"_jet_sm_ready_style":"","_jet_sm_style":"","_jet_sm_controls_values":"","_jet_sm_fonts_collection":"","_jet_sm_fonts_links":""},"pwb-brand":[93],"product_cat":[60,911],"product_tag":[],"class_list":{"0":"post-130772","1":"product","2":"type-product","3":"status-publish","4":"has-post-thumbnail","6":"pwb-brand-m50","7":"product_cat-womens","8":"product_cat-tops-apparel","10":"first","11":"instock","12":"sale","13":"taxable","14":"shipping-taxable","15":"purchasable","16":"product-type-variable"},"raw_content":{"name":"M50 D\u017eemperis | Pel\u0113ks","description":"<p style=\"text-align: left;\">Rad\u012bts Latvij\u0101.<\/p>","short_description":"<p style=\"text-align: center;\">Kokvilnas d\u017eemperis ar 3\/4 regl\u0101na piedurkn\u0113m, pel\u0113ks, klasisks, saprotams. Velc to ar baltu bl\u016bzi vai zil\u0101m d\u017eins\u0101m \u2013 piest\u0101v\u0113s sv\u0113tku t\u0113rpam un priec\u0113s ikdienas gait\u0101s.<\/p>","status":"publish","sku":"m50-sweatshirt-gray","original":130747},"wpml":{"translation_type":1,"has_translations":true,"original":130747,"duplicates":[],"translations":{"lv":130772,"en":130747}},"brands":[{"id":1249,"name":"M50","slug":"m50-lv"}],"_links":{"self":[{"href":"https:\/\/m50.lv\/lv\/wp-json\/wp\/v2\/product\/130772","targetHints":{"allow":["GET"]}}],"collection":[{"href":"https:\/\/m50.lv\/lv\/wp-json\/wp\/v2\/product"}],"about":[{"href":"https:\/\/m50.lv\/lv\/wp-json\/wp\/v2\/types\/product"}],"version-history":[{"count":0,"href":"https:\/\/m50.lv\/lv\/wp-json\/wp\/v2\/product\/130772\/revisions"}],"wp:featuredmedia":[{"embeddable":true,"href":"https:\/\/m50.lv\/lv\/wp-json\/wp\/v2\/media\/130755"}],"wp:attachment":[{"href":"https:\/\/m50.lv\/lv\/wp-json\/wp\/v2\/media?parent=130772"}],"wp:term":[{"taxonomy":"pwb-brand","embeddable":true,"href":"https:\/\/m50.lv\/lv\/wp-json\/wp\/v2\/pwb-brand?post=130772"},{"taxonomy":"product_cat","embeddable":true,"href":"https:\/\/m50.lv\/lv\/wp-json\/wp\/v2\/product_cat?post=130772"},{"taxonomy":"product_tag","embeddable":true,"href":"https:\/\/m50.lv\/lv\/wp-json\/wp\/v2\/product_tag?post=130772"}],"curies":[{"name":"wp","href":"https:\/\/api.w.org\/{rel}","templated":true}]}}