{"id":130818,"date":"2022-06-07T11:45:25","date_gmt":"2022-06-07T09:45:25","guid":{"rendered":"https:\/\/m50.lv\/product\/schastia-zdorovja-zekes-sheep-baltas\/"},"modified":"2022-11-04T13:38:48","modified_gmt":"2022-11-04T10:38:48","slug":"schastia-zdorovja-zekes-sheep-baltas","status":"publish","type":"product","link":"https:\/\/m50.lv\/lv\/product\/schastia-zdorovja-zekes-sheep-baltas\/","title":{"rendered":"Schastia Zdorovja Ze\u0137es SHEEP Baltas"},"content":{"rendered":"<p style=\"text-align: left;\">97% kokvilna,<br \/>\n3% elast\u0101ns,<br \/>\nze\u0137u k\u0101ti\u0146\u0161 rievoti elast\u012bgs, labi piegu\u013c k\u0101jai.<br \/>\nPieejamie izm\u0113ri 35-39, 40-45<\/p>\n<p style=\"text-align: left;\">Ra\u017eots Ukrain\u0101<\/p>\n","protected":false},"excerpt":{"rendered":"<p style=\"text-align: center;\">Schastia Zdorovja ze\u0137es ar aiti\u0146u, kas saka ka bes\u012b. Der\u0113s un patiks tiem, kas saprot humorus. Patiks ar\u012b tiem, kas n\u0113s\u0101 ze\u0137es. Patiks ar\u012b tiem, kas nesaprot krievu valodu. Patiks ar\u012b tiem, kas saprot krievu un citas valodas.<\/p>\n","protected":false},"featured_media":130794,"template":"","meta":{"_jet_sm_ready_style":"","_jet_sm_style":"","_jet_sm_controls_values":"","_jet_sm_fonts_collection":"","_jet_sm_fonts_links":""},"pwb-brand":[1256],"product_cat":[101,567],"product_tag":[1396],"class_list":{"0":"post-130818","1":"product","2":"type-product","3":"status-publish","4":"has-post-thumbnail","6":"pwb-brand-schastia-zdorovia-lv","7":"product_cat-aksesuari","8":"product_cat-zekes","9":"product_tag-zem20-lv","11":"first","12":"outofstock","13":"taxable","14":"shipping-taxable","15":"purchasable","16":"product-type-variable"},"raw_content":{"name":"Schastia Zdorovja Ze\u0137es SHEEP Baltas","description":"<p style=\"text-align: left;\">97% kokvilna,\r\n3% elast\u0101ns,\r\nze\u0137u k\u0101ti\u0146\u0161 rievoti elast\u012bgs, labi piegu\u013c k\u0101jai.\r\nPieejamie izm\u0113ri 35-39, 40-45<\/p>\r\n<p style=\"text-align: left;\">Ra\u017eots Ukrain\u0101<\/p>","short_description":"<p style=\"text-align: center;\">Schastia Zdorovja ze\u0137es ar aiti\u0146u, kas saka ka bes\u012b. Der\u0113s un patiks tiem, kas saprot humorus. Patiks ar\u012b tiem, kas n\u0113s\u0101 ze\u0137es. Patiks ar\u012b tiem, kas nesaprot krievu valodu. Patiks ar\u012b tiem, kas saprot krievu un citas valodas.<\/p>","status":"publish","sku":"Schastia-socks-white","original":130782},"wpml":{"translation_type":1,"has_translations":true,"original":130782,"duplicates":[],"translations":{"lv":130818,"en":130782}},"brands":[{"id":1256,"name":"Schastia Zdorovia","slug":"schastia-zdorovia-lv"}],"_links":{"self":[{"href":"https:\/\/m50.lv\/lv\/wp-json\/wp\/v2\/product\/130818","targetHints":{"allow":["GET"]}}],"collection":[{"href":"https:\/\/m50.lv\/lv\/wp-json\/wp\/v2\/product"}],"about":[{"href":"https:\/\/m50.lv\/lv\/wp-json\/wp\/v2\/types\/product"}],"version-history":[{"count":0,"href":"https:\/\/m50.lv\/lv\/wp-json\/wp\/v2\/product\/130818\/revisions"}],"wp:featuredmedia":[{"embeddable":true,"href":"https:\/\/m50.lv\/lv\/wp-json\/wp\/v2\/media\/130794"}],"wp:attachment":[{"href":"https:\/\/m50.lv\/lv\/wp-json\/wp\/v2\/media?parent=130818"}],"wp:term":[{"taxonomy":"pwb-brand","embeddable":true,"href":"https:\/\/m50.lv\/lv\/wp-json\/wp\/v2\/pwb-brand?post=130818"},{"taxonomy":"product_cat","embeddable":true,"href":"https:\/\/m50.lv\/lv\/wp-json\/wp\/v2\/product_cat?post=130818"},{"taxonomy":"product_tag","embeddable":true,"href":"https:\/\/m50.lv\/lv\/wp-json\/wp\/v2\/product_tag?post=130818"}],"curies":[{"name":"wp","href":"https:\/\/api.w.org\/{rel}","templated":true}]}}