{"id":130821,"date":"2022-06-07T11:47:20","date_gmt":"2022-06-07T09:47:20","guid":{"rendered":"https:\/\/m50.lv\/product\/schastia-zdorovia-piespraude-burning-patriarchy\/"},"modified":"2022-12-09T15:44:45","modified_gmt":"2022-12-09T12:44:45","slug":"schastia-zdorovia-piespraude-burning-patriarchy","status":"publish","type":"product","link":"https:\/\/m50.lv\/lv\/product\/schastia-zdorovia-piespraude-burning-patriarchy\/","title":{"rendered":"Schastia Zdorovia Piespraude &#8220;Burning patriarchy&#8221;"},"content":{"rendered":"<p style=\"text-align: left;\">Materi\u0101ls: ni\u0137el\u0113ts misi\u0146\u0161<br \/>\nTauri\u0146a tipa aizdare<br \/>\nRa\u017eots Ukrain\u0101<\/p>\n","protected":false},"excerpt":{"rendered":"<p style=\"text-align: center;\">Izm\u0113rs: 2,5 cm x 3,5 cm.<\/p>\n","protected":false},"featured_media":168987,"template":"","meta":{"_jet_sm_ready_style":"","_jet_sm_style":"","_jet_sm_controls_values":"","_jet_sm_fonts_collection":"","_jet_sm_fonts_links":""},"pwb-brand":[1256],"product_cat":[204],"product_tag":[1474],"class_list":{"0":"post-130821","1":"product","2":"type-product","3":"status-publish","4":"has-post-thumbnail","6":"pwb-brand-schastia-zdorovia-lv","7":"product_cat-piespraudes","8":"product_tag-gifts-under-20e","10":"first","11":"instock","12":"taxable","13":"shipping-taxable","14":"purchasable","15":"product-type-simple"},"raw_content":{"name":"Schastia Zdorovia Piespraude \"Burning patriarchy\"","description":"<p style=\"text-align: left;\">Materi\u0101ls: ni\u0137el\u0113ts misi\u0146\u0161\r\nTauri\u0146a tipa aizdare\r\nRa\u017eots Ukrain\u0101<\/p>","short_description":"<p style=\"text-align: center;\">Izm\u0113rs: 2,5 cm x 3,5 cm.<\/p>","status":"publish","sku":"SZ-pin-burning-patri","original":130805},"wpml":{"translation_type":1,"has_translations":true,"original":130805,"duplicates":[],"translations":{"lv":130821,"en":130805}},"brands":[{"id":1256,"name":"Schastia Zdorovia","slug":"schastia-zdorovia-lv"}],"_links":{"self":[{"href":"https:\/\/m50.lv\/lv\/wp-json\/wp\/v2\/product\/130821","targetHints":{"allow":["GET"]}}],"collection":[{"href":"https:\/\/m50.lv\/lv\/wp-json\/wp\/v2\/product"}],"about":[{"href":"https:\/\/m50.lv\/lv\/wp-json\/wp\/v2\/types\/product"}],"version-history":[{"count":0,"href":"https:\/\/m50.lv\/lv\/wp-json\/wp\/v2\/product\/130821\/revisions"}],"wp:featuredmedia":[{"embeddable":true,"href":"https:\/\/m50.lv\/lv\/wp-json\/wp\/v2\/media\/168987"}],"wp:attachment":[{"href":"https:\/\/m50.lv\/lv\/wp-json\/wp\/v2\/media?parent=130821"}],"wp:term":[{"taxonomy":"pwb-brand","embeddable":true,"href":"https:\/\/m50.lv\/lv\/wp-json\/wp\/v2\/pwb-brand?post=130821"},{"taxonomy":"product_cat","embeddable":true,"href":"https:\/\/m50.lv\/lv\/wp-json\/wp\/v2\/product_cat?post=130821"},{"taxonomy":"product_tag","embeddable":true,"href":"https:\/\/m50.lv\/lv\/wp-json\/wp\/v2\/product_tag?post=130821"}],"curies":[{"name":"wp","href":"https:\/\/api.w.org\/{rel}","templated":true}]}}