{"id":130822,"date":"2022-06-07T11:48:01","date_gmt":"2022-06-07T09:48:01","guid":{"rendered":"https:\/\/m50.lv\/product\/schastia-zdorovia-piespraude-%d0%b2-%d1%81%d0%bc%d1%8b%d1%81%d0%bb%d0%b5-%d0%bd%d0%b5%d1%82-%d0%b2%d0%b8%d0%bd%d0%b8%d1%88%d0%ba%d0%b0\/"},"modified":"2022-06-07T12:48:01","modified_gmt":"2022-06-07T09:48:01","slug":"schastia-zdorovia-piespraude-%d0%b2-%d1%81%d0%bc%d1%8b%d1%81%d0%bb%d0%b5-%d0%bd%d0%b5%d1%82-%d0%b2%d0%b8%d0%bd%d0%b8%d1%88%d0%ba%d0%b0","status":"publish","type":"product","link":"https:\/\/m50.lv\/lv\/product\/schastia-zdorovia-piespraude-%d0%b2-%d1%81%d0%bc%d1%8b%d1%81%d0%bb%d0%b5-%d0%bd%d0%b5%d1%82-%d0%b2%d0%b8%d0%bd%d0%b8%d1%88%d0%ba%d0%b0\/","title":{"rendered":"Schastia Zdorovia Piespraude &#8220;\u0412 \u0421\u041c\u042b\u0421\u041b\u0415 \u041d\u0415\u0422 \u0412\u0418\u041d\u0418\u0428\u041a\u0410&#8221;"},"content":{"rendered":"<p style=\"text-align: left;\">Materi\u0101ls: ni\u0137el\u0113ts misi\u0146\u0161<br \/>\nTauri\u0146a tipa aizdare<br \/>\nRa\u017eots Ukrain\u0101<\/p>\n","protected":false},"excerpt":{"rendered":"<p style=\"text-align: center;\">Izm\u0113rs: 2,5 cm x 2 cm.<\/p>\n","protected":false},"featured_media":168983,"template":"","meta":{"_jet_sm_ready_style":"","_jet_sm_style":"","_jet_sm_controls_values":"","_jet_sm_fonts_collection":"","_jet_sm_fonts_links":""},"pwb-brand":[1256],"product_cat":[204],"product_tag":[1396],"class_list":{"0":"post-130822","1":"product","2":"type-product","3":"status-publish","4":"has-post-thumbnail","6":"pwb-brand-schastia-zdorovia-lv","7":"product_cat-piespraudes","8":"product_tag-zem20-lv","10":"first","11":"instock","12":"taxable","13":"shipping-taxable","14":"purchasable","15":"product-type-simple"},"raw_content":{"name":"Schastia Zdorovia Piespraude \"\u0412 \u0421\u041c\u042b\u0421\u041b\u0415 \u041d\u0415\u0422 \u0412\u0418\u041d\u0418\u0428\u041a\u0410\"","description":"<p style=\"text-align: left;\">Materi\u0101ls: ni\u0137el\u0113ts misi\u0146\u0161\r\nTauri\u0146a tipa aizdare\r\nRa\u017eots Ukrain\u0101<\/p>","short_description":"<p style=\"text-align: center;\">Izm\u0113rs: 2,5 cm x 2 cm.<\/p>","status":"publish","sku":"SZ-2000000702780","original":130806},"wpml":{"translation_type":1,"has_translations":true,"original":130806,"duplicates":[],"translations":{"lv":130822,"en":130806}},"brands":[{"id":1256,"name":"Schastia Zdorovia","slug":"schastia-zdorovia-lv"}],"_links":{"self":[{"href":"https:\/\/m50.lv\/lv\/wp-json\/wp\/v2\/product\/130822","targetHints":{"allow":["GET"]}}],"collection":[{"href":"https:\/\/m50.lv\/lv\/wp-json\/wp\/v2\/product"}],"about":[{"href":"https:\/\/m50.lv\/lv\/wp-json\/wp\/v2\/types\/product"}],"version-history":[{"count":0,"href":"https:\/\/m50.lv\/lv\/wp-json\/wp\/v2\/product\/130822\/revisions"}],"wp:featuredmedia":[{"embeddable":true,"href":"https:\/\/m50.lv\/lv\/wp-json\/wp\/v2\/media\/168983"}],"wp:attachment":[{"href":"https:\/\/m50.lv\/lv\/wp-json\/wp\/v2\/media?parent=130822"}],"wp:term":[{"taxonomy":"pwb-brand","embeddable":true,"href":"https:\/\/m50.lv\/lv\/wp-json\/wp\/v2\/pwb-brand?post=130822"},{"taxonomy":"product_cat","embeddable":true,"href":"https:\/\/m50.lv\/lv\/wp-json\/wp\/v2\/product_cat?post=130822"},{"taxonomy":"product_tag","embeddable":true,"href":"https:\/\/m50.lv\/lv\/wp-json\/wp\/v2\/product_tag?post=130822"}],"curies":[{"name":"wp","href":"https:\/\/api.w.org\/{rel}","templated":true}]}}