{"id":131177,"date":"2022-06-17T09:26:32","date_gmt":"2022-06-17T07:26:32","guid":{"rendered":"https:\/\/m50.lv\/product\/m50-majestatiskais-lina-crop-tops\/"},"modified":"2025-06-19T00:01:08","modified_gmt":"2025-06-18T22:01:08","slug":"m50-majestatiskais-lina-crop-tops","status":"publish","type":"product","link":"https:\/\/m50.lv\/lv\/product\/m50-majestatiskais-lina-crop-tops\/","title":{"rendered":"M50 Majest\u0101tiskais Lina crop tops"},"content":{"rendered":"<p style=\"text-align: left;\">Der\u0113s pie d\u017einsiem un \u0161orti\u0146iem, bet ar Majest\u0101tiskajiem lina sv\u0101rkiem, b\u016bs dievi\u0161\u0137\u012bgs tand\u0113ms.<br \/>\nGumijas savilkums piedurkn\u0113s un vidukl\u012b.<\/p>\n<p style=\"text-align: left;\">100% lins, \u0161\u016bts tepat Latvij\u0101.<br \/>\nVar mazg\u0101t ve\u013casma\u0161\u012bn\u0101, saudz\u012bgaj\u0101 re\u017e\u012bm\u0101 30C<\/p>\n","protected":false},"excerpt":{"rendered":"<p style=\"text-align: center;\">Elegants, br\u012bva fasona vasaras \u012bsais tops no m\u012bksta, mazg\u0101ta lina auduma &#8211; Izcils kompanjons vasaras piedz\u012bvojumiem.<\/p>\n","protected":false},"featured_media":131161,"template":"","meta":{"_jet_sm_ready_style":"","_jet_sm_style":"","_jet_sm_controls_values":"","_jet_sm_fonts_collection":"","_jet_sm_fonts_links":""},"pwb-brand":[1249],"product_cat":[733,105],"product_tag":[1508,1201],"class_list":{"0":"post-131177","1":"product","2":"type-product","3":"status-publish","4":"has-post-thumbnail","6":"pwb-brand-m50-lv","7":"product_cat-m50","8":"product_cat-sievietem","9":"product_tag-ipasais-piedavajums","10":"product_tag-m50-topi","12":"first","13":"instock","14":"sale","15":"taxable","16":"shipping-taxable","17":"purchasable","18":"product-type-variable"},"raw_content":{"name":"M50 Majest\u0101tiskais Lina crop tops","description":"<p style=\"text-align: left;\">Der\u0113s pie d\u017einsiem un \u0161orti\u0146iem, bet ar Majest\u0101tiskajiem lina sv\u0101rkiem, b\u016bs dievi\u0161\u0137\u012bgs tand\u0113ms.\r\nGumijas savilkums piedurkn\u0113s un vidukl\u012b.<\/p>\r\n<p style=\"text-align: left;\">100% lins, \u0161\u016bts tepat Latvij\u0101.\r\nVar mazg\u0101t ve\u013casma\u0161\u012bn\u0101, saudz\u012bgaj\u0101 re\u017e\u012bm\u0101 30C<\/p>","short_description":"<p style=\"text-align: center;\">Elegants, br\u012bva fasona vasaras \u012bsais tops no m\u012bksta, mazg\u0101ta lina auduma - Izcils kompanjons vasaras piedz\u012bvojumiem.<\/p>","status":"publish","sku":"M50-linen-croptop","original":131154},"wpml":{"translation_type":1,"has_translations":true,"original":131154,"duplicates":[],"translations":{"lv":131177,"en":131154}},"brands":[{"id":1249,"name":"M50","slug":"m50-lv"}],"_links":{"self":[{"href":"https:\/\/m50.lv\/lv\/wp-json\/wp\/v2\/product\/131177","targetHints":{"allow":["GET"]}}],"collection":[{"href":"https:\/\/m50.lv\/lv\/wp-json\/wp\/v2\/product"}],"about":[{"href":"https:\/\/m50.lv\/lv\/wp-json\/wp\/v2\/types\/product"}],"version-history":[{"count":0,"href":"https:\/\/m50.lv\/lv\/wp-json\/wp\/v2\/product\/131177\/revisions"}],"wp:featuredmedia":[{"embeddable":true,"href":"https:\/\/m50.lv\/lv\/wp-json\/wp\/v2\/media\/131161"}],"wp:attachment":[{"href":"https:\/\/m50.lv\/lv\/wp-json\/wp\/v2\/media?parent=131177"}],"wp:term":[{"taxonomy":"pwb-brand","embeddable":true,"href":"https:\/\/m50.lv\/lv\/wp-json\/wp\/v2\/pwb-brand?post=131177"},{"taxonomy":"product_cat","embeddable":true,"href":"https:\/\/m50.lv\/lv\/wp-json\/wp\/v2\/product_cat?post=131177"},{"taxonomy":"product_tag","embeddable":true,"href":"https:\/\/m50.lv\/lv\/wp-json\/wp\/v2\/product_tag?post=131177"}],"curies":[{"name":"wp","href":"https:\/\/api.w.org\/{rel}","templated":true}]}}