{"id":131199,"date":"2022-06-17T14:50:12","date_gmt":"2022-06-17T12:55:08","guid":{"rendered":"https:\/\/m50.lv\/?post_type=product&#038;p=131199"},"modified":"2022-06-17T16:02:07","modified_gmt":"2022-06-17T13:02:07","slug":"majestatiskais-sets","status":"publish","type":"product","link":"https:\/\/m50.lv\/lv\/product\/majestatiskais-sets\/","title":{"rendered":"Majest\u0101tiskais Sets"},"content":{"rendered":"<p style=\"text-align: left;\">Komplekt\u0101 ar \u012bso topi\u0146u b\u016bsi drosm\u012bga un neatvair\u0101ma \u0161ai vasar\u0101!<br \/>\nGumijas savilkums vidukl\u012b.<\/p>\n<p style=\"text-align: left;\">100% lins, \u0161\u016bts tepat Latvij\u0101.<br \/>\nVar mazg\u0101t ve\u013casma\u0161\u012bn\u0101, saudz\u012bgaj\u0101 re\u017e\u012bm\u0101 30C.<\/p>\n<p style=\"text-align: left;\">Sv\u0101rki ir gari un br\u012bvi &#8211; ieskaties pievienotaj\u0101 izm\u0113ru tabul\u0101<\/p>\n","protected":false},"excerpt":{"rendered":"<p>Komplekt\u0101 ar \u012bso topi\u0146u b\u016bsi drosm\u012bga un neatvair\u0101ma \u0161ai vasar\u0101! Gumijas savilkums vidukl\u012b. 100% lins, \u0161\u016bts tepat Latvij\u0101. Var mazg\u0101t ve\u013casma\u0161\u012bn\u0101, saudz\u012bgaj\u0101 re\u017e\u012bm\u0101 30C. Sv\u0101rki ir gari un br\u012bvi &#8211; ieskaties pievienotaj\u0101 izm\u0113ru tabul\u0101<\/p>\n","protected":false},"featured_media":131167,"template":"","meta":{"_jet_sm_ready_style":"","_jet_sm_style":"","_jet_sm_controls_values":"","_jet_sm_fonts_collection":"","_jet_sm_fonts_links":""},"pwb-brand":[1249],"product_cat":[106,105,583],"product_tag":[1415],"class_list":{"0":"post-131199","1":"product","2":"type-product","3":"status-publish","4":"has-post-thumbnail","6":"pwb-brand-m50-lv","7":"product_cat-kleitas","8":"product_cat-sievietem","9":"product_cat-uncategorized-lv","10":"product_tag-atlaides","12":"first","13":"outofstock","14":"sale","15":"taxable","16":"shipping-taxable","17":"purchasable","18":"product-type-simple"},"raw_content":{"name":"Majest\u0101tiskais Sets","description":"<p style=\"text-align: left;\">Komplekt\u0101 ar \u012bso topi\u0146u b\u016bsi drosm\u012bga un neatvair\u0101ma \u0161ai vasar\u0101!\r\nGumijas savilkums vidukl\u012b.<\/p>\r\n<p style=\"text-align: left;\">100% lins, \u0161\u016bts tepat Latvij\u0101.\r\nVar mazg\u0101t ve\u013casma\u0161\u012bn\u0101, saudz\u012bgaj\u0101 re\u017e\u012bm\u0101 30C.<\/p>\r\n<p style=\"text-align: left;\">Sv\u0101rki ir gari un br\u012bvi - ieskaties pievienotaj\u0101 izm\u0113ru tabul\u0101<\/p>","short_description":"","status":"publish","sku":"06F8-AB5C92","original":131198},"wpml":{"translation_type":1,"has_translations":true,"original":131198,"duplicates":[],"translations":{"lv":131199,"en":131198}},"brands":[{"id":1249,"name":"M50","slug":"m50-lv"}],"_links":{"self":[{"href":"https:\/\/m50.lv\/lv\/wp-json\/wp\/v2\/product\/131199","targetHints":{"allow":["GET"]}}],"collection":[{"href":"https:\/\/m50.lv\/lv\/wp-json\/wp\/v2\/product"}],"about":[{"href":"https:\/\/m50.lv\/lv\/wp-json\/wp\/v2\/types\/product"}],"version-history":[{"count":0,"href":"https:\/\/m50.lv\/lv\/wp-json\/wp\/v2\/product\/131199\/revisions"}],"wp:featuredmedia":[{"embeddable":true,"href":"https:\/\/m50.lv\/lv\/wp-json\/wp\/v2\/media\/131167"}],"wp:attachment":[{"href":"https:\/\/m50.lv\/lv\/wp-json\/wp\/v2\/media?parent=131199"}],"wp:term":[{"taxonomy":"pwb-brand","embeddable":true,"href":"https:\/\/m50.lv\/lv\/wp-json\/wp\/v2\/pwb-brand?post=131199"},{"taxonomy":"product_cat","embeddable":true,"href":"https:\/\/m50.lv\/lv\/wp-json\/wp\/v2\/product_cat?post=131199"},{"taxonomy":"product_tag","embeddable":true,"href":"https:\/\/m50.lv\/lv\/wp-json\/wp\/v2\/product_tag?post=131199"}],"curies":[{"name":"wp","href":"https:\/\/api.w.org\/{rel}","templated":true}]}}